{"id":6812,"date":"2022-05-04T14:40:49","date_gmt":"2022-05-04T13:40:49","guid":{"rendered":"https:\/\/www.ab-science.com\/liste-des-centres-participant-a-letude-sur-la-sclerose-laterale-amyotrophique\/"},"modified":"2022-05-09T09:49:05","modified_gmt":"2022-05-09T08:49:05","slug":"liste-des-centres-participant-a-l-etude-sur-la-sclerose-laterale-amyotrophique","status":"publish","type":"page","link":"https:\/\/www.ab-science.com\/fr\/liste-des-centres-participant-a-l-etude-sur-la-sclerose-laterale-amyotrophique\/","title":{"rendered":"Liste des centres participant \u00e0 l&rsquo;\u00e9tude sur la scl\u00e9rose lat\u00e9rale amyotrophique"},"content":{"rendered":"<div class=\"wpb-content-wrapper\"><p>[vc_row][vc_column][vc_column_text]<\/p>\n<table>\n<tbody>\n<tr style=\"background-color: #00477a;\">\n<td style=\"color: #fff; font-weight: 600;\"><strong>Pays<\/strong><\/td>\n<td style=\"color: #fff; font-weight: 600;\"><strong>Ville<\/strong><\/td>\n<td style=\"color: #fff; font-weight: 600;\"><strong>Nom du site<\/strong><\/td>\n<\/tr>\n<tr>\n<td style=\"border: none !important;\" colspan=\"3\"><\/td>\n<\/tr>\n<tr>\n<td>ARGENTINE<\/td>\n<td>Buenos Aires<\/td>\n<td>STAT Research<\/td>\n<\/tr>\n<tr>\n<td>ARGENTINE<\/td>\n<td>Buenos Aires<\/td>\n<td>Hospital General de Agudos Ramos Mejia<\/td>\n<\/tr>\n<tr>\n<td>ARGENTINE<\/td>\n<td>Buenos Aires<\/td>\n<td>Fundaci\u00f3n para la Lucha contra las Enfermedades Neurol\u00f3gicas de la Infancia &#8211; FLENI<\/td>\n<\/tr>\n<tr>\n<td style=\"border: none !important;\" colspan=\"3\"><\/td>\n<\/tr>\n<tr>\n<td>BELGIQUE<\/td>\n<td>Louvain<\/td>\n<td>University Hospital Leuven (UZ Leuven)<\/td>\n<\/tr>\n<tr>\n<td style=\"border: none !important;\" colspan=\"3\"><\/td>\n<\/tr>\n<tr>\n<td>DANEMARK<\/td>\n<td>Copenhague<\/td>\n<td>Bispebjerg Hospital, K\u00f6penhamn DANEMARK<\/td>\n<\/tr>\n<tr>\n<td style=\"border: none !important;\" colspan=\"3\"><\/td>\n<\/tr>\n<tr>\n<td>FRANCE<\/td>\n<td>Limoges<\/td>\n<td>CHU de Limoges &#8211; H\u00f4pital Dupuytren<\/td>\n<\/tr>\n<tr>\n<td>FRANCE<\/td>\n<td>Tours<\/td>\n<td>CHRU de Tours &#8211; Hopital Bretonneau<\/td>\n<\/tr>\n<tr>\n<td>FRANCE<\/td>\n<td>Nice<\/td>\n<td>H\u00f4pital Pasteur 2<br \/>\nCentre de Reference SLA et autres maladies du Neurone Moteur<br \/>\nPole Neurosciences Cliniques<\/td>\n<\/tr>\n<tr>\n<td>FRANCE<\/td>\n<td>Montpellier<\/td>\n<td>CHRU de Montpellier \u2013 Gui de Chauliac<\/td>\n<\/tr>\n<tr>\n<td>FRANCE<\/td>\n<td>Bron<\/td>\n<td>H\u00f4pital neurologique Pierre Wertheimer<\/td>\n<\/tr>\n<tr>\n<td>FRANCE<\/td>\n<td>Lille<\/td>\n<td>CHU de Lille &#8211; Hopital Roger Salengro<\/td>\n<\/tr>\n<tr>\n<td>FRANCE<\/td>\n<td>Angers<\/td>\n<td>CHU de Angers<\/td>\n<\/tr>\n<tr>\n<td>FRANCE<\/td>\n<td>Clermont-Ferrand<\/td>\n<td>CHU Gabriel Montpied<\/td>\n<\/tr>\n<tr>\n<td>FRANCE<\/td>\n<td>Nancy<\/td>\n<td>CHU de Nancy &#8211; Hopital Central<\/td>\n<\/tr>\n<tr>\n<td>FRANCE<\/td>\n<td>Marseille<\/td>\n<td>CHU de Marseille &#8211; H\u00f4pital de la Timone<\/td>\n<\/tr>\n<tr>\n<td>FRANCE<\/td>\n<td>Bordeaux<\/td>\n<td>Groupe Hospitalier Pellegrin Tripode<\/td>\n<\/tr>\n<tr>\n<td style=\"border: none !important;\" colspan=\"3\"><\/td>\n<\/tr>\n<tr>\n<td>ALLEMAGNE<\/td>\n<td>Ulm<\/td>\n<td>University of Ulm<\/td>\n<\/tr>\n<tr>\n<td>ALLEMAGNE<\/td>\n<td>Berlin<\/td>\n<td>Charit\u00e9-Universitatsmedizin Berlin<\/td>\n<\/tr>\n<tr>\n<td>ALLEMAGNE<\/td>\n<td>Hanovre<\/td>\n<td>MedizinischeHochschule Hannover Neurologische Poliklinik Bereich ALS<\/td>\n<\/tr>\n<tr>\n<td style=\"border: none !important;\" colspan=\"3\"><\/td>\n<\/tr>\n<tr>\n<td>GR\u00c8CE<\/td>\n<td>Rio<\/td>\n<td>University General Hospital of Patra<\/td>\n<\/tr>\n<tr>\n<td>GR\u00c8CE<\/td>\n<td>Ath\u00e8nes<\/td>\n<td>Naval Hospital of Athens<\/td>\n<\/tr>\n<tr>\n<td>GR\u00c8CE<\/td>\n<td>Ath\u00e8nes<\/td>\n<td>EGINITION Hospital<\/td>\n<\/tr>\n<tr>\n<td>GR\u00c8CE<\/td>\n<td>Larissa<\/td>\n<td>University General Hospital Larisas<\/td>\n<\/tr>\n<tr>\n<td style=\"border: none !important;\" colspan=\"3\"><\/td>\n<\/tr>\n<tr>\n<td>ISRA\u00cbL<\/td>\n<td>Tel Aviv<\/td>\n<td>Tel-Aviv Medical Center<br \/>\nH\u00f4pital Sourasky (ICHILOV)<\/td>\n<\/tr>\n<tr>\n<td>ISRA\u00cbL<\/td>\n<td>J\u00e9rusalem<\/td>\n<td>Hadassah University Hospital<\/td>\n<\/tr>\n<tr>\n<td style=\"border: none !important;\" colspan=\"3\"><\/td>\n<\/tr>\n<tr>\n<td>ITALIE<\/td>\n<td>Milan<\/td>\n<td>Centro Clinico Nemo-Ospedale Niguarda Ca&rsquo;Granda<\/td>\n<\/tr>\n<tr>\n<td>ITALIE<\/td>\n<td>Turin<\/td>\n<td>CentroRegionale Esperto per la Sclerosi Laterale Amiotrofica<\/td>\n<\/tr>\n<tr>\n<td>ITALIE<\/td>\n<td>Milan<\/td>\n<td>Ospedale S.Raffaele IRCCS<\/td>\n<\/tr>\n<tr>\n<td>ITALIE<\/td>\n<td>Milan<\/td>\n<td>Istituto Auxologico Ospedale San Luca<\/td>\n<\/tr>\n<tr>\n<td>ITALIE<\/td>\n<td>Milan<\/td>\n<td>IRCCS Foundation \u00ab\u00a0Carlo Besta\u00a0\u00bb Neurological lnstitute<\/td>\n<\/tr>\n<tr>\n<td>ITALIE<\/td>\n<td>Milan<\/td>\n<td>ICS Maugeri<\/td>\n<\/tr>\n<tr>\n<td>ITALIE<\/td>\n<td>Pavie<\/td>\n<td>IRCCS Mondino Foundation<\/td>\n<\/tr>\n<tr>\n<td>ITALIE<\/td>\n<td>Gussago<\/td>\n<td>Centro Clinico NeMO<br \/>\nFondazione Serena Onlus<\/td>\n<\/tr>\n<tr>\n<td>ITALIE<\/td>\n<td>Mod\u00e8ne<\/td>\n<td>Azienda Ospedaliero-Universitaria di Modena<\/td>\n<\/tr>\n<tr>\n<td>ITALIE<\/td>\n<td>Novare<\/td>\n<td>Azienda Ospedaliera Universitaria<\/td>\n<\/tr>\n<tr>\n<td>ITALIE<\/td>\n<td>Padoue<\/td>\n<td>Azienda Ospedaliera Universitaria di Padova<\/td>\n<\/tr>\n<tr>\n<td>ITALIE<\/td>\n<td>Brescia<\/td>\n<td>ASST degli Spedali Civili di Brescia<br \/>\nPO Spedali Civili di Brescia<\/td>\n<\/tr>\n<tr>\n<td style=\"border: none !important;\" colspan=\"3\"><\/td>\n<\/tr>\n<tr>\n<td>NORV\u00c8GE<\/td>\n<td>Oslo<\/td>\n<td>Oslo University Hospital HF Ullev\u00e5l<\/td>\n<\/tr>\n<tr>\n<td style=\"border: none !important;\" colspan=\"3\"><\/td>\n<\/tr>\n<tr>\n<td>POLOGNE<\/td>\n<td>Varsovie<\/td>\n<td>City Clinic Sp. z o.o.<\/td>\n<\/tr>\n<tr>\n<td>POLOGNE<\/td>\n<td>Bydgoszcz<\/td>\n<td>Centrum Medyczne Neuromed<\/td>\n<\/tr>\n<tr>\n<td style=\"border: none !important;\" colspan=\"3\"><\/td>\n<\/tr>\n<tr>\n<td>PORTUGAL<\/td>\n<td>Lisbonne<\/td>\n<td>Centro Hospitalar Lisboa Norte Hospital Santa Maria<\/td>\n<\/tr>\n<tr>\n<td style=\"border: none !important;\" colspan=\"3\"><\/td>\n<\/tr>\n<tr>\n<td>RUSSIE<\/td>\n<td>Moscou<\/td>\n<td>Moscow city clinical<br \/>\nHospital after V.M. Buyanov<\/td>\n<\/tr>\n<tr>\n<td>RUSSIE<\/td>\n<td>Novosibirsk<\/td>\n<td>Scientific Practical Medical Center \u201cInnovation and Health\u201d<\/td>\n<\/tr>\n<tr>\n<td style=\"border: none !important;\" colspan=\"3\"><\/td>\n<\/tr>\n<tr>\n<td>SERBIE<\/td>\n<td>Belgrade<\/td>\n<td>Clinical Centre of Serbia<\/td>\n<\/tr>\n<tr>\n<td style=\"border: none !important;\" colspan=\"3\"><\/td>\n<\/tr>\n<tr>\n<td>SLOV\u00c9NIE<\/td>\n<td>Ljubljana<\/td>\n<td>Klinicni center Ljubljana<\/td>\n<\/tr>\n<tr>\n<td style=\"border: none !important;\" colspan=\"3\"><\/td>\n<\/tr>\n<tr>\n<td>ESPAGNE<\/td>\n<td>Madrid<\/td>\n<td>Hospital Carlos III<\/td>\n<\/tr>\n<tr>\n<td>ESPAGNE<\/td>\n<td>Madrid<\/td>\n<td>Hospital San Rafael<\/td>\n<\/tr>\n<tr>\n<td>ESPAGNE<\/td>\n<td>Barcelone<\/td>\n<td>Hospital Universitari de Bellvitge<\/td>\n<\/tr>\n<tr>\n<td>ESPAGNE<\/td>\n<td>Valence<\/td>\n<td>Hospital Universitario y Politecnico La Fe<\/td>\n<\/tr>\n<tr>\n<td>ESPAGNE<\/td>\n<td>Saint-Jacques-de-Compostelle<\/td>\n<td>Clinical Hospital Santiago de Compostela<\/td>\n<\/tr>\n<tr>\n<td style=\"border: none !important;\" colspan=\"3\"><\/td>\n<\/tr>\n<tr>\n<td>SU\u00c8DE<\/td>\n<td>Ume\u00e5<\/td>\n<td>Norrlands universitetssjukhus<\/td>\n<\/tr>\n<tr>\n<td>SU\u00c8DE<\/td>\n<td>Malm\u00f6<\/td>\n<td>University Hospital Departement of neurology; Sk\u00e5ne<\/td>\n<\/tr>\n<tr>\n<td>SU\u00c8DE<\/td>\n<td>Karlstad<\/td>\n<td>NR-kliniken; Centralsjukhuset i Karlstad<\/td>\n<\/tr>\n<tr>\n<td style=\"border: none !important;\" colspan=\"3\"><\/td>\n<\/tr>\n<tr>\n<td>UKRAINE<\/td>\n<td>Kharkiv<\/td>\n<td>The State Institution of Neurology, Psychiatry and Narcology of NAMS of Ukraine<\/td>\n<\/tr>\n<tr>\n<td>UKRAINE<\/td>\n<td>Kiev<\/td>\n<td>Medical Centre \u201cDopomoha-plus\u201d LLC<\/td>\n<\/tr>\n<tr>\n<td>UKRAINE<\/td>\n<td>Lviv<\/td>\n<td>Communal Nonprofit Enterprise of Lviv Regional Council<br \/>\n\u00ab\u00a0Lviv Regional Clinical Hospital\u00a0\u00bb, department of neurology<\/td>\n<\/tr>\n<tr>\n<td style=\"border: none !important;\" colspan=\"3\"><\/td>\n<\/tr>\n<tr>\n<td>\u00c9TATS-UNIS<\/td>\n<td>Baltimore<\/td>\n<td>Johns Hopkins University Hospital<\/td>\n<\/tr>\n<tr>\n<td>\u00c9TATS-UNIS<\/td>\n<td>Birmingham<\/td>\n<td>The University of Alabama at Birmingham<br \/>\nDepartment of Neurology, Division of Neuromuscular Disease<\/td>\n<\/tr>\n<tr>\n<td>\u00c9TATS-UNIS<\/td>\n<td>Orange<\/td>\n<td>University of California, Irvine- ALS &amp; neuromuscular center<\/td>\n<\/tr>\n<tr>\n<td>\u00c9TATS-UNIS<\/td>\n<td>Los Angeles<\/td>\n<td>University of Southern California<\/td>\n<\/tr>\n<tr>\n<td>\u00c9TATS-UNIS<\/td>\n<td>Lexington<\/td>\n<td>University of Kentucky<\/td>\n<\/tr>\n<tr>\n<td>\u00c9TATS-UNIS<\/td>\n<td>Chicago<\/td>\n<td>Northwestern Uni Feinberg School of Medicine<\/td>\n<\/tr>\n<tr>\n<td>\u00c9TATS-UNIS<\/td>\n<td>Burlington<\/td>\n<td>Lahey Hospital and Medical Center<\/td>\n<\/tr>\n<tr>\n<td>\u00c9TATS-UNIS<\/td>\n<td>Philadelphie<\/td>\n<td>Temple University \u2013 Of the Commonwealth System of Higher Education<\/td>\n<\/tr>\n<tr>\n<td>\u00c9TATS-UNIS<\/td>\n<td>New York<\/td>\n<td>Mount Sinai Downtown Union Square<\/td>\n<\/tr>\n<tr>\n<td>\u00c9TATS-UNIS<\/td>\n<td>Chicago<\/td>\n<td>University of Chicago Neurology<\/td>\n<\/tr>\n<\/tbody>\n<\/table>\n<p>[\/vc_column_text][\/vc_column][\/vc_row]<\/p>\n<\/div>","protected":false},"excerpt":{"rendered":"<p>[vc_row][vc_column][vc_column_text] Pays Ville Nom du site ARGENTINE Buenos Aires STAT Research ARGENTINE Buenos Aires Hospital General de Agudos Ramos Mejia ARGENTINE Buenos Aires Fundaci\u00f3n para la Lucha contra las Enfermedades Neurol\u00f3gicas de la Infancia &#8211; FLENI BELGIQUE Louvain University Hospital Leuven (UZ Leuven) DANEMARK Copenhague Bispebjerg Hospital, K\u00f6penhamn DANEMARK FRANCE Limoges CHU de Limoges &#8211;&hellip;<\/p>\n","protected":false},"author":1,"featured_media":0,"parent":0,"menu_order":0,"comment_status":"closed","ping_status":"closed","template":"","meta":{"footnotes":""},"class_list":["post-6812","page","type-page","status-publish","hentry","description-off"],"yoast_head":"<!-- This site is optimized with the Yoast SEO Premium plugin v27.2 (Yoast SEO v27.3) - https:\/\/yoast.com\/product\/yoast-seo-premium-wordpress\/ -->\n<title>Liste des centres participant \u00e0 l&#039;\u00e9tude sur la scl\u00e9rose lat\u00e9rale amyotrophique<\/title>\n<meta name=\"description\" content=\"Liste des centres participant \u00e0 l&#039;\u00e9tude sur la scl\u00e9rose lat\u00e9rale amyotrophique\" \/>\n<meta name=\"robots\" content=\"index, follow, max-snippet:-1, max-image-preview:large, max-video-preview:-1\" \/>\n<link rel=\"canonical\" href=\"https:\/\/www.ab-science.com\/fr\/liste-des-centres-participant-a-l-etude-sur-la-sclerose-laterale-amyotrophique\/\" \/>\n<meta property=\"og:locale\" content=\"fr_FR\" \/>\n<meta property=\"og:type\" content=\"article\" \/>\n<meta property=\"og:title\" content=\"Liste des centres participant \u00e0 l&#039;\u00e9tude sur la scl\u00e9rose lat\u00e9rale amyotrophique\" \/>\n<meta property=\"og:description\" content=\"Liste des centres participant \u00e0 l&#039;\u00e9tude sur la scl\u00e9rose lat\u00e9rale amyotrophique\" \/>\n<meta property=\"og:url\" content=\"https:\/\/www.ab-science.com\/fr\/liste-des-centres-participant-a-l-etude-sur-la-sclerose-laterale-amyotrophique\/\" \/>\n<meta property=\"og:site_name\" content=\"AB Science\" \/>\n<meta property=\"article:modified_time\" content=\"2022-05-09T08:49:05+00:00\" \/>\n<meta name=\"twitter:card\" content=\"summary_large_image\" \/>\n<meta name=\"twitter:label1\" content=\"Dur\u00e9e de lecture estim\u00e9e\" \/>\n\t<meta name=\"twitter:data1\" content=\"3 minutes\" \/>\n<script type=\"application\/ld+json\" class=\"yoast-schema-graph\">{\"@context\":\"https:\\\/\\\/schema.org\",\"@graph\":[{\"@type\":\"WebPage\",\"@id\":\"https:\\\/\\\/www.ab-science.com\\\/fr\\\/liste-des-centres-participant-a-l-etude-sur-la-sclerose-laterale-amyotrophique\\\/\",\"url\":\"https:\\\/\\\/www.ab-science.com\\\/fr\\\/liste-des-centres-participant-a-l-etude-sur-la-sclerose-laterale-amyotrophique\\\/\",\"name\":\"Liste des centres participant \u00e0 l'\u00e9tude sur la scl\u00e9rose lat\u00e9rale amyotrophique\",\"isPartOf\":{\"@id\":\"https:\\\/\\\/www.ab-science.com\\\/fr\\\/#website\"},\"datePublished\":\"2022-05-04T13:40:49+00:00\",\"dateModified\":\"2022-05-09T08:49:05+00:00\",\"description\":\"Liste des centres participant \u00e0 l'\u00e9tude sur la scl\u00e9rose lat\u00e9rale amyotrophique\",\"breadcrumb\":{\"@id\":\"https:\\\/\\\/www.ab-science.com\\\/fr\\\/liste-des-centres-participant-a-l-etude-sur-la-sclerose-laterale-amyotrophique\\\/#breadcrumb\"},\"inLanguage\":\"fr-FR\",\"potentialAction\":[{\"@type\":\"ReadAction\",\"target\":[\"https:\\\/\\\/www.ab-science.com\\\/fr\\\/liste-des-centres-participant-a-l-etude-sur-la-sclerose-laterale-amyotrophique\\\/\"]}]},{\"@type\":\"BreadcrumbList\",\"@id\":\"https:\\\/\\\/www.ab-science.com\\\/fr\\\/liste-des-centres-participant-a-l-etude-sur-la-sclerose-laterale-amyotrophique\\\/#breadcrumb\",\"itemListElement\":[{\"@type\":\"ListItem\",\"position\":1,\"name\":\"Accueil\",\"item\":\"https:\\\/\\\/www.ab-science.com\\\/fr\\\/\"},{\"@type\":\"ListItem\",\"position\":2,\"name\":\"Liste des centres participant \u00e0 l&rsquo;\u00e9tude sur la scl\u00e9rose lat\u00e9rale amyotrophique\"}]},{\"@type\":\"WebSite\",\"@id\":\"https:\\\/\\\/www.ab-science.com\\\/fr\\\/#website\",\"url\":\"https:\\\/\\\/www.ab-science.com\\\/fr\\\/\",\"name\":\"AB Science\",\"description\":\"Masitinib and AB8939 \u2013 Two compounds with breakthrough mechanism of action\",\"publisher\":{\"@id\":\"https:\\\/\\\/www.ab-science.com\\\/fr\\\/#organization\"},\"potentialAction\":[{\"@type\":\"SearchAction\",\"target\":{\"@type\":\"EntryPoint\",\"urlTemplate\":\"https:\\\/\\\/www.ab-science.com\\\/fr\\\/?s={search_term_string}\"},\"query-input\":{\"@type\":\"PropertyValueSpecification\",\"valueRequired\":true,\"valueName\":\"search_term_string\"}}],\"inLanguage\":\"fr-FR\"},{\"@type\":\"Organization\",\"@id\":\"https:\\\/\\\/www.ab-science.com\\\/fr\\\/#organization\",\"name\":\"AB Science\",\"url\":\"https:\\\/\\\/www.ab-science.com\\\/fr\\\/\",\"logo\":{\"@type\":\"ImageObject\",\"inLanguage\":\"fr-FR\",\"@id\":\"https:\\\/\\\/www.ab-science.com\\\/fr\\\/#\\\/schema\\\/logo\\\/image\\\/\",\"url\":\"https:\\\/\\\/www.ab-science.com\\\/wp-content\\\/uploads\\\/2020\\\/11\\\/logo_ab-science-wh120.png\",\"contentUrl\":\"https:\\\/\\\/www.ab-science.com\\\/wp-content\\\/uploads\\\/2020\\\/11\\\/logo_ab-science-wh120.png\",\"width\":120,\"height\":120,\"caption\":\"AB Science\"},\"image\":{\"@id\":\"https:\\\/\\\/www.ab-science.com\\\/fr\\\/#\\\/schema\\\/logo\\\/image\\\/\"},\"sameAs\":[\"https:\\\/\\\/www.linkedin.com\\\/company\\\/ab-science\\\/\"]}]}<\/script>\n<!-- \/ Yoast SEO Premium plugin. -->","yoast_head_json":{"title":"Liste des centres participant \u00e0 l'\u00e9tude sur la scl\u00e9rose lat\u00e9rale amyotrophique","description":"Liste des centres participant \u00e0 l'\u00e9tude sur la scl\u00e9rose lat\u00e9rale amyotrophique","robots":{"index":"index","follow":"follow","max-snippet":"max-snippet:-1","max-image-preview":"max-image-preview:large","max-video-preview":"max-video-preview:-1"},"canonical":"https:\/\/www.ab-science.com\/fr\/liste-des-centres-participant-a-l-etude-sur-la-sclerose-laterale-amyotrophique\/","og_locale":"fr_FR","og_type":"article","og_title":"Liste des centres participant \u00e0 l'\u00e9tude sur la scl\u00e9rose lat\u00e9rale amyotrophique","og_description":"Liste des centres participant \u00e0 l'\u00e9tude sur la scl\u00e9rose lat\u00e9rale amyotrophique","og_url":"https:\/\/www.ab-science.com\/fr\/liste-des-centres-participant-a-l-etude-sur-la-sclerose-laterale-amyotrophique\/","og_site_name":"AB Science","article_modified_time":"2022-05-09T08:49:05+00:00","twitter_card":"summary_large_image","twitter_misc":{"Dur\u00e9e de lecture estim\u00e9e":"3 minutes"},"schema":{"@context":"https:\/\/schema.org","@graph":[{"@type":"WebPage","@id":"https:\/\/www.ab-science.com\/fr\/liste-des-centres-participant-a-l-etude-sur-la-sclerose-laterale-amyotrophique\/","url":"https:\/\/www.ab-science.com\/fr\/liste-des-centres-participant-a-l-etude-sur-la-sclerose-laterale-amyotrophique\/","name":"Liste des centres participant \u00e0 l'\u00e9tude sur la scl\u00e9rose lat\u00e9rale amyotrophique","isPartOf":{"@id":"https:\/\/www.ab-science.com\/fr\/#website"},"datePublished":"2022-05-04T13:40:49+00:00","dateModified":"2022-05-09T08:49:05+00:00","description":"Liste des centres participant \u00e0 l'\u00e9tude sur la scl\u00e9rose lat\u00e9rale amyotrophique","breadcrumb":{"@id":"https:\/\/www.ab-science.com\/fr\/liste-des-centres-participant-a-l-etude-sur-la-sclerose-laterale-amyotrophique\/#breadcrumb"},"inLanguage":"fr-FR","potentialAction":[{"@type":"ReadAction","target":["https:\/\/www.ab-science.com\/fr\/liste-des-centres-participant-a-l-etude-sur-la-sclerose-laterale-amyotrophique\/"]}]},{"@type":"BreadcrumbList","@id":"https:\/\/www.ab-science.com\/fr\/liste-des-centres-participant-a-l-etude-sur-la-sclerose-laterale-amyotrophique\/#breadcrumb","itemListElement":[{"@type":"ListItem","position":1,"name":"Accueil","item":"https:\/\/www.ab-science.com\/fr\/"},{"@type":"ListItem","position":2,"name":"Liste des centres participant \u00e0 l&rsquo;\u00e9tude sur la scl\u00e9rose lat\u00e9rale amyotrophique"}]},{"@type":"WebSite","@id":"https:\/\/www.ab-science.com\/fr\/#website","url":"https:\/\/www.ab-science.com\/fr\/","name":"AB Science","description":"Masitinib and AB8939 \u2013 Two compounds with breakthrough mechanism of action","publisher":{"@id":"https:\/\/www.ab-science.com\/fr\/#organization"},"potentialAction":[{"@type":"SearchAction","target":{"@type":"EntryPoint","urlTemplate":"https:\/\/www.ab-science.com\/fr\/?s={search_term_string}"},"query-input":{"@type":"PropertyValueSpecification","valueRequired":true,"valueName":"search_term_string"}}],"inLanguage":"fr-FR"},{"@type":"Organization","@id":"https:\/\/www.ab-science.com\/fr\/#organization","name":"AB Science","url":"https:\/\/www.ab-science.com\/fr\/","logo":{"@type":"ImageObject","inLanguage":"fr-FR","@id":"https:\/\/www.ab-science.com\/fr\/#\/schema\/logo\/image\/","url":"https:\/\/www.ab-science.com\/wp-content\/uploads\/2020\/11\/logo_ab-science-wh120.png","contentUrl":"https:\/\/www.ab-science.com\/wp-content\/uploads\/2020\/11\/logo_ab-science-wh120.png","width":120,"height":120,"caption":"AB Science"},"image":{"@id":"https:\/\/www.ab-science.com\/fr\/#\/schema\/logo\/image\/"},"sameAs":["https:\/\/www.linkedin.com\/company\/ab-science\/"]}]}},"_links":{"self":[{"href":"https:\/\/www.ab-science.com\/fr\/wp-json\/wp\/v2\/pages\/6812","targetHints":{"allow":["GET"]}}],"collection":[{"href":"https:\/\/www.ab-science.com\/fr\/wp-json\/wp\/v2\/pages"}],"about":[{"href":"https:\/\/www.ab-science.com\/fr\/wp-json\/wp\/v2\/types\/page"}],"author":[{"embeddable":true,"href":"https:\/\/www.ab-science.com\/fr\/wp-json\/wp\/v2\/users\/1"}],"replies":[{"embeddable":true,"href":"https:\/\/www.ab-science.com\/fr\/wp-json\/wp\/v2\/comments?post=6812"}],"version-history":[{"count":0,"href":"https:\/\/www.ab-science.com\/fr\/wp-json\/wp\/v2\/pages\/6812\/revisions"}],"wp:attachment":[{"href":"https:\/\/www.ab-science.com\/fr\/wp-json\/wp\/v2\/media?parent=6812"}],"curies":[{"name":"wp","href":"https:\/\/api.w.org\/{rel}","templated":true}]}}