{"id":4060,"date":"2020-11-04T13:36:14","date_gmt":"2020-11-04T12:36:14","guid":{"rendered":"https:\/\/www.ab-science.com\/carrieres\/chef-de-projet-clinique-h-f\/"},"modified":"2021-01-13T13:29:00","modified_gmt":"2021-01-13T12:29:00","slug":"chef-de-projet-clinique-h-f","status":"publish","type":"page","link":"https:\/\/www.ab-science.com\/fr\/carrieres\/chef-de-projet-clinique-h-f\/","title":{"rendered":"Chef de projet clinique H\/F"},"content":{"rendered":"<div class=\"wpb-content-wrapper\"><p>[vc_row][vc_column]<div class=\"dt-fancy-separator title-left h3-size title-color accent-border-color\" style=\"width: 100%;\"><div class=\"dt-fancy-title\"><span class=\"separator-holder separator-left\"><\/span>Responsabilit\u00e9s<span class=\"separator-holder separator-right\"><\/span><\/div><\/div><div class=\"ult-spacer spacer-69f21a1e7db81\" data-id=\"69f21a1e7db81\" data-height=\"20\" data-height-mobile=\"10\" data-height-tab=\"20\" data-height-tab-portrait=\"20\" data-height-mobile-landscape=\"10\" style=\"clear:both;display:block;\"><\/div>[vc_column_text]Conception, mise en \u0153uvre et coordination d&rsquo;\u00e9tudes cliniques avec le soutien des Op\u00e9rations cliniques, de la Pharmacovigilance, de la Biom\u00e9trie et de la R\u00e9daction m\u00e9dicale :<\/p>\n<ul>\n<li>Planifier le programme de d\u00e9veloppement clinique<\/li>\n<li>Pr\u00e9parer des protocoles d&rsquo;\u00e9tudes, des amendements et des rapports<\/li>\n<li>Pr\u00e9parer les dossiers r\u00e9glementaires<\/li>\n<li>G\u00e9rer les relations avec les enqu\u00eateurs et les leaders d&rsquo;opinion<\/li>\n<\/ul>\n<p>[\/vc_column_text]<div class=\"dt-fancy-separator title-left h3-size title-color accent-border-color\" style=\"width: 100%;\"><div class=\"dt-fancy-title\"><span class=\"separator-holder separator-left\"><\/span>Exigences<span class=\"separator-holder separator-right\"><\/span><\/div><\/div><div class=\"ult-spacer spacer-69f21a1e7dc0b\" data-id=\"69f21a1e7dc0b\" data-height=\"20\" data-height-mobile=\"10\" data-height-tab=\"20\" data-height-tab-portrait=\"20\" data-height-mobile-landscape=\"10\" style=\"clear:both;display:block;\"><\/div>[vc_column_text]<\/p>\n<ul>\n<li>Titulaire d&rsquo;une formation compl\u00e9mentaire en m\u00e9thodologie (CESAM, IUD, &#8230;)<\/li>\n<li>Exp\u00e9rience r\u00e9ussie de chef de projet clinique dans une entreprise pharmaceutique ou une CRO<\/li>\n<li>6-8 ans d&rsquo;exp\u00e9rience dans le d\u00e9veloppement clinique (phase II et III)<\/li>\n<li>Une exp\u00e9rience en oncologie ou dans le domaine des maladies inflammatoires auto-immunes serait un plus<\/li>\n<li>Exp\u00e9rience en d\u00e9veloppement international requise<\/li>\n<li>Exp\u00e9rience de l&rsquo;environnement r\u00e9glementaire des essais cliniques<\/li>\n<li>Exp\u00e9rience de la r\u00e9daction de rapports de recherche et de dossiers r\u00e9glementaires de la FDA (IND, NDA) et de l&rsquo;EMA<\/li>\n<li>Parler couramment l&rsquo;anglais<\/li>\n<\/ul>\n<p>[\/vc_column_text]<div class=\"dt-fancy-separator title-left h3-size title-color accent-border-color\" style=\"width: 100%;\"><div class=\"dt-fancy-title\"><span class=\"separator-holder separator-left\"><\/span>Informations compl\u00e9mentaires<span class=\"separator-holder separator-right\"><\/span><\/div><\/div><div class=\"ult-spacer spacer-69f21a1e7dc7e\" data-id=\"69f21a1e7dc7e\" data-height=\"20\" data-height-mobile=\"10\" data-height-tab=\"20\" data-height-tab-portrait=\"20\" data-height-mobile-landscape=\"10\" style=\"clear:both;display:block;\"><\/div>[vc_column_text]<\/p>\n<ul>\n<li>Poste permanent, disponible imm\u00e9diatement<\/li>\n<li>Bas\u00e9 \u00e0 Paris<\/li>\n<li>Salaire et forfait \u00e0 d\u00e9finir en fonction des comp\u00e9tences et de l&rsquo;exp\u00e9rience<\/li>\n<\/ul>\n<p>[\/vc_column_text][\/vc_column][\/vc_row]<\/p>\n<\/div>","protected":false},"excerpt":{"rendered":"<p>[vc_row][vc_column][vc_column_text]Conception, mise en \u0153uvre et coordination d&rsquo;\u00e9tudes cliniques avec le soutien des Op\u00e9rations cliniques, de la Pharmacovigilance, de la Biom\u00e9trie et de la R\u00e9daction m\u00e9dicale : Planifier le programme de d\u00e9veloppement clinique Pr\u00e9parer des protocoles d&rsquo;\u00e9tudes, des amendements et des rapports Pr\u00e9parer les dossiers r\u00e9glementaires G\u00e9rer les relations avec les enqu\u00eateurs et les leaders d&rsquo;opinion&hellip;<\/p>\n","protected":false},"author":1,"featured_media":0,"parent":3293,"menu_order":0,"comment_status":"closed","ping_status":"closed","template":"","meta":{"footnotes":""},"class_list":["post-4060","page","type-page","status-publish","hentry","description-off"],"yoast_head":"<!-- This site is optimized with the Yoast SEO Premium plugin v27.4 (Yoast SEO v27.5) - https:\/\/yoast.com\/product\/yoast-seo-premium-wordpress\/ -->\n<title>Opportunit\u00e9 d&#039;emploi \u2013 Chef de projet clinique H\/F chez AB Science<\/title>\n<meta name=\"description\" content=\"Analyste de donn\u00e9es cliniques \u00e0 Paris, assure la coh\u00e9rence des donn\u00e9es pour les analyses statistiques et les rapports d&#039;\u00e9tudes cliniques\" \/>\n<meta name=\"robots\" content=\"index, follow, max-snippet:-1, max-image-preview:large, max-video-preview:-1\" \/>\n<link rel=\"canonical\" href=\"https:\/\/www.ab-science.com\/fr\/carrieres\/chef-de-projet-clinique-h-f\/\" \/>\n<meta property=\"og:locale\" content=\"fr_FR\" \/>\n<meta property=\"og:type\" content=\"article\" \/>\n<meta property=\"og:title\" content=\"Chef de projet clinique H\/F\" \/>\n<meta property=\"og:description\" content=\"Analyste de donn\u00e9es cliniques \u00e0 Paris, assure la coh\u00e9rence des donn\u00e9es pour les analyses statistiques et les rapports d&#039;\u00e9tudes cliniques\" \/>\n<meta property=\"og:url\" content=\"https:\/\/www.ab-science.com\/fr\/carrieres\/chef-de-projet-clinique-h-f\/\" \/>\n<meta property=\"og:site_name\" content=\"AB Science\" \/>\n<meta property=\"article:modified_time\" content=\"2021-01-13T12:29:00+00:00\" \/>\n<meta name=\"twitter:card\" content=\"summary_large_image\" \/>\n<meta name=\"twitter:label1\" content=\"Dur\u00e9e de lecture estim\u00e9e\" \/>\n\t<meta name=\"twitter:data1\" content=\"2 minutes\" \/>\n<script type=\"application\/ld+json\" class=\"yoast-schema-graph\">{\"@context\":\"https:\\\/\\\/schema.org\",\"@graph\":[{\"@type\":\"WebPage\",\"@id\":\"https:\\\/\\\/www.ab-science.com\\\/fr\\\/carrieres\\\/chef-de-projet-clinique-h-f\\\/\",\"url\":\"https:\\\/\\\/www.ab-science.com\\\/fr\\\/carrieres\\\/chef-de-projet-clinique-h-f\\\/\",\"name\":\"Opportunit\u00e9 d'emploi \u2013 Chef de projet clinique H\\\/F chez AB Science\",\"isPartOf\":{\"@id\":\"https:\\\/\\\/www.ab-science.com\\\/fr\\\/#website\"},\"datePublished\":\"2020-11-04T12:36:14+00:00\",\"dateModified\":\"2021-01-13T12:29:00+00:00\",\"description\":\"Analyste de donn\u00e9es cliniques \u00e0 Paris, assure la coh\u00e9rence des donn\u00e9es pour les analyses statistiques et les rapports d'\u00e9tudes cliniques\",\"breadcrumb\":{\"@id\":\"https:\\\/\\\/www.ab-science.com\\\/fr\\\/carrieres\\\/chef-de-projet-clinique-h-f\\\/#breadcrumb\"},\"inLanguage\":\"fr-FR\",\"potentialAction\":[{\"@type\":\"ReadAction\",\"target\":[\"https:\\\/\\\/www.ab-science.com\\\/fr\\\/carrieres\\\/chef-de-projet-clinique-h-f\\\/\"]}]},{\"@type\":\"BreadcrumbList\",\"@id\":\"https:\\\/\\\/www.ab-science.com\\\/fr\\\/carrieres\\\/chef-de-projet-clinique-h-f\\\/#breadcrumb\",\"itemListElement\":[{\"@type\":\"ListItem\",\"position\":1,\"name\":\"Accueil\",\"item\":\"https:\\\/\\\/www.ab-science.com\\\/fr\\\/\"},{\"@type\":\"ListItem\",\"position\":2,\"name\":\"Carri\u00e8res\",\"item\":\"https:\\\/\\\/www.ab-science.com\\\/fr\\\/carrieres\\\/\"},{\"@type\":\"ListItem\",\"position\":3,\"name\":\"Chef de projet clinique H\\\/F\"}]},{\"@type\":\"WebSite\",\"@id\":\"https:\\\/\\\/www.ab-science.com\\\/fr\\\/#website\",\"url\":\"https:\\\/\\\/www.ab-science.com\\\/fr\\\/\",\"name\":\"AB Science\",\"description\":\"Masitinib and AB8939 \u2013 Two compounds with breakthrough mechanism of action\",\"publisher\":{\"@id\":\"https:\\\/\\\/www.ab-science.com\\\/fr\\\/#organization\"},\"potentialAction\":[{\"@type\":\"SearchAction\",\"target\":{\"@type\":\"EntryPoint\",\"urlTemplate\":\"https:\\\/\\\/www.ab-science.com\\\/fr\\\/?s={search_term_string}\"},\"query-input\":{\"@type\":\"PropertyValueSpecification\",\"valueRequired\":true,\"valueName\":\"search_term_string\"}}],\"inLanguage\":\"fr-FR\"},{\"@type\":\"Organization\",\"@id\":\"https:\\\/\\\/www.ab-science.com\\\/fr\\\/#organization\",\"name\":\"AB Science\",\"url\":\"https:\\\/\\\/www.ab-science.com\\\/fr\\\/\",\"logo\":{\"@type\":\"ImageObject\",\"inLanguage\":\"fr-FR\",\"@id\":\"https:\\\/\\\/www.ab-science.com\\\/fr\\\/#\\\/schema\\\/logo\\\/image\\\/\",\"url\":\"https:\\\/\\\/www.ab-science.com\\\/wp-content\\\/uploads\\\/2020\\\/11\\\/logo_ab-science-wh120.png\",\"contentUrl\":\"https:\\\/\\\/www.ab-science.com\\\/wp-content\\\/uploads\\\/2020\\\/11\\\/logo_ab-science-wh120.png\",\"width\":120,\"height\":120,\"caption\":\"AB Science\"},\"image\":{\"@id\":\"https:\\\/\\\/www.ab-science.com\\\/fr\\\/#\\\/schema\\\/logo\\\/image\\\/\"},\"sameAs\":[\"https:\\\/\\\/www.linkedin.com\\\/company\\\/ab-science\\\/\"]}]}<\/script>\n<!-- \/ Yoast SEO Premium plugin. -->","yoast_head_json":{"title":"Opportunit\u00e9 d'emploi \u2013 Chef de projet clinique H\/F chez AB Science","description":"Analyste de donn\u00e9es cliniques \u00e0 Paris, assure la coh\u00e9rence des donn\u00e9es pour les analyses statistiques et les rapports d'\u00e9tudes cliniques","robots":{"index":"index","follow":"follow","max-snippet":"max-snippet:-1","max-image-preview":"max-image-preview:large","max-video-preview":"max-video-preview:-1"},"canonical":"https:\/\/www.ab-science.com\/fr\/carrieres\/chef-de-projet-clinique-h-f\/","og_locale":"fr_FR","og_type":"article","og_title":"Chef de projet clinique H\/F","og_description":"Analyste de donn\u00e9es cliniques \u00e0 Paris, assure la coh\u00e9rence des donn\u00e9es pour les analyses statistiques et les rapports d'\u00e9tudes cliniques","og_url":"https:\/\/www.ab-science.com\/fr\/carrieres\/chef-de-projet-clinique-h-f\/","og_site_name":"AB Science","article_modified_time":"2021-01-13T12:29:00+00:00","twitter_card":"summary_large_image","twitter_misc":{"Dur\u00e9e de lecture estim\u00e9e":"2 minutes"},"schema":{"@context":"https:\/\/schema.org","@graph":[{"@type":"WebPage","@id":"https:\/\/www.ab-science.com\/fr\/carrieres\/chef-de-projet-clinique-h-f\/","url":"https:\/\/www.ab-science.com\/fr\/carrieres\/chef-de-projet-clinique-h-f\/","name":"Opportunit\u00e9 d'emploi \u2013 Chef de projet clinique H\/F chez AB Science","isPartOf":{"@id":"https:\/\/www.ab-science.com\/fr\/#website"},"datePublished":"2020-11-04T12:36:14+00:00","dateModified":"2021-01-13T12:29:00+00:00","description":"Analyste de donn\u00e9es cliniques \u00e0 Paris, assure la coh\u00e9rence des donn\u00e9es pour les analyses statistiques et les rapports d'\u00e9tudes cliniques","breadcrumb":{"@id":"https:\/\/www.ab-science.com\/fr\/carrieres\/chef-de-projet-clinique-h-f\/#breadcrumb"},"inLanguage":"fr-FR","potentialAction":[{"@type":"ReadAction","target":["https:\/\/www.ab-science.com\/fr\/carrieres\/chef-de-projet-clinique-h-f\/"]}]},{"@type":"BreadcrumbList","@id":"https:\/\/www.ab-science.com\/fr\/carrieres\/chef-de-projet-clinique-h-f\/#breadcrumb","itemListElement":[{"@type":"ListItem","position":1,"name":"Accueil","item":"https:\/\/www.ab-science.com\/fr\/"},{"@type":"ListItem","position":2,"name":"Carri\u00e8res","item":"https:\/\/www.ab-science.com\/fr\/carrieres\/"},{"@type":"ListItem","position":3,"name":"Chef de projet clinique H\/F"}]},{"@type":"WebSite","@id":"https:\/\/www.ab-science.com\/fr\/#website","url":"https:\/\/www.ab-science.com\/fr\/","name":"AB Science","description":"Masitinib and AB8939 \u2013 Two compounds with breakthrough mechanism of action","publisher":{"@id":"https:\/\/www.ab-science.com\/fr\/#organization"},"potentialAction":[{"@type":"SearchAction","target":{"@type":"EntryPoint","urlTemplate":"https:\/\/www.ab-science.com\/fr\/?s={search_term_string}"},"query-input":{"@type":"PropertyValueSpecification","valueRequired":true,"valueName":"search_term_string"}}],"inLanguage":"fr-FR"},{"@type":"Organization","@id":"https:\/\/www.ab-science.com\/fr\/#organization","name":"AB Science","url":"https:\/\/www.ab-science.com\/fr\/","logo":{"@type":"ImageObject","inLanguage":"fr-FR","@id":"https:\/\/www.ab-science.com\/fr\/#\/schema\/logo\/image\/","url":"https:\/\/www.ab-science.com\/wp-content\/uploads\/2020\/11\/logo_ab-science-wh120.png","contentUrl":"https:\/\/www.ab-science.com\/wp-content\/uploads\/2020\/11\/logo_ab-science-wh120.png","width":120,"height":120,"caption":"AB Science"},"image":{"@id":"https:\/\/www.ab-science.com\/fr\/#\/schema\/logo\/image\/"},"sameAs":["https:\/\/www.linkedin.com\/company\/ab-science\/"]}]}},"_links":{"self":[{"href":"https:\/\/www.ab-science.com\/fr\/wp-json\/wp\/v2\/pages\/4060","targetHints":{"allow":["GET"]}}],"collection":[{"href":"https:\/\/www.ab-science.com\/fr\/wp-json\/wp\/v2\/pages"}],"about":[{"href":"https:\/\/www.ab-science.com\/fr\/wp-json\/wp\/v2\/types\/page"}],"author":[{"embeddable":true,"href":"https:\/\/www.ab-science.com\/fr\/wp-json\/wp\/v2\/users\/1"}],"replies":[{"embeddable":true,"href":"https:\/\/www.ab-science.com\/fr\/wp-json\/wp\/v2\/comments?post=4060"}],"version-history":[{"count":0,"href":"https:\/\/www.ab-science.com\/fr\/wp-json\/wp\/v2\/pages\/4060\/revisions"}],"up":[{"embeddable":true,"href":"https:\/\/www.ab-science.com\/fr\/wp-json\/wp\/v2\/pages\/3293"}],"wp:attachment":[{"href":"https:\/\/www.ab-science.com\/fr\/wp-json\/wp\/v2\/media?parent=4060"}],"curies":[{"name":"wp","href":"https:\/\/api.w.org\/{rel}","templated":true}]}}