{"id":3961,"date":"2020-09-29T15:42:39","date_gmt":"2020-09-29T14:42:39","guid":{"rendered":"https:\/\/www.ab-science.com\/le-masitinib-dans-les-troubles-neurodegeneratifs\/"},"modified":"2021-01-20T16:08:50","modified_gmt":"2021-01-20T15:08:50","slug":"le-masitinib-dans-les-troubles-neurodegeneratifs","status":"publish","type":"page","link":"https:\/\/www.ab-science.com\/fr\/science\/le-masitinib-dans-les-troubles-neurodegeneratifs\/","title":{"rendered":"Masitinib dans les troubles neurod\u00e9g\u00e9n\u00e9ratifs"},"content":{"rendered":"<div class=\"wpb-content-wrapper\"><p>[vc_row][vc_column][vc_single_image image=\u00a0\u00bb1023&Prime; img_size=\u00a0\u00bbfull\u00a0\u00bb alignment=\u00a0\u00bbcenter\u00a0\u00bb][vc_column_text]Deux des principales cibles cellulaires du masitinib sont les mastocytes et les microglies. Il est bien \u00e9tabli que les mastocytes jouent un r\u00f4le important dans les processus neuroinflammatoires, en partie en lib\u00e9rant de grandes quantit\u00e9s de m\u00e9diateurs pro-inflammatoires qui soutiennent le r\u00e9seau inflammatoire et modulent la perm\u00e9abilit\u00e9 de la barri\u00e8re h\u00e9mato-enc\u00e9phalique (BHE). Les mastocytes se trouvent des deux c\u00f4t\u00e9s de la BHE et ont \u00e9galement la capacit\u00e9 de traverser rapidement la BHE, augmentant ainsi leur nombre en r\u00e9ponse \u00e0 des stimuli physiologiques. Les microglies, cellules immunitaires r\u00e9sidentes du syst\u00e8me nerveux central (SNC), constituent \u00e9galement une source importante de m\u00e9diateurs neuroinflammatoires et peuvent jouer un r\u00f4le fondamental dans de nombreux troubles neurod\u00e9g\u00e9n\u00e9ratifs. Ensemble, ces cellules lib\u00e8rent de grandes quantit\u00e9s de m\u00e9diateurs, modulant le microenvironnement neuronal et soutenant le r\u00e9seau inflammatoire du syst\u00e8me nerveux.[\/vc_column_text]<div class=\"dt-fancy-separator title-left h3-size title-color accent-border-color\" style=\"width: 100%;\"><div class=\"dt-fancy-title\"><span class=\"separator-holder separator-left\"><\/span>M\u00e9canisme d&#039;action du masitinib dans la scl\u00e9rose lat\u00e9rale amyotrophique<span class=\"separator-holder separator-right\"><\/span><\/div><\/div><div class=\"ult-spacer spacer-69db1ea4bb545\" data-id=\"69db1ea4bb545\" data-height=\"20\" data-height-mobile=\"10\" data-height-tab=\"20\" data-height-tab-portrait=\"20\" data-height-mobile-landscape=\"10\" style=\"clear:both;display:block;\"><\/div>[vc_column_text]Le m\u00e9canisme d&rsquo;action du masitinib dans la scl\u00e9rose lat\u00e9rale amyotrophique (SLA) a \u00e9t\u00e9 d\u00e9montr\u00e9 avec le mod\u00e8le du rat SOD1 et est bas\u00e9 sur le ciblage des mastocytes et des cellules gliales aberrantes. Ce m\u00e9canisme d&rsquo;action a \u00e9t\u00e9 \u00e9tabli et publi\u00e9 dans quatre publications \u00e9valu\u00e9es par des pairs.<sup>1, 2, 3, 4<\/sup><\/p>\n<p>Le masitinib exerce un effet protecteur sur le syst\u00e8me nerveux central :<\/p>\n<ul>\n<li>R\u00e9duction de la microgliose et des cellules gliales aberrantes par l&rsquo;inhibition du CSF1R<\/li>\n<li>Le masitinib pr\u00e9vient la d\u00e9g\u00e9n\u00e9rescence des neurones moteurs<\/li>\n<li>Le traitement au masitinib a prolong\u00e9 de mani\u00e8re significative la survie des rats SOD1G93A post-paralytiques<\/li>\n<\/ul>\n<p>Le masitinib exerce un effet protecteur sur le syst\u00e8me nerveux p\u00e9riph\u00e9rique :<\/p>\n<ul>\n<li>L&rsquo;infiltration et la d\u00e9granulation des mastocytes contribuent \u00e0 la pathologie neuromusculaire dans la SOD1<sup>G93A<\/sup> rats post-paralytiques<\/li>\n<li>L&rsquo;inhibition des mastocytes induite par le masitinib a r\u00e9duit de mani\u00e8re significative le taux de jonction neuromusculaire (JNM) et les d\u00e9ficits moteurs<\/li>\n<li>Infiltration importante de mastocytes et de neutrophiles trouv\u00e9s dans le muscle autopsi\u00e9 de patients atteints de SLA<\/li>\n<li>Les mastocytes et les neutrophiles s&rsquo;infiltrent dans toute la voie motrice p\u00e9riph\u00e9rique (rat SOD1 post-paralytique)<\/li>\n<li>Le traitement post-paralysie des rats SOD1G93A par le masitinib a permis d&rsquo;\u00e9viter l&rsquo;infiltration de mastocytes et de neutrophiles, la pathologie axonale, la d\u00e9my\u00e9linisation secondaire et la perte de myofibres de type 2B<\/li>\n<li>Des ph\u00e9notypes sp\u00e9cifiques de cellules de Schwann dans la SLA ont le potentiel de d\u00e9clencher une inflammation locale le long de la voie motrice p\u00e9riph\u00e9rique par deux voies de signalisation (CSF1R et c-Kit), qui sont toutes deux cibl\u00e9es par le masitinib.<\/li>\n<\/ul>\n<p>[\/vc_column_text]<div class=\"dt-fancy-separator title-left h3-size title-color accent-border-color\" style=\"width: 100%;\"><div class=\"dt-fancy-title\"><span class=\"separator-holder separator-left\"><\/span>M\u00e9canisme d&#039;action du masitinib dans les formes progressives de la scl\u00e9rose en plaques<span class=\"separator-holder separator-right\"><\/span><\/div><\/div><div class=\"ult-spacer spacer-69db1ea4bb654\" data-id=\"69db1ea4bb654\" data-height=\"20\" data-height-mobile=\"10\" data-height-tab=\"20\" data-height-tab-portrait=\"20\" data-height-mobile-landscape=\"10\" style=\"clear:both;display:block;\"><\/div>[vc_column_text]Les donn\u00e9es de la litt\u00e9rature scientifique montrent que les mastocytes peuvent participer activement \u00e0 la pathogen\u00e8se de la scl\u00e9rose en plaques (SEP) :<\/p>\n<ul>\n<li>La scl\u00e9rose en plaques est une maladie inflammatoire du syst\u00e8me nerveux central (SNC)<\/li>\n<li>La pr\u00e9sence de mastocytes et la preuve d&rsquo;une activit\u00e9 accrue des mastocytes ont \u00e9t\u00e9 signal\u00e9es dans les plaques de SEP. Les mastocytes sont regroup\u00e9s pr\u00e8s de la paroi des veinules et des capillaires<\/li>\n<li>De plus en plus de preuves sugg\u00e8rent que les mastocytes jouent un r\u00f4le crucial dans le processus inflammatoire et la d\u00e9my\u00e9linisation qui s&rsquo;ensuit chez les patients souffrant de SEP. Des r\u00e9sultats r\u00e9cents provenant de mod\u00e8les animaux indiquent clairement que les mastocytes agissent \u00e0 plusieurs niveaux pour influencer \u00e0 la fois l&rsquo;induction et la gravit\u00e9 de la maladie.<\/li>\n<li>Les mastocytes sont impliqu\u00e9s dans un mod\u00e8le exp\u00e9rimental de d\u00e9my\u00e9linisation, notamment l&rsquo;enc\u00e9phalomy\u00e9lite allergique exp\u00e9rimentale (EAE).<\/li>\n<li>On a constat\u00e9 que les inhibiteurs des mastocytes (hydroxyzine) inhibent efficacement la progression et la gravit\u00e9 des signes cliniques de l&rsquo;EAE, ainsi que l&rsquo;\u00e9tendue de la d\u00e9granulation des mastocytes<\/li>\n<li>Le n\u00e9docromyl-sodium, un stabilisateur de mastocytes, a \u00e9galement r\u00e9ussi \u00e0 retarder et \u00e0 pr\u00e9venir le d\u00e9veloppement de l&rsquo;EAE<\/li>\n<li>Le mod\u00e8le EAE chez les souris W\/Wv d\u00e9ficientes en mastocytes a montr\u00e9 une r\u00e9duction significative de l&rsquo;incidence de la maladie, un retard dans l&rsquo;apparition de la maladie et une diminution des scores cliniques moyens<\/li>\n<\/ul>\n<p>Prises ensemble, ces donn\u00e9es sugg\u00e8rent que la d\u00e9granulation des mastocytes est cruciale pour le d\u00e9veloppement du mod\u00e8le EAE et que l&rsquo;inhibition des mastocytes pourrait \u00eatre une approche th\u00e9rapeutique dans le traitement de la SEP.[\/vc_column_text]<div class=\"dt-fancy-separator title-left h3-size title-color accent-border-color\" style=\"width: 100%;\"><div class=\"dt-fancy-title\"><span class=\"separator-holder separator-left\"><\/span>M\u00e9canisme d&#039;action du masitinib dans la maladie d&#039;Alzheimer<span class=\"separator-holder separator-right\"><\/span><\/div><\/div><div class=\"ult-spacer spacer-69db1ea4bb6e8\" data-id=\"69db1ea4bb6e8\" data-height=\"20\" data-height-mobile=\"10\" data-height-tab=\"20\" data-height-tab-portrait=\"20\" data-height-mobile-landscape=\"10\" style=\"clear:both;display:block;\"><\/div>[vc_column_text]La justification de l&rsquo;\u00e9valuation du masitinib dans la maladie d&rsquo;Alzheimer est bas\u00e9e sur l&rsquo;inhibition par le masitinib des kinases c-Kit, Lyn, Fyn et CSF1R<sup>5<\/sup>.<\/p>\n<ul>\n<li>La neuroinflammation joue un r\u00f4le essentiel dans la maladie d&rsquo;Alzheimer et les mastocytes pr\u00e9sents dans le cerveau jouent un r\u00f4le central dans le processus inflammatoire.<\/li>\n<li>La maladie d&rsquo;Alzheimer est caract\u00e9ris\u00e9e par la perte de l&rsquo;int\u00e9grit\u00e9 de la barri\u00e8re h\u00e9mato-enc\u00e9phalique (BHE). Les mastocytes participent \u00e0 la r\u00e9gulation de la perm\u00e9abilit\u00e9 de la BHE.<\/li>\n<li>Plusieurs sources de preuves impliquent la Fyn dans la pathogen\u00e8se de la maladie d&rsquo;Alzheimer par son double r\u00f4le dans la signalisation A\u03b2 et la phosphorylation Tau, ce qui en fait une cible potentielle.<\/li>\n<li>Ainsi, le b\u00e9n\u00e9fice th\u00e9rapeutique du masitinib dans la maladie d&rsquo;Alzheimer devrait s&rsquo;exercer par de multiples m\u00e9canismes d&rsquo;action : via son inhibition de l&rsquo;activit\u00e9 des mastocytes qui aura un impact sur la neuroinflammation et la r\u00e9gulation de la perm\u00e9abilit\u00e9 de la BHE ; et aussi, l&rsquo;inhibition de la prot\u00e9ine kinase Fyn, qui est impliqu\u00e9e dans la signalisation A\u03b2 et la phosphorylation Tau.<\/li>\n<\/ul>\n<p>[\/vc_column_text][\/vc_column][\/vc_row][vc_row][vc_column][vc_column_text]<strong><em>R\u00e9f\u00e9rences<\/em><\/strong><\/p>\n<ol>\n<li><em>Trias E, et al. Post-paralysis tyrosine kinase inhibition with masitinib abrogates neuroinflammation and slows disease progression in inherited amyotrophic lateral sclerosis. <\/em><em>J Neuroinflammation. 2016 Jul 11;13(1):177.<\/em><\/li>\n<li><em>Trias E, et al. Evidence for mast cells contributing to neuromuscular pathology in an inherited model of ALS. JCI Insight, 2017. 2(20). <\/em><\/li>\n<li><em>Trias E, et al. Mast cells and neutrophils mediate peripheral motor pathway degeneration in ALS. JCI Insight. 2018. 3(19). <\/em><\/li>\n<li><em>Trias E, et al. Schwann cells orchestrate peripheral nerve inflammation through the expression of CSF1, IL-34, and SCF in amyotrophic lateral sclerosis. Glia. 2020 Jun;68(6):1165-1181. doi: 10.1002\/glia.23768. Epub 2019 Dec 20. PMID: 31859421; PMCID: PMC7269115.<\/em><\/li>\n<li><em>Folch J, et al. Masitinib for the treatment of mild to moderate Alzheimer&rsquo;s disease. Expert Rev Neurother. 2015 Jun;15(6):587-96. doi: 10.1586\/14737175.2015.1045419.<\/em><\/li>\n<\/ol>\n<p>[\/vc_column_text][\/vc_column][\/vc_row]<\/p>\n<\/div>","protected":false},"excerpt":{"rendered":"<p>[vc_row][vc_column][vc_single_image image=\u00a0\u00bb1023&Prime; img_size=\u00a0\u00bbfull\u00a0\u00bb alignment=\u00a0\u00bbcenter\u00a0\u00bb][vc_column_text]Deux des principales cibles cellulaires du masitinib sont les mastocytes et les microglies. Il est bien \u00e9tabli que les mastocytes jouent un r\u00f4le important dans les processus neuroinflammatoires, en partie en lib\u00e9rant de grandes quantit\u00e9s de m\u00e9diateurs pro-inflammatoires qui soutiennent le r\u00e9seau inflammatoire et modulent la perm\u00e9abilit\u00e9 de la barri\u00e8re h\u00e9mato-enc\u00e9phalique (BHE).&hellip;<\/p>\n","protected":false},"author":1,"featured_media":0,"parent":3970,"menu_order":0,"comment_status":"closed","ping_status":"closed","template":"","meta":{"footnotes":""},"class_list":["post-3961","page","type-page","status-publish","hentry","description-off"],"yoast_head":"<!-- This site is optimized with the Yoast SEO Premium plugin v27.2 (Yoast SEO v27.3) - https:\/\/yoast.com\/product\/yoast-seo-premium-wordpress\/ -->\n<title>Masitinib dans les troubles neurod\u00e9g\u00e9n\u00e9ratifs &#8211; AB Science<\/title>\n<meta name=\"robots\" content=\"index, follow, max-snippet:-1, max-image-preview:large, max-video-preview:-1\" \/>\n<link rel=\"canonical\" href=\"https:\/\/www.ab-science.com\/fr\/science\/le-masitinib-dans-les-troubles-neurodegeneratifs\/\" \/>\n<meta property=\"og:locale\" content=\"fr_FR\" \/>\n<meta property=\"og:type\" content=\"article\" \/>\n<meta property=\"og:title\" content=\"Masitinib dans les troubles neurod\u00e9g\u00e9n\u00e9ratifs\" \/>\n<meta property=\"og:description\" content=\"[vc_row][vc_column][vc_single_image image=\u00a0\u00bb1023&Prime; img_size=\u00a0\u00bbfull\u00a0\u00bb alignment=\u00a0\u00bbcenter\u00a0\u00bb][vc_column_text]Deux des principales cibles cellulaires du masitinib sont les mastocytes et les microglies. Il est bien \u00e9tabli que les mastocytes jouent un r\u00f4le important dans les processus neuroinflammatoires, en partie en lib\u00e9rant de grandes quantit\u00e9s de m\u00e9diateurs pro-inflammatoires qui soutiennent le r\u00e9seau inflammatoire et modulent la perm\u00e9abilit\u00e9 de la barri\u00e8re h\u00e9mato-enc\u00e9phalique (BHE).&hellip;\" \/>\n<meta property=\"og:url\" content=\"https:\/\/www.ab-science.com\/fr\/science\/le-masitinib-dans-les-troubles-neurodegeneratifs\/\" \/>\n<meta property=\"og:site_name\" content=\"AB Science\" \/>\n<meta property=\"article:modified_time\" content=\"2021-01-20T15:08:50+00:00\" \/>\n<meta name=\"twitter:card\" content=\"summary_large_image\" \/>\n<meta name=\"twitter:label1\" content=\"Dur\u00e9e de lecture estim\u00e9e\" \/>\n\t<meta name=\"twitter:data1\" content=\"6 minutes\" \/>\n<script type=\"application\/ld+json\" class=\"yoast-schema-graph\">{\"@context\":\"https:\\\/\\\/schema.org\",\"@graph\":[{\"@type\":\"WebPage\",\"@id\":\"https:\\\/\\\/www.ab-science.com\\\/fr\\\/science\\\/le-masitinib-dans-les-troubles-neurodegeneratifs\\\/\",\"url\":\"https:\\\/\\\/www.ab-science.com\\\/fr\\\/science\\\/le-masitinib-dans-les-troubles-neurodegeneratifs\\\/\",\"name\":\"Masitinib dans les troubles neurod\u00e9g\u00e9n\u00e9ratifs &#8211; AB Science\",\"isPartOf\":{\"@id\":\"https:\\\/\\\/www.ab-science.com\\\/fr\\\/#website\"},\"datePublished\":\"2020-09-29T14:42:39+00:00\",\"dateModified\":\"2021-01-20T15:08:50+00:00\",\"breadcrumb\":{\"@id\":\"https:\\\/\\\/www.ab-science.com\\\/fr\\\/science\\\/le-masitinib-dans-les-troubles-neurodegeneratifs\\\/#breadcrumb\"},\"inLanguage\":\"fr-FR\",\"potentialAction\":[{\"@type\":\"ReadAction\",\"target\":[\"https:\\\/\\\/www.ab-science.com\\\/fr\\\/science\\\/le-masitinib-dans-les-troubles-neurodegeneratifs\\\/\"]}]},{\"@type\":\"BreadcrumbList\",\"@id\":\"https:\\\/\\\/www.ab-science.com\\\/fr\\\/science\\\/le-masitinib-dans-les-troubles-neurodegeneratifs\\\/#breadcrumb\",\"itemListElement\":[{\"@type\":\"ListItem\",\"position\":1,\"name\":\"Accueil\",\"item\":\"https:\\\/\\\/www.ab-science.com\\\/fr\\\/\"},{\"@type\":\"ListItem\",\"position\":2,\"name\":\"Science\",\"item\":\"https:\\\/\\\/www.ab-science.com\\\/fr\\\/science\\\/\"},{\"@type\":\"ListItem\",\"position\":3,\"name\":\"Masitinib dans les troubles neurod\u00e9g\u00e9n\u00e9ratifs\"}]},{\"@type\":\"WebSite\",\"@id\":\"https:\\\/\\\/www.ab-science.com\\\/fr\\\/#website\",\"url\":\"https:\\\/\\\/www.ab-science.com\\\/fr\\\/\",\"name\":\"AB Science\",\"description\":\"Masitinib and AB8939 \u2013 Two compounds with breakthrough mechanism of action\",\"publisher\":{\"@id\":\"https:\\\/\\\/www.ab-science.com\\\/fr\\\/#organization\"},\"potentialAction\":[{\"@type\":\"SearchAction\",\"target\":{\"@type\":\"EntryPoint\",\"urlTemplate\":\"https:\\\/\\\/www.ab-science.com\\\/fr\\\/?s={search_term_string}\"},\"query-input\":{\"@type\":\"PropertyValueSpecification\",\"valueRequired\":true,\"valueName\":\"search_term_string\"}}],\"inLanguage\":\"fr-FR\"},{\"@type\":\"Organization\",\"@id\":\"https:\\\/\\\/www.ab-science.com\\\/fr\\\/#organization\",\"name\":\"AB Science\",\"url\":\"https:\\\/\\\/www.ab-science.com\\\/fr\\\/\",\"logo\":{\"@type\":\"ImageObject\",\"inLanguage\":\"fr-FR\",\"@id\":\"https:\\\/\\\/www.ab-science.com\\\/fr\\\/#\\\/schema\\\/logo\\\/image\\\/\",\"url\":\"https:\\\/\\\/www.ab-science.com\\\/wp-content\\\/uploads\\\/2020\\\/11\\\/logo_ab-science-wh120.png\",\"contentUrl\":\"https:\\\/\\\/www.ab-science.com\\\/wp-content\\\/uploads\\\/2020\\\/11\\\/logo_ab-science-wh120.png\",\"width\":120,\"height\":120,\"caption\":\"AB Science\"},\"image\":{\"@id\":\"https:\\\/\\\/www.ab-science.com\\\/fr\\\/#\\\/schema\\\/logo\\\/image\\\/\"},\"sameAs\":[\"https:\\\/\\\/www.linkedin.com\\\/company\\\/ab-science\\\/\"]}]}<\/script>\n<!-- \/ Yoast SEO Premium plugin. -->","yoast_head_json":{"title":"Masitinib dans les troubles neurod\u00e9g\u00e9n\u00e9ratifs &#8211; AB Science","robots":{"index":"index","follow":"follow","max-snippet":"max-snippet:-1","max-image-preview":"max-image-preview:large","max-video-preview":"max-video-preview:-1"},"canonical":"https:\/\/www.ab-science.com\/fr\/science\/le-masitinib-dans-les-troubles-neurodegeneratifs\/","og_locale":"fr_FR","og_type":"article","og_title":"Masitinib dans les troubles neurod\u00e9g\u00e9n\u00e9ratifs","og_description":"[vc_row][vc_column][vc_single_image image=\u00a0\u00bb1023&Prime; img_size=\u00a0\u00bbfull\u00a0\u00bb alignment=\u00a0\u00bbcenter\u00a0\u00bb][vc_column_text]Deux des principales cibles cellulaires du masitinib sont les mastocytes et les microglies. Il est bien \u00e9tabli que les mastocytes jouent un r\u00f4le important dans les processus neuroinflammatoires, en partie en lib\u00e9rant de grandes quantit\u00e9s de m\u00e9diateurs pro-inflammatoires qui soutiennent le r\u00e9seau inflammatoire et modulent la perm\u00e9abilit\u00e9 de la barri\u00e8re h\u00e9mato-enc\u00e9phalique (BHE).&hellip;","og_url":"https:\/\/www.ab-science.com\/fr\/science\/le-masitinib-dans-les-troubles-neurodegeneratifs\/","og_site_name":"AB Science","article_modified_time":"2021-01-20T15:08:50+00:00","twitter_card":"summary_large_image","twitter_misc":{"Dur\u00e9e de lecture estim\u00e9e":"6 minutes"},"schema":{"@context":"https:\/\/schema.org","@graph":[{"@type":"WebPage","@id":"https:\/\/www.ab-science.com\/fr\/science\/le-masitinib-dans-les-troubles-neurodegeneratifs\/","url":"https:\/\/www.ab-science.com\/fr\/science\/le-masitinib-dans-les-troubles-neurodegeneratifs\/","name":"Masitinib dans les troubles neurod\u00e9g\u00e9n\u00e9ratifs &#8211; AB Science","isPartOf":{"@id":"https:\/\/www.ab-science.com\/fr\/#website"},"datePublished":"2020-09-29T14:42:39+00:00","dateModified":"2021-01-20T15:08:50+00:00","breadcrumb":{"@id":"https:\/\/www.ab-science.com\/fr\/science\/le-masitinib-dans-les-troubles-neurodegeneratifs\/#breadcrumb"},"inLanguage":"fr-FR","potentialAction":[{"@type":"ReadAction","target":["https:\/\/www.ab-science.com\/fr\/science\/le-masitinib-dans-les-troubles-neurodegeneratifs\/"]}]},{"@type":"BreadcrumbList","@id":"https:\/\/www.ab-science.com\/fr\/science\/le-masitinib-dans-les-troubles-neurodegeneratifs\/#breadcrumb","itemListElement":[{"@type":"ListItem","position":1,"name":"Accueil","item":"https:\/\/www.ab-science.com\/fr\/"},{"@type":"ListItem","position":2,"name":"Science","item":"https:\/\/www.ab-science.com\/fr\/science\/"},{"@type":"ListItem","position":3,"name":"Masitinib dans les troubles neurod\u00e9g\u00e9n\u00e9ratifs"}]},{"@type":"WebSite","@id":"https:\/\/www.ab-science.com\/fr\/#website","url":"https:\/\/www.ab-science.com\/fr\/","name":"AB Science","description":"Masitinib and AB8939 \u2013 Two compounds with breakthrough mechanism of action","publisher":{"@id":"https:\/\/www.ab-science.com\/fr\/#organization"},"potentialAction":[{"@type":"SearchAction","target":{"@type":"EntryPoint","urlTemplate":"https:\/\/www.ab-science.com\/fr\/?s={search_term_string}"},"query-input":{"@type":"PropertyValueSpecification","valueRequired":true,"valueName":"search_term_string"}}],"inLanguage":"fr-FR"},{"@type":"Organization","@id":"https:\/\/www.ab-science.com\/fr\/#organization","name":"AB Science","url":"https:\/\/www.ab-science.com\/fr\/","logo":{"@type":"ImageObject","inLanguage":"fr-FR","@id":"https:\/\/www.ab-science.com\/fr\/#\/schema\/logo\/image\/","url":"https:\/\/www.ab-science.com\/wp-content\/uploads\/2020\/11\/logo_ab-science-wh120.png","contentUrl":"https:\/\/www.ab-science.com\/wp-content\/uploads\/2020\/11\/logo_ab-science-wh120.png","width":120,"height":120,"caption":"AB Science"},"image":{"@id":"https:\/\/www.ab-science.com\/fr\/#\/schema\/logo\/image\/"},"sameAs":["https:\/\/www.linkedin.com\/company\/ab-science\/"]}]}},"_links":{"self":[{"href":"https:\/\/www.ab-science.com\/fr\/wp-json\/wp\/v2\/pages\/3961","targetHints":{"allow":["GET"]}}],"collection":[{"href":"https:\/\/www.ab-science.com\/fr\/wp-json\/wp\/v2\/pages"}],"about":[{"href":"https:\/\/www.ab-science.com\/fr\/wp-json\/wp\/v2\/types\/page"}],"author":[{"embeddable":true,"href":"https:\/\/www.ab-science.com\/fr\/wp-json\/wp\/v2\/users\/1"}],"replies":[{"embeddable":true,"href":"https:\/\/www.ab-science.com\/fr\/wp-json\/wp\/v2\/comments?post=3961"}],"version-history":[{"count":0,"href":"https:\/\/www.ab-science.com\/fr\/wp-json\/wp\/v2\/pages\/3961\/revisions"}],"up":[{"embeddable":true,"href":"https:\/\/www.ab-science.com\/fr\/wp-json\/wp\/v2\/pages\/3970"}],"wp:attachment":[{"href":"https:\/\/www.ab-science.com\/fr\/wp-json\/wp\/v2\/media?parent=3961"}],"curies":[{"name":"wp","href":"https:\/\/api.w.org\/{rel}","templated":true}]}}