{"id":3885,"date":"2018-05-02T09:19:08","date_gmt":"2018-05-02T08:19:08","guid":{"rendered":"https:\/\/www.ab-science.com\/comite-scientifique\/"},"modified":"2022-07-25T22:36:21","modified_gmt":"2022-07-25T21:36:21","slug":"comite-scientifique","status":"publish","type":"page","link":"https:\/\/www.ab-science.com\/fr\/societe\/comite-scientifique\/","title":{"rendered":"Comit\u00e9 Scientifique"},"content":{"rendered":"<div class=\"wpb-content-wrapper\"><p>[vc_row][vc_column][vc_column_text]Le Comit\u00e9 Scientifique a \u00e9t\u00e9 cr\u00e9\u00e9 en 2002 pour d\u00e9finir les principaux programmes scientifiques de la soci\u00e9t\u00e9.<\/p>\n<p>Le Comit\u00e9 Scientifique est compos\u00e9 de :<\/p>\n<ul>\n<li><strong>Olivier Hermine (MD) :<\/strong> Professeur d&rsquo;H\u00e9matologie \u00e0 l&rsquo;Universit\u00e9 Paris V-Ren\u00e9 Descartes. Chef du Service d&rsquo;H\u00e9matologie Adulte \u00e0 l&rsquo;h\u00f4pital Necker (Paris), membre de l&rsquo;Acad\u00e9mie des Sciences Fran\u00e7aise et auteur de plus de 700 publications dans des revues scientifiques internationales \u00e0 comit\u00e9 de lecture.<\/li>\n<li><strong>Christian Auclair (MD) :<\/strong> Responsable de la Pratique de la Biologie \u00e0 l&rsquo;\u00c9cole Normale Sup\u00e9rieure de Cachan. Directeur Associ\u00e9 du D\u00e9partement des Sciences de la Vie au CNRS, de 1996 \u00e0 2000.<\/li>\n<li><strong>Patrice Dubreuil (MD) :<\/strong> Docteur en Immunologie, Directeur de recherche de niveau 1 \u00e0 l&rsquo;Inserm. Expert reconnu dans les voies de transduction du signal et la biologie des kinases.<\/li>\n<\/ul>\n<p>[\/vc_column_text][\/vc_column][\/vc_row]<\/p>\n<\/div>","protected":false},"excerpt":{"rendered":"<p>[vc_row][vc_column][vc_column_text]Le Comit\u00e9 Scientifique a \u00e9t\u00e9 cr\u00e9\u00e9 en 2002 pour d\u00e9finir les principaux programmes scientifiques de la soci\u00e9t\u00e9. Le Comit\u00e9 Scientifique est compos\u00e9 de : Olivier Hermine (MD) : Professeur d&rsquo;H\u00e9matologie \u00e0 l&rsquo;Universit\u00e9 Paris V-Ren\u00e9 Descartes. Chef du Service d&rsquo;H\u00e9matologie Adulte \u00e0 l&rsquo;h\u00f4pital Necker (Paris), membre de l&rsquo;Acad\u00e9mie des Sciences Fran\u00e7aise et auteur de plus de&hellip;<\/p>\n","protected":false},"author":3,"featured_media":0,"parent":3902,"menu_order":2,"comment_status":"closed","ping_status":"closed","template":"","meta":{"footnotes":""},"class_list":["post-3885","page","type-page","status-publish","hentry","description-off"],"yoast_head":"<!-- This site is optimized with the Yoast SEO Premium plugin v27.2 (Yoast SEO v27.3) - https:\/\/yoast.com\/product\/yoast-seo-premium-wordpress\/ -->\n<title>Comit\u00e9 Scientifique &#8211; AB Science<\/title>\n<meta name=\"robots\" content=\"index, follow, max-snippet:-1, max-image-preview:large, max-video-preview:-1\" \/>\n<link rel=\"canonical\" href=\"https:\/\/www.ab-science.com\/fr\/societe\/comite-scientifique\/\" \/>\n<meta property=\"og:locale\" content=\"fr_FR\" \/>\n<meta property=\"og:type\" content=\"article\" \/>\n<meta property=\"og:title\" content=\"Comit\u00e9 Scientifique\" \/>\n<meta property=\"og:description\" content=\"[vc_row][vc_column][vc_column_text]Le Comit\u00e9 Scientifique a \u00e9t\u00e9 cr\u00e9\u00e9 en 2002 pour d\u00e9finir les principaux programmes scientifiques de la soci\u00e9t\u00e9. Le Comit\u00e9 Scientifique est compos\u00e9 de : Olivier Hermine (MD) : Professeur d&rsquo;H\u00e9matologie \u00e0 l&rsquo;Universit\u00e9 Paris V-Ren\u00e9 Descartes. Chef du Service d&rsquo;H\u00e9matologie Adulte \u00e0 l&rsquo;h\u00f4pital Necker (Paris), membre de l&rsquo;Acad\u00e9mie des Sciences Fran\u00e7aise et auteur de plus de&hellip;\" \/>\n<meta property=\"og:url\" content=\"https:\/\/www.ab-science.com\/fr\/societe\/comite-scientifique\/\" \/>\n<meta property=\"og:site_name\" content=\"AB Science\" \/>\n<meta property=\"article:modified_time\" content=\"2022-07-25T21:36:21+00:00\" \/>\n<meta name=\"twitter:card\" content=\"summary_large_image\" \/>\n<meta name=\"twitter:label1\" content=\"Dur\u00e9e de lecture estim\u00e9e\" \/>\n\t<meta name=\"twitter:data1\" content=\"1 minute\" \/>\n<script type=\"application\/ld+json\" class=\"yoast-schema-graph\">{\"@context\":\"https:\\\/\\\/schema.org\",\"@graph\":[{\"@type\":\"WebPage\",\"@id\":\"https:\\\/\\\/www.ab-science.com\\\/fr\\\/societe\\\/comite-scientifique\\\/\",\"url\":\"https:\\\/\\\/www.ab-science.com\\\/fr\\\/societe\\\/comite-scientifique\\\/\",\"name\":\"Comit\u00e9 Scientifique &#8211; AB Science\",\"isPartOf\":{\"@id\":\"https:\\\/\\\/www.ab-science.com\\\/fr\\\/#website\"},\"datePublished\":\"2018-05-02T08:19:08+00:00\",\"dateModified\":\"2022-07-25T21:36:21+00:00\",\"breadcrumb\":{\"@id\":\"https:\\\/\\\/www.ab-science.com\\\/fr\\\/societe\\\/comite-scientifique\\\/#breadcrumb\"},\"inLanguage\":\"fr-FR\",\"potentialAction\":[{\"@type\":\"ReadAction\",\"target\":[\"https:\\\/\\\/www.ab-science.com\\\/fr\\\/societe\\\/comite-scientifique\\\/\"]}]},{\"@type\":\"BreadcrumbList\",\"@id\":\"https:\\\/\\\/www.ab-science.com\\\/fr\\\/societe\\\/comite-scientifique\\\/#breadcrumb\",\"itemListElement\":[{\"@type\":\"ListItem\",\"position\":1,\"name\":\"Accueil\",\"item\":\"https:\\\/\\\/www.ab-science.com\\\/fr\\\/\"},{\"@type\":\"ListItem\",\"position\":2,\"name\":\"Soci\u00e9t\u00e9\",\"item\":\"https:\\\/\\\/www.ab-science.com\\\/fr\\\/societe\\\/\"},{\"@type\":\"ListItem\",\"position\":3,\"name\":\"Comit\u00e9 Scientifique\"}]},{\"@type\":\"WebSite\",\"@id\":\"https:\\\/\\\/www.ab-science.com\\\/fr\\\/#website\",\"url\":\"https:\\\/\\\/www.ab-science.com\\\/fr\\\/\",\"name\":\"AB Science\",\"description\":\"Masitinib and AB8939 \u2013 Two compounds with breakthrough mechanism of action\",\"publisher\":{\"@id\":\"https:\\\/\\\/www.ab-science.com\\\/fr\\\/#organization\"},\"potentialAction\":[{\"@type\":\"SearchAction\",\"target\":{\"@type\":\"EntryPoint\",\"urlTemplate\":\"https:\\\/\\\/www.ab-science.com\\\/fr\\\/?s={search_term_string}\"},\"query-input\":{\"@type\":\"PropertyValueSpecification\",\"valueRequired\":true,\"valueName\":\"search_term_string\"}}],\"inLanguage\":\"fr-FR\"},{\"@type\":\"Organization\",\"@id\":\"https:\\\/\\\/www.ab-science.com\\\/fr\\\/#organization\",\"name\":\"AB Science\",\"url\":\"https:\\\/\\\/www.ab-science.com\\\/fr\\\/\",\"logo\":{\"@type\":\"ImageObject\",\"inLanguage\":\"fr-FR\",\"@id\":\"https:\\\/\\\/www.ab-science.com\\\/fr\\\/#\\\/schema\\\/logo\\\/image\\\/\",\"url\":\"https:\\\/\\\/www.ab-science.com\\\/wp-content\\\/uploads\\\/2020\\\/11\\\/logo_ab-science-wh120.png\",\"contentUrl\":\"https:\\\/\\\/www.ab-science.com\\\/wp-content\\\/uploads\\\/2020\\\/11\\\/logo_ab-science-wh120.png\",\"width\":120,\"height\":120,\"caption\":\"AB Science\"},\"image\":{\"@id\":\"https:\\\/\\\/www.ab-science.com\\\/fr\\\/#\\\/schema\\\/logo\\\/image\\\/\"},\"sameAs\":[\"https:\\\/\\\/www.linkedin.com\\\/company\\\/ab-science\\\/\"]}]}<\/script>\n<!-- \/ Yoast SEO Premium plugin. -->","yoast_head_json":{"title":"Comit\u00e9 Scientifique &#8211; AB Science","robots":{"index":"index","follow":"follow","max-snippet":"max-snippet:-1","max-image-preview":"max-image-preview:large","max-video-preview":"max-video-preview:-1"},"canonical":"https:\/\/www.ab-science.com\/fr\/societe\/comite-scientifique\/","og_locale":"fr_FR","og_type":"article","og_title":"Comit\u00e9 Scientifique","og_description":"[vc_row][vc_column][vc_column_text]Le Comit\u00e9 Scientifique a \u00e9t\u00e9 cr\u00e9\u00e9 en 2002 pour d\u00e9finir les principaux programmes scientifiques de la soci\u00e9t\u00e9. Le Comit\u00e9 Scientifique est compos\u00e9 de : Olivier Hermine (MD) : Professeur d&rsquo;H\u00e9matologie \u00e0 l&rsquo;Universit\u00e9 Paris V-Ren\u00e9 Descartes. Chef du Service d&rsquo;H\u00e9matologie Adulte \u00e0 l&rsquo;h\u00f4pital Necker (Paris), membre de l&rsquo;Acad\u00e9mie des Sciences Fran\u00e7aise et auteur de plus de&hellip;","og_url":"https:\/\/www.ab-science.com\/fr\/societe\/comite-scientifique\/","og_site_name":"AB Science","article_modified_time":"2022-07-25T21:36:21+00:00","twitter_card":"summary_large_image","twitter_misc":{"Dur\u00e9e de lecture estim\u00e9e":"1 minute"},"schema":{"@context":"https:\/\/schema.org","@graph":[{"@type":"WebPage","@id":"https:\/\/www.ab-science.com\/fr\/societe\/comite-scientifique\/","url":"https:\/\/www.ab-science.com\/fr\/societe\/comite-scientifique\/","name":"Comit\u00e9 Scientifique &#8211; AB Science","isPartOf":{"@id":"https:\/\/www.ab-science.com\/fr\/#website"},"datePublished":"2018-05-02T08:19:08+00:00","dateModified":"2022-07-25T21:36:21+00:00","breadcrumb":{"@id":"https:\/\/www.ab-science.com\/fr\/societe\/comite-scientifique\/#breadcrumb"},"inLanguage":"fr-FR","potentialAction":[{"@type":"ReadAction","target":["https:\/\/www.ab-science.com\/fr\/societe\/comite-scientifique\/"]}]},{"@type":"BreadcrumbList","@id":"https:\/\/www.ab-science.com\/fr\/societe\/comite-scientifique\/#breadcrumb","itemListElement":[{"@type":"ListItem","position":1,"name":"Accueil","item":"https:\/\/www.ab-science.com\/fr\/"},{"@type":"ListItem","position":2,"name":"Soci\u00e9t\u00e9","item":"https:\/\/www.ab-science.com\/fr\/societe\/"},{"@type":"ListItem","position":3,"name":"Comit\u00e9 Scientifique"}]},{"@type":"WebSite","@id":"https:\/\/www.ab-science.com\/fr\/#website","url":"https:\/\/www.ab-science.com\/fr\/","name":"AB Science","description":"Masitinib and AB8939 \u2013 Two compounds with breakthrough mechanism of action","publisher":{"@id":"https:\/\/www.ab-science.com\/fr\/#organization"},"potentialAction":[{"@type":"SearchAction","target":{"@type":"EntryPoint","urlTemplate":"https:\/\/www.ab-science.com\/fr\/?s={search_term_string}"},"query-input":{"@type":"PropertyValueSpecification","valueRequired":true,"valueName":"search_term_string"}}],"inLanguage":"fr-FR"},{"@type":"Organization","@id":"https:\/\/www.ab-science.com\/fr\/#organization","name":"AB Science","url":"https:\/\/www.ab-science.com\/fr\/","logo":{"@type":"ImageObject","inLanguage":"fr-FR","@id":"https:\/\/www.ab-science.com\/fr\/#\/schema\/logo\/image\/","url":"https:\/\/www.ab-science.com\/wp-content\/uploads\/2020\/11\/logo_ab-science-wh120.png","contentUrl":"https:\/\/www.ab-science.com\/wp-content\/uploads\/2020\/11\/logo_ab-science-wh120.png","width":120,"height":120,"caption":"AB Science"},"image":{"@id":"https:\/\/www.ab-science.com\/fr\/#\/schema\/logo\/image\/"},"sameAs":["https:\/\/www.linkedin.com\/company\/ab-science\/"]}]}},"_links":{"self":[{"href":"https:\/\/www.ab-science.com\/fr\/wp-json\/wp\/v2\/pages\/3885","targetHints":{"allow":["GET"]}}],"collection":[{"href":"https:\/\/www.ab-science.com\/fr\/wp-json\/wp\/v2\/pages"}],"about":[{"href":"https:\/\/www.ab-science.com\/fr\/wp-json\/wp\/v2\/types\/page"}],"author":[{"embeddable":true,"href":"https:\/\/www.ab-science.com\/fr\/wp-json\/wp\/v2\/users\/3"}],"replies":[{"embeddable":true,"href":"https:\/\/www.ab-science.com\/fr\/wp-json\/wp\/v2\/comments?post=3885"}],"version-history":[{"count":0,"href":"https:\/\/www.ab-science.com\/fr\/wp-json\/wp\/v2\/pages\/3885\/revisions"}],"up":[{"embeddable":true,"href":"https:\/\/www.ab-science.com\/fr\/wp-json\/wp\/v2\/pages\/3902"}],"wp:attachment":[{"href":"https:\/\/www.ab-science.com\/fr\/wp-json\/wp\/v2\/media?parent=3885"}],"curies":[{"name":"wp","href":"https:\/\/api.w.org\/{rel}","templated":true}]}}