{"id":3808,"date":"2018-05-04T09:18:30","date_gmt":"2018-05-04T08:18:30","guid":{"rendered":"https:\/\/www.ab-science.com\/comite-executif\/"},"modified":"2022-11-21T14:39:00","modified_gmt":"2022-11-21T13:39:00","slug":"comite-executif","status":"publish","type":"page","link":"https:\/\/www.ab-science.com\/fr\/societe\/comite-executif\/","title":{"rendered":"Comit\u00e9 Ex\u00e9cutif"},"content":{"rendered":"<div class=\"wpb-content-wrapper\"><p>[vc_row css=\u00a0\u00bb.vc_custom_1601565708878{margin-bottom: 20px !important;}\u00a0\u00bb][vc_column width=\u00a0\u00bb1\/4&Prime; css=\u00a0\u00bb.vc_custom_1601565260699{margin-bottom: 0px !important;padding-bottom: 0px !important;}\u00a0\u00bb]<div class=\"ult-team-member-wrap ult-style-1   vc_custom_1611048303110\"><div class=\"ult-team-member-image\" style=\"\"> <img decoding=\"async\" class=\"\" src=\"https:\/\/www.ab-science.com\/wp-content\/uploads\/2021\/01\/Alain_Moussy_Chief_executive_officer_400x500.jpg\" alt=\"Alain Moussy\"  style=\"\"><span class=\"ult-team-member-image-overlay \"  ><\/span><\/div><div class=\"ult-team-member-bio-wrap style-1 ultimate-heading69dfcf2b00bb8\" style=\"text-align:center;; \"><div class=\"ult-team-member-name-wrap\"><h2 class=\"ult-team-member-name ult-responsive\"  data-ultimate-target='.ult-team-member-bio-wrap.ultimate-heading69dfcf2b00bb8 .ult-team-member-name'  data-responsive-json-new='{\"font-size\":\"\",\"line-height\":\"\"}'  style=\"color:#00477a;\">Alain MOUSSY<\/h2><div class=\"ult-team-member-position ult-responsive\"  data-ultimate-target='.ult-team-member-bio-wrap.ultimate-heading69dfcf2b00bb8 .ult-team-member-position'  data-responsive-json-new='{\"font-size\":\"desktop:12px;\",\"line-height\":\"desktop:14px;\"}'  style=\"\">Co-fondateur et Directeur G\u00e9n\u00e9ral<\/div><div class=\"ult-team-member-description ult-responsive\"  data-ultimate-target='.ult-team-member-bio-wrap.ultimate-heading69dfcf2b00bb8 .ult-team-member-description'  data-responsive-json-new='{\"font-size\":\"desktop:12px;\",\"line-height\":\"desktop:14px;\"}'  style=\"\"><p><\/p>\n<p style=\"text-align: center;\">A fond\u00e9 AB Science.<br \/>\nAncien consultant strat\u00e9gique chez Booz, Allen &amp; Hamilton et ancien responsable du d\u00e9veloppement chez Carrefour.<br \/>\nPr\u00e9sident de l&rsquo;AFIRMM, association des patients atteints de mastocytose.<\/p>\n<p><\/p><\/div><div style=\"margin-bottom:15px\"><\/div><\/div><\/div><\/div>[\/vc_column][vc_column width=\u00a0\u00bb1\/4&Prime; css=\u00a0\u00bb.vc_custom_1601565251066{margin-bottom: 0px !important;padding-bottom: 0px !important;}\u00a0\u00bb]<div class=\"ult-team-member-wrap ult-style-1   vc_custom_1611154577408\"><div class=\"ult-team-member-image\" style=\"\"> <img decoding=\"async\" class=\"\" src=\"https:\/\/www.ab-science.com\/wp-content\/uploads\/2018\/05\/laurent_guy.jpg\" alt=\"Laurent Guy\"  style=\"\"><span class=\"ult-team-member-image-overlay \"  ><\/span><\/div><div class=\"ult-team-member-bio-wrap style-1 ultimate-heading69dfcf2b00f4d\" style=\"text-align:center;; \"><div class=\"ult-team-member-name-wrap\"><h2 class=\"ult-team-member-name ult-responsive\"  data-ultimate-target='.ult-team-member-bio-wrap.ultimate-heading69dfcf2b00f4d .ult-team-member-name'  data-responsive-json-new='{\"font-size\":\"\",\"line-height\":\"\"}'  style=\"color:#00477a;\">Laurent GUY<\/h2><div class=\"ult-team-member-position ult-responsive\"  data-ultimate-target='.ult-team-member-bio-wrap.ultimate-heading69dfcf2b00f4d .ult-team-member-position'  data-responsive-json-new='{\"font-size\":\"\",\"line-height\":\"\"}'  style=\"\">Directeur Financier<\/div><div class=\"ult-team-member-description ult-responsive\"  data-ultimate-target='.ult-team-member-bio-wrap.ultimate-heading69dfcf2b00f4d .ult-team-member-description'  data-responsive-json-new='{\"font-size\":\"desktop:12px;\",\"line-height\":\"desktop:14px;\"}'  style=\"\"><p><\/p>\n<p style=\"text-align: center;\">Auparavant en poste dans le secteur bancaire (Soci\u00e9t\u00e9 G\u00e9n\u00e9rale et Paribas) et dans le conseil en strat\u00e9gie (Accenture).<\/p>\n<p>&nbsp;<\/p>\n<p><\/p><\/div><div style=\"margin-bottom:15px\"><\/div><\/div><\/div><\/div>[\/vc_column][vc_column width=\u00a0\u00bb1\/4&Prime; css=\u00a0\u00bb.vc_custom_1601565267961{margin-bottom: 0px !important;padding-bottom: 0px !important;}\u00a0\u00bb]<div class=\"ult-team-member-wrap ult-style-1   vc_custom_1611154812209\"><div class=\"ult-team-member-image\" style=\"\"> <img decoding=\"async\" class=\"\" src=\"https:\/\/www.ab-science.com\/wp-content\/uploads\/2018\/05\/christian_fassotte.jpg\" alt=\"Christian Fassotte\"  style=\"\"><span class=\"ult-team-member-image-overlay \"  ><\/span><\/div><div class=\"ult-team-member-bio-wrap style-1 ultimate-heading69dfcf2b012be\" style=\"text-align:center;; \"><div class=\"ult-team-member-name-wrap\"><h2 class=\"ult-team-member-name ult-responsive\"  data-ultimate-target='.ult-team-member-bio-wrap.ultimate-heading69dfcf2b012be .ult-team-member-name'  data-responsive-json-new='{\"font-size\":\"\",\"line-height\":\"\"}'  style=\"color:#00477a;\">Christian FASSOTTE<\/h2><div class=\"ult-team-member-position ult-responsive\"  data-ultimate-target='.ult-team-member-bio-wrap.ultimate-heading69dfcf2b012be .ult-team-member-position'  data-responsive-json-new='{\"font-size\":\"\",\"line-height\":\"\"}'  style=\"\">Chief Medical Officer<\/div><div class=\"ult-team-member-description ult-responsive\"  data-ultimate-target='.ult-team-member-bio-wrap.ultimate-heading69dfcf2b012be .ult-team-member-description'  data-responsive-json-new='{\"font-size\":\"desktop:12px;\",\"line-height\":\"desktop:14px;\"}'  style=\"\"><p><\/p>\n<p style=\"text-align: center;\">MD. Plus de 30 ans d&rsquo;exp\u00e9rience, dont des postes de direction chez Sanofi et Roche pour les affaires m\u00e9dicales, r\u00e9glementaires et la R&amp;D.<\/p>\n<p><\/p><\/div><div style=\"margin-bottom:15px\"><\/div><\/div><\/div><\/div>[\/vc_column][vc_column width=\u00a0\u00bb1\/4&Prime;]<div class=\"ult-team-member-wrap ult-style-1   vc_custom_1611154777263\"><div class=\"ult-team-member-image\" style=\"\"> <img decoding=\"async\" class=\"\" src=\"https:\/\/www.ab-science.com\/wp-content\/uploads\/2018\/05\/alexis_bernard.jpg\" alt=\"Alexis Bernard\"  style=\"\"><span class=\"ult-team-member-image-overlay \"  ><\/span><\/div><div class=\"ult-team-member-bio-wrap style-1 ultimate-heading69dfcf2b015e6\" style=\"text-align:center;; \"><div class=\"ult-team-member-name-wrap\"><h2 class=\"ult-team-member-name ult-responsive\"  data-ultimate-target='.ult-team-member-bio-wrap.ultimate-heading69dfcf2b015e6 .ult-team-member-name'  data-responsive-json-new='{\"font-size\":\"\",\"line-height\":\"\"}'  style=\"color:#00477a;\">Alexis Bernard<\/h2><div class=\"ult-team-member-position ult-responsive\"  data-ultimate-target='.ult-team-member-bio-wrap.ultimate-heading69dfcf2b015e6 .ult-team-member-position'  data-responsive-json-new='{\"font-size\":\"desktop:12px;\",\"line-height\":\"desktop:14px;\"}'  style=\"\">Responsable des ventes v\u00e9t\u00e9rinaires<\/div><div class=\"ult-team-member-description ult-responsive\"  data-ultimate-target='.ult-team-member-bio-wrap.ultimate-heading69dfcf2b015e6 .ult-team-member-description'  data-responsive-json-new='{\"font-size\":\"desktop:12px;\",\"line-height\":\"desktop:14px;\"}'  style=\"\"><p><\/p>\n<p style=\"text-align: center;\">Ancien Consultant en Strat\u00e9gie chez Stanwell Consulting.<\/p>\n<p>&nbsp;<\/p>\n<p><\/p><\/div><div style=\"margin-bottom:15px\"><\/div><\/div><\/div><\/div>[\/vc_column][\/vc_row]<\/p>\n<\/div>","protected":false},"excerpt":{"rendered":"<p>[vc_row css=\u00a0\u00bb.vc_custom_1601565708878{margin-bottom: 20px !important;}\u00a0\u00bb][vc_column width=\u00a0\u00bb1\/4&Prime; css=\u00a0\u00bb.vc_custom_1601565260699{margin-bottom: 0px !important;padding-bottom: 0px !important;}\u00a0\u00bb][\/vc_column][vc_column width=\u00a0\u00bb1\/4&Prime; css=\u00a0\u00bb.vc_custom_1601565251066{margin-bottom: 0px !important;padding-bottom: 0px !important;}\u00a0\u00bb][\/vc_column][vc_column width=\u00a0\u00bb1\/4&Prime; css=\u00a0\u00bb.vc_custom_1601565267961{margin-bottom: 0px !important;padding-bottom: 0px !important;}\u00a0\u00bb][\/vc_column][vc_column width=\u00a0\u00bb1\/4&Prime;][\/vc_column][\/vc_row]<\/p>\n","protected":false},"author":3,"featured_media":0,"parent":3902,"menu_order":4,"comment_status":"closed","ping_status":"closed","template":"","meta":{"footnotes":""},"class_list":["post-3808","page","type-page","status-publish","hentry","description-off"],"yoast_head":"<!-- This site is optimized with the Yoast SEO Premium plugin v27.2 (Yoast SEO v27.4) - https:\/\/yoast.com\/product\/yoast-seo-premium-wordpress\/ -->\n<title>Comit\u00e9 Ex\u00e9cutif &#8211; AB Science<\/title>\n<meta name=\"description\" content=\"Alain Moussy est co-fondateur et directeur g\u00e9n\u00e9ral de l&#039;\u00e9quipe AB Science : Laurent Guy, Christian Fassotte, Alexis Bernard, Yves Grumser...\" \/>\n<meta name=\"robots\" content=\"index, follow, max-snippet:-1, max-image-preview:large, max-video-preview:-1\" \/>\n<link rel=\"canonical\" href=\"https:\/\/www.ab-science.com\/fr\/societe\/comite-executif\/\" \/>\n<meta property=\"og:locale\" content=\"fr_FR\" \/>\n<meta property=\"og:type\" content=\"article\" \/>\n<meta property=\"og:title\" content=\"Comit\u00e9 Ex\u00e9cutif\" \/>\n<meta property=\"og:description\" content=\"Alain Moussy est co-fondateur et directeur g\u00e9n\u00e9ral de l&#039;\u00e9quipe AB Science : Laurent Guy, Christian Fassotte, Alexis Bernard, Yves Grumser...\" \/>\n<meta property=\"og:url\" content=\"https:\/\/www.ab-science.com\/fr\/societe\/comite-executif\/\" \/>\n<meta property=\"og:site_name\" content=\"AB Science\" \/>\n<meta property=\"article:modified_time\" content=\"2022-11-21T13:39:00+00:00\" \/>\n<meta property=\"og:image\" content=\"https:\/\/www.ab-science.com\/wp-content\/uploads\/2020\/10\/Alain_Moussy_Chief_executive_officer.jpg\" \/>\n<meta name=\"twitter:card\" content=\"summary_large_image\" \/>\n<meta name=\"twitter:label1\" content=\"Dur\u00e9e de lecture estim\u00e9e\" \/>\n\t<meta name=\"twitter:data1\" content=\"2 minutes\" \/>\n<script type=\"application\/ld+json\" class=\"yoast-schema-graph\">{\"@context\":\"https:\\\/\\\/schema.org\",\"@graph\":[{\"@type\":\"WebPage\",\"@id\":\"https:\\\/\\\/www.ab-science.com\\\/fr\\\/societe\\\/comite-executif\\\/\",\"url\":\"https:\\\/\\\/www.ab-science.com\\\/fr\\\/societe\\\/comite-executif\\\/\",\"name\":\"Comit\u00e9 Ex\u00e9cutif &#8211; AB Science\",\"isPartOf\":{\"@id\":\"https:\\\/\\\/www.ab-science.com\\\/fr\\\/#website\"},\"datePublished\":\"2018-05-04T08:18:30+00:00\",\"dateModified\":\"2022-11-21T13:39:00+00:00\",\"description\":\"Alain Moussy est co-fondateur et directeur g\u00e9n\u00e9ral de l'\u00e9quipe AB Science : Laurent Guy, Christian Fassotte, Alexis Bernard, Yves Grumser...\",\"breadcrumb\":{\"@id\":\"https:\\\/\\\/www.ab-science.com\\\/fr\\\/societe\\\/comite-executif\\\/#breadcrumb\"},\"inLanguage\":\"fr-FR\",\"potentialAction\":[{\"@type\":\"ReadAction\",\"target\":[\"https:\\\/\\\/www.ab-science.com\\\/fr\\\/societe\\\/comite-executif\\\/\"]}]},{\"@type\":\"BreadcrumbList\",\"@id\":\"https:\\\/\\\/www.ab-science.com\\\/fr\\\/societe\\\/comite-executif\\\/#breadcrumb\",\"itemListElement\":[{\"@type\":\"ListItem\",\"position\":1,\"name\":\"Accueil\",\"item\":\"https:\\\/\\\/www.ab-science.com\\\/fr\\\/\"},{\"@type\":\"ListItem\",\"position\":2,\"name\":\"Soci\u00e9t\u00e9\",\"item\":\"https:\\\/\\\/www.ab-science.com\\\/fr\\\/societe\\\/\"},{\"@type\":\"ListItem\",\"position\":3,\"name\":\"Comit\u00e9 Ex\u00e9cutif\"}]},{\"@type\":\"WebSite\",\"@id\":\"https:\\\/\\\/www.ab-science.com\\\/fr\\\/#website\",\"url\":\"https:\\\/\\\/www.ab-science.com\\\/fr\\\/\",\"name\":\"AB Science\",\"description\":\"Masitinib and AB8939 \u2013 Two compounds with breakthrough mechanism of action\",\"publisher\":{\"@id\":\"https:\\\/\\\/www.ab-science.com\\\/fr\\\/#organization\"},\"potentialAction\":[{\"@type\":\"SearchAction\",\"target\":{\"@type\":\"EntryPoint\",\"urlTemplate\":\"https:\\\/\\\/www.ab-science.com\\\/fr\\\/?s={search_term_string}\"},\"query-input\":{\"@type\":\"PropertyValueSpecification\",\"valueRequired\":true,\"valueName\":\"search_term_string\"}}],\"inLanguage\":\"fr-FR\"},{\"@type\":\"Organization\",\"@id\":\"https:\\\/\\\/www.ab-science.com\\\/fr\\\/#organization\",\"name\":\"AB Science\",\"url\":\"https:\\\/\\\/www.ab-science.com\\\/fr\\\/\",\"logo\":{\"@type\":\"ImageObject\",\"inLanguage\":\"fr-FR\",\"@id\":\"https:\\\/\\\/www.ab-science.com\\\/fr\\\/#\\\/schema\\\/logo\\\/image\\\/\",\"url\":\"https:\\\/\\\/www.ab-science.com\\\/wp-content\\\/uploads\\\/2020\\\/11\\\/logo_ab-science-wh120.png\",\"contentUrl\":\"https:\\\/\\\/www.ab-science.com\\\/wp-content\\\/uploads\\\/2020\\\/11\\\/logo_ab-science-wh120.png\",\"width\":120,\"height\":120,\"caption\":\"AB Science\"},\"image\":{\"@id\":\"https:\\\/\\\/www.ab-science.com\\\/fr\\\/#\\\/schema\\\/logo\\\/image\\\/\"},\"sameAs\":[\"https:\\\/\\\/www.linkedin.com\\\/company\\\/ab-science\\\/\"]}]}<\/script>\n<!-- \/ Yoast SEO Premium plugin. -->","yoast_head_json":{"title":"Comit\u00e9 Ex\u00e9cutif &#8211; AB Science","description":"Alain Moussy est co-fondateur et directeur g\u00e9n\u00e9ral de l'\u00e9quipe AB Science : Laurent Guy, Christian Fassotte, Alexis Bernard, Yves Grumser...","robots":{"index":"index","follow":"follow","max-snippet":"max-snippet:-1","max-image-preview":"max-image-preview:large","max-video-preview":"max-video-preview:-1"},"canonical":"https:\/\/www.ab-science.com\/fr\/societe\/comite-executif\/","og_locale":"fr_FR","og_type":"article","og_title":"Comit\u00e9 Ex\u00e9cutif","og_description":"Alain Moussy est co-fondateur et directeur g\u00e9n\u00e9ral de l'\u00e9quipe AB Science : Laurent Guy, Christian Fassotte, Alexis Bernard, Yves Grumser...","og_url":"https:\/\/www.ab-science.com\/fr\/societe\/comite-executif\/","og_site_name":"AB Science","article_modified_time":"2022-11-21T13:39:00+00:00","og_image":[{"url":"https:\/\/www.ab-science.com\/wp-content\/uploads\/2020\/10\/Alain_Moussy_Chief_executive_officer.jpg","type":"","width":"","height":""}],"twitter_card":"summary_large_image","twitter_misc":{"Dur\u00e9e de lecture estim\u00e9e":"2 minutes"},"schema":{"@context":"https:\/\/schema.org","@graph":[{"@type":"WebPage","@id":"https:\/\/www.ab-science.com\/fr\/societe\/comite-executif\/","url":"https:\/\/www.ab-science.com\/fr\/societe\/comite-executif\/","name":"Comit\u00e9 Ex\u00e9cutif &#8211; AB Science","isPartOf":{"@id":"https:\/\/www.ab-science.com\/fr\/#website"},"datePublished":"2018-05-04T08:18:30+00:00","dateModified":"2022-11-21T13:39:00+00:00","description":"Alain Moussy est co-fondateur et directeur g\u00e9n\u00e9ral de l'\u00e9quipe AB Science : Laurent Guy, Christian Fassotte, Alexis Bernard, Yves Grumser...","breadcrumb":{"@id":"https:\/\/www.ab-science.com\/fr\/societe\/comite-executif\/#breadcrumb"},"inLanguage":"fr-FR","potentialAction":[{"@type":"ReadAction","target":["https:\/\/www.ab-science.com\/fr\/societe\/comite-executif\/"]}]},{"@type":"BreadcrumbList","@id":"https:\/\/www.ab-science.com\/fr\/societe\/comite-executif\/#breadcrumb","itemListElement":[{"@type":"ListItem","position":1,"name":"Accueil","item":"https:\/\/www.ab-science.com\/fr\/"},{"@type":"ListItem","position":2,"name":"Soci\u00e9t\u00e9","item":"https:\/\/www.ab-science.com\/fr\/societe\/"},{"@type":"ListItem","position":3,"name":"Comit\u00e9 Ex\u00e9cutif"}]},{"@type":"WebSite","@id":"https:\/\/www.ab-science.com\/fr\/#website","url":"https:\/\/www.ab-science.com\/fr\/","name":"AB Science","description":"Masitinib and AB8939 \u2013 Two compounds with breakthrough mechanism of action","publisher":{"@id":"https:\/\/www.ab-science.com\/fr\/#organization"},"potentialAction":[{"@type":"SearchAction","target":{"@type":"EntryPoint","urlTemplate":"https:\/\/www.ab-science.com\/fr\/?s={search_term_string}"},"query-input":{"@type":"PropertyValueSpecification","valueRequired":true,"valueName":"search_term_string"}}],"inLanguage":"fr-FR"},{"@type":"Organization","@id":"https:\/\/www.ab-science.com\/fr\/#organization","name":"AB Science","url":"https:\/\/www.ab-science.com\/fr\/","logo":{"@type":"ImageObject","inLanguage":"fr-FR","@id":"https:\/\/www.ab-science.com\/fr\/#\/schema\/logo\/image\/","url":"https:\/\/www.ab-science.com\/wp-content\/uploads\/2020\/11\/logo_ab-science-wh120.png","contentUrl":"https:\/\/www.ab-science.com\/wp-content\/uploads\/2020\/11\/logo_ab-science-wh120.png","width":120,"height":120,"caption":"AB Science"},"image":{"@id":"https:\/\/www.ab-science.com\/fr\/#\/schema\/logo\/image\/"},"sameAs":["https:\/\/www.linkedin.com\/company\/ab-science\/"]}]}},"_links":{"self":[{"href":"https:\/\/www.ab-science.com\/fr\/wp-json\/wp\/v2\/pages\/3808","targetHints":{"allow":["GET"]}}],"collection":[{"href":"https:\/\/www.ab-science.com\/fr\/wp-json\/wp\/v2\/pages"}],"about":[{"href":"https:\/\/www.ab-science.com\/fr\/wp-json\/wp\/v2\/types\/page"}],"author":[{"embeddable":true,"href":"https:\/\/www.ab-science.com\/fr\/wp-json\/wp\/v2\/users\/3"}],"replies":[{"embeddable":true,"href":"https:\/\/www.ab-science.com\/fr\/wp-json\/wp\/v2\/comments?post=3808"}],"version-history":[{"count":0,"href":"https:\/\/www.ab-science.com\/fr\/wp-json\/wp\/v2\/pages\/3808\/revisions"}],"up":[{"embeddable":true,"href":"https:\/\/www.ab-science.com\/fr\/wp-json\/wp\/v2\/pages\/3902"}],"wp:attachment":[{"href":"https:\/\/www.ab-science.com\/fr\/wp-json\/wp\/v2\/media?parent=3808"}],"curies":[{"name":"wp","href":"https:\/\/api.w.org\/{rel}","templated":true}]}}