{"id":3793,"date":"2020-09-29T15:04:25","date_gmt":"2020-09-29T14:04:25","guid":{"rendered":"https:\/\/www.ab-science.com\/apercu-de-lentreprise\/"},"modified":"2025-05-21T14:18:50","modified_gmt":"2025-05-21T13:18:50","slug":"vue-d-ensemble-de-la-societe","status":"publish","type":"page","link":"https:\/\/www.ab-science.com\/fr\/societe\/vue-d-ensemble-de-la-societe\/","title":{"rendered":"Pr\u00e9sentation g\u00e9n\u00e9rale"},"content":{"rendered":"<div class=\"wpb-content-wrapper\"><p>[vc_row equal_height=\u00a0\u00bbyes\u00a0\u00bb content_placement=\u00a0\u00bbtop\u00a0\u00bb][vc_column][vc_column_text css=\u00a0\u00bb\u00a0\u00bb]AB Science est une entreprise fran\u00e7aise en phase clinique avanc\u00e9e, fond\u00e9e en 2001 par une \u00e9quipe de scientifiques dans le but de d\u00e9velopper des m\u00e9dicaments innovants dans des pathologies \u00e0 fort besoin m\u00e9dical.<\/p>\n<p>La soci\u00e9t\u00e9 est bas\u00e9e \u00e0 Paris et est cot\u00e9e sur Euronext depuis 2010 (compartiment B, Paris, France).<\/p>\n<p>AB Science compte pr\u00e8s de 40 employ\u00e9s principalement d\u00e9di\u00e9s aux activit\u00e9s de R&amp;D.<\/p>\n<p>AB Science d\u00e9veloppe actuellement deux mol\u00e9cules principales, le <a href=\"https:\/\/www.ab-science.com\/fr\/pipeline\/\"><strong>masitinib<\/strong><\/a>, un inhibiteur de tyrosine kinase hautement s\u00e9lectif et <a href=\"https:\/\/www.ab-science.com\/fr\/pipeline\/ab8939-leucemie-myeloide-aigue\/\"><strong>AB8939<\/strong><\/a>, un d\u00e9stabilisateur de microtubules de nouvelle g\u00e9n\u00e9ration.<\/p>\n<p>En m\u00e9decine humaine, AB Science dispose d&rsquo;un portefeuille d&rsquo;indications unique avec de multiples programmes en phase avanc\u00e9e, sur des pathologies \u00e0 fort potentiel de march\u00e9 ainsi que sur des maladies orphelines.[\/vc_column_text][\/vc_column][\/vc_row]<\/p>\n<\/div>","protected":false},"excerpt":{"rendered":"<p>[vc_row equal_height=\u00a0\u00bbyes\u00a0\u00bb content_placement=\u00a0\u00bbtop\u00a0\u00bb][vc_column][vc_column_text css=\u00a0\u00bb\u00a0\u00bb]AB Science est une entreprise fran\u00e7aise en phase clinique avanc\u00e9e, fond\u00e9e en 2001 par une \u00e9quipe de scientifiques dans le but de d\u00e9velopper des m\u00e9dicaments innovants dans des pathologies \u00e0 fort besoin m\u00e9dical. La soci\u00e9t\u00e9 est bas\u00e9e \u00e0 Paris et est cot\u00e9e sur Euronext depuis 2010 (compartiment B, Paris, France). AB Science&hellip;<\/p>\n","protected":false},"author":1,"featured_media":0,"parent":3902,"menu_order":0,"comment_status":"closed","ping_status":"closed","template":"","meta":{"footnotes":""},"class_list":["post-3793","page","type-page","status-publish","hentry","description-off"],"yoast_head":"<!-- This site is optimized with the Yoast SEO Premium plugin v27.2 (Yoast SEO v27.3) - https:\/\/yoast.com\/product\/yoast-seo-premium-wordpress\/ -->\n<title>AB Science, soci\u00e9t\u00e9 fran\u00e7aise de d\u00e9veloppement clinique avanc\u00e9<\/title>\n<meta name=\"description\" content=\"AB Science est une entreprise fran\u00e7aise de d\u00e9veloppement clinique avanc\u00e9 qui d\u00e9velopper des m\u00e9dicaments innovants\" \/>\n<meta name=\"robots\" content=\"index, follow, max-snippet:-1, max-image-preview:large, max-video-preview:-1\" \/>\n<link rel=\"canonical\" href=\"https:\/\/www.ab-science.com\/fr\/societe\/vue-d-ensemble-de-la-societe\/\" \/>\n<meta property=\"og:locale\" content=\"fr_FR\" \/>\n<meta property=\"og:type\" content=\"article\" \/>\n<meta property=\"og:title\" content=\"Pr\u00e9sentation g\u00e9n\u00e9rale\" \/>\n<meta property=\"og:description\" content=\"AB Science est une entreprise fran\u00e7aise de d\u00e9veloppement clinique avanc\u00e9 qui d\u00e9velopper des m\u00e9dicaments innovants\" \/>\n<meta property=\"og:url\" content=\"https:\/\/www.ab-science.com\/fr\/societe\/vue-d-ensemble-de-la-societe\/\" \/>\n<meta property=\"og:site_name\" content=\"AB Science\" \/>\n<meta property=\"article:modified_time\" content=\"2025-05-21T13:18:50+00:00\" \/>\n<meta name=\"twitter:card\" content=\"summary_large_image\" \/>\n<meta name=\"twitter:label1\" content=\"Dur\u00e9e de lecture estim\u00e9e\" \/>\n\t<meta name=\"twitter:data1\" content=\"2 minutes\" \/>\n<script type=\"application\/ld+json\" class=\"yoast-schema-graph\">{\"@context\":\"https:\\\/\\\/schema.org\",\"@graph\":[{\"@type\":\"WebPage\",\"@id\":\"https:\\\/\\\/www.ab-science.com\\\/fr\\\/societe\\\/vue-d-ensemble-de-la-societe\\\/\",\"url\":\"https:\\\/\\\/www.ab-science.com\\\/fr\\\/societe\\\/vue-d-ensemble-de-la-societe\\\/\",\"name\":\"AB Science, soci\u00e9t\u00e9 fran\u00e7aise de d\u00e9veloppement clinique avanc\u00e9\",\"isPartOf\":{\"@id\":\"https:\\\/\\\/www.ab-science.com\\\/fr\\\/#website\"},\"datePublished\":\"2020-09-29T14:04:25+00:00\",\"dateModified\":\"2025-05-21T13:18:50+00:00\",\"description\":\"AB Science est une entreprise fran\u00e7aise de d\u00e9veloppement clinique avanc\u00e9 qui d\u00e9velopper des m\u00e9dicaments innovants\",\"breadcrumb\":{\"@id\":\"https:\\\/\\\/www.ab-science.com\\\/fr\\\/societe\\\/vue-d-ensemble-de-la-societe\\\/#breadcrumb\"},\"inLanguage\":\"fr-FR\",\"potentialAction\":[{\"@type\":\"ReadAction\",\"target\":[\"https:\\\/\\\/www.ab-science.com\\\/fr\\\/societe\\\/vue-d-ensemble-de-la-societe\\\/\"]}]},{\"@type\":\"BreadcrumbList\",\"@id\":\"https:\\\/\\\/www.ab-science.com\\\/fr\\\/societe\\\/vue-d-ensemble-de-la-societe\\\/#breadcrumb\",\"itemListElement\":[{\"@type\":\"ListItem\",\"position\":1,\"name\":\"Accueil\",\"item\":\"https:\\\/\\\/www.ab-science.com\\\/fr\\\/\"},{\"@type\":\"ListItem\",\"position\":2,\"name\":\"Soci\u00e9t\u00e9\",\"item\":\"https:\\\/\\\/www.ab-science.com\\\/fr\\\/societe\\\/\"},{\"@type\":\"ListItem\",\"position\":3,\"name\":\"Pr\u00e9sentation g\u00e9n\u00e9rale\"}]},{\"@type\":\"WebSite\",\"@id\":\"https:\\\/\\\/www.ab-science.com\\\/fr\\\/#website\",\"url\":\"https:\\\/\\\/www.ab-science.com\\\/fr\\\/\",\"name\":\"AB Science\",\"description\":\"Masitinib and AB8939 \u2013 Two compounds with breakthrough mechanism of action\",\"publisher\":{\"@id\":\"https:\\\/\\\/www.ab-science.com\\\/fr\\\/#organization\"},\"potentialAction\":[{\"@type\":\"SearchAction\",\"target\":{\"@type\":\"EntryPoint\",\"urlTemplate\":\"https:\\\/\\\/www.ab-science.com\\\/fr\\\/?s={search_term_string}\"},\"query-input\":{\"@type\":\"PropertyValueSpecification\",\"valueRequired\":true,\"valueName\":\"search_term_string\"}}],\"inLanguage\":\"fr-FR\"},{\"@type\":\"Organization\",\"@id\":\"https:\\\/\\\/www.ab-science.com\\\/fr\\\/#organization\",\"name\":\"AB Science\",\"url\":\"https:\\\/\\\/www.ab-science.com\\\/fr\\\/\",\"logo\":{\"@type\":\"ImageObject\",\"inLanguage\":\"fr-FR\",\"@id\":\"https:\\\/\\\/www.ab-science.com\\\/fr\\\/#\\\/schema\\\/logo\\\/image\\\/\",\"url\":\"https:\\\/\\\/www.ab-science.com\\\/wp-content\\\/uploads\\\/2020\\\/11\\\/logo_ab-science-wh120.png\",\"contentUrl\":\"https:\\\/\\\/www.ab-science.com\\\/wp-content\\\/uploads\\\/2020\\\/11\\\/logo_ab-science-wh120.png\",\"width\":120,\"height\":120,\"caption\":\"AB Science\"},\"image\":{\"@id\":\"https:\\\/\\\/www.ab-science.com\\\/fr\\\/#\\\/schema\\\/logo\\\/image\\\/\"},\"sameAs\":[\"https:\\\/\\\/www.linkedin.com\\\/company\\\/ab-science\\\/\"]}]}<\/script>\n<!-- \/ Yoast SEO Premium plugin. -->","yoast_head_json":{"title":"AB Science, soci\u00e9t\u00e9 fran\u00e7aise de d\u00e9veloppement clinique avanc\u00e9","description":"AB Science est une entreprise fran\u00e7aise de d\u00e9veloppement clinique avanc\u00e9 qui d\u00e9velopper des m\u00e9dicaments innovants","robots":{"index":"index","follow":"follow","max-snippet":"max-snippet:-1","max-image-preview":"max-image-preview:large","max-video-preview":"max-video-preview:-1"},"canonical":"https:\/\/www.ab-science.com\/fr\/societe\/vue-d-ensemble-de-la-societe\/","og_locale":"fr_FR","og_type":"article","og_title":"Pr\u00e9sentation g\u00e9n\u00e9rale","og_description":"AB Science est une entreprise fran\u00e7aise de d\u00e9veloppement clinique avanc\u00e9 qui d\u00e9velopper des m\u00e9dicaments innovants","og_url":"https:\/\/www.ab-science.com\/fr\/societe\/vue-d-ensemble-de-la-societe\/","og_site_name":"AB Science","article_modified_time":"2025-05-21T13:18:50+00:00","twitter_card":"summary_large_image","twitter_misc":{"Dur\u00e9e de lecture estim\u00e9e":"2 minutes"},"schema":{"@context":"https:\/\/schema.org","@graph":[{"@type":"WebPage","@id":"https:\/\/www.ab-science.com\/fr\/societe\/vue-d-ensemble-de-la-societe\/","url":"https:\/\/www.ab-science.com\/fr\/societe\/vue-d-ensemble-de-la-societe\/","name":"AB Science, soci\u00e9t\u00e9 fran\u00e7aise de d\u00e9veloppement clinique avanc\u00e9","isPartOf":{"@id":"https:\/\/www.ab-science.com\/fr\/#website"},"datePublished":"2020-09-29T14:04:25+00:00","dateModified":"2025-05-21T13:18:50+00:00","description":"AB Science est une entreprise fran\u00e7aise de d\u00e9veloppement clinique avanc\u00e9 qui d\u00e9velopper des m\u00e9dicaments innovants","breadcrumb":{"@id":"https:\/\/www.ab-science.com\/fr\/societe\/vue-d-ensemble-de-la-societe\/#breadcrumb"},"inLanguage":"fr-FR","potentialAction":[{"@type":"ReadAction","target":["https:\/\/www.ab-science.com\/fr\/societe\/vue-d-ensemble-de-la-societe\/"]}]},{"@type":"BreadcrumbList","@id":"https:\/\/www.ab-science.com\/fr\/societe\/vue-d-ensemble-de-la-societe\/#breadcrumb","itemListElement":[{"@type":"ListItem","position":1,"name":"Accueil","item":"https:\/\/www.ab-science.com\/fr\/"},{"@type":"ListItem","position":2,"name":"Soci\u00e9t\u00e9","item":"https:\/\/www.ab-science.com\/fr\/societe\/"},{"@type":"ListItem","position":3,"name":"Pr\u00e9sentation g\u00e9n\u00e9rale"}]},{"@type":"WebSite","@id":"https:\/\/www.ab-science.com\/fr\/#website","url":"https:\/\/www.ab-science.com\/fr\/","name":"AB Science","description":"Masitinib and AB8939 \u2013 Two compounds with breakthrough mechanism of action","publisher":{"@id":"https:\/\/www.ab-science.com\/fr\/#organization"},"potentialAction":[{"@type":"SearchAction","target":{"@type":"EntryPoint","urlTemplate":"https:\/\/www.ab-science.com\/fr\/?s={search_term_string}"},"query-input":{"@type":"PropertyValueSpecification","valueRequired":true,"valueName":"search_term_string"}}],"inLanguage":"fr-FR"},{"@type":"Organization","@id":"https:\/\/www.ab-science.com\/fr\/#organization","name":"AB Science","url":"https:\/\/www.ab-science.com\/fr\/","logo":{"@type":"ImageObject","inLanguage":"fr-FR","@id":"https:\/\/www.ab-science.com\/fr\/#\/schema\/logo\/image\/","url":"https:\/\/www.ab-science.com\/wp-content\/uploads\/2020\/11\/logo_ab-science-wh120.png","contentUrl":"https:\/\/www.ab-science.com\/wp-content\/uploads\/2020\/11\/logo_ab-science-wh120.png","width":120,"height":120,"caption":"AB Science"},"image":{"@id":"https:\/\/www.ab-science.com\/fr\/#\/schema\/logo\/image\/"},"sameAs":["https:\/\/www.linkedin.com\/company\/ab-science\/"]}]}},"_links":{"self":[{"href":"https:\/\/www.ab-science.com\/fr\/wp-json\/wp\/v2\/pages\/3793","targetHints":{"allow":["GET"]}}],"collection":[{"href":"https:\/\/www.ab-science.com\/fr\/wp-json\/wp\/v2\/pages"}],"about":[{"href":"https:\/\/www.ab-science.com\/fr\/wp-json\/wp\/v2\/types\/page"}],"author":[{"embeddable":true,"href":"https:\/\/www.ab-science.com\/fr\/wp-json\/wp\/v2\/users\/1"}],"replies":[{"embeddable":true,"href":"https:\/\/www.ab-science.com\/fr\/wp-json\/wp\/v2\/comments?post=3793"}],"version-history":[{"count":0,"href":"https:\/\/www.ab-science.com\/fr\/wp-json\/wp\/v2\/pages\/3793\/revisions"}],"up":[{"embeddable":true,"href":"https:\/\/www.ab-science.com\/fr\/wp-json\/wp\/v2\/pages\/3902"}],"wp:attachment":[{"href":"https:\/\/www.ab-science.com\/fr\/wp-json\/wp\/v2\/media?parent=3793"}],"curies":[{"name":"wp","href":"https:\/\/api.w.org\/{rel}","templated":true}]}}