{"id":3783,"date":"2018-05-01T09:19:29","date_gmt":"2018-05-01T08:19:29","guid":{"rendered":"https:\/\/www.ab-science.com\/valeurs\/"},"modified":"2023-05-23T23:45:41","modified_gmt":"2023-05-23T22:45:41","slug":"valeurs","status":"publish","type":"page","link":"https:\/\/www.ab-science.com\/fr\/societe\/valeurs\/","title":{"rendered":"Valeurs"},"content":{"rendered":"<div class=\"wpb-content-wrapper\"><p>[vc_row][vc_column][vc_column_text]Nous appliquons nos valeurs fondamentales chaque jour, ces valeurs font d&rsquo;AB Science ce que nous sommes : une entreprise profond\u00e9ment engag\u00e9e envers ses salari\u00e9s et ses patients, anim\u00e9e par la poursuite de l&rsquo;innovation.[\/vc_column_text][\/vc_column][\/vc_row][vc_row equal_height=\u00a0\u00bbyes\u00a0\u00bb content_placement=\u00a0\u00bbmiddle\u00a0\u00bb][vc_column width=\u00a0\u00bb1\/5&Prime;][vc_column_text]<\/p>\n<h4><strong>LES PATIENTS EN PRIORIT\u00c9<br \/>\n<\/strong><\/h4>\n<p>[\/vc_column_text][\/vc_column][vc_column width=\u00a0\u00bb4\/5&Prime;][vc_column_text]Hautement concentr\u00e9s sur l&rsquo;am\u00e9lioration de la vie des patients[\/vc_column_text][\/vc_column][\/vc_row][vc_row equal_height=\u00a0\u00bbyes\u00a0\u00bb content_placement=\u00a0\u00bbmiddle\u00a0\u00bb][vc_column width=\u00a0\u00bb1\/5&Prime;][vc_column_text]<\/p>\n<h4><strong>INNOVATION<\/strong><\/h4>\n<p>[\/vc_column_text][\/vc_column][vc_column width=\u00a0\u00bb4\/5&Prime;][vc_column_text]D\u00e9velopper des m\u00e9dicaments innovants qui ciblent des maladies ayant des besoins m\u00e9dicaux \u00e9lev\u00e9s non satisfaits[\/vc_column_text][\/vc_column][\/vc_row][vc_row equal_height=\u00a0\u00bbyes\u00a0\u00bb content_placement=\u00a0\u00bbmiddle\u00a0\u00bb][vc_column width=\u00a0\u00bb1\/5&Prime;][vc_column_text]<\/p>\n<h4><strong>ENGAGEMENT<\/strong><\/h4>\n<p>[\/vc_column_text][\/vc_column][vc_column width=\u00a0\u00bb4\/5&Prime;][vc_column_text]Par la collaboration et la coop\u00e9ration, rechercher des th\u00e9rapies innovantes qui, selon nous, feront la diff\u00e9rence[\/vc_column_text][\/vc_column][\/vc_row][vc_row equal_height=\u00a0\u00bbyes\u00a0\u00bb content_placement=\u00a0\u00bbmiddle\u00a0\u00bb][vc_column width=\u00a0\u00bb1\/5&Prime;][vc_column_text]<\/p>\n<h4><strong>CONFORMIT\u00c9<\/strong><\/h4>\n<p>[\/vc_column_text][\/vc_column][vc_column width=\u00a0\u00bb4\/5&Prime;][vc_column_text]Maintenir la conformit\u00e9 comme la pierre angulaire de notre action[\/vc_column_text][\/vc_column][\/vc_row][vc_row][vc_column][vc_separator el_width=\u00a0\u00bb50&Prime; css_animation=\u00a0\u00bbzoomIn\u00a0\u00bb][vc_column_text]Le Conseil d\u2019administration a adopt\u00e9 un code de conduite et d\u2019\u00e9thique des affaires, applicable \u00e0 tous les membres de la Soci\u00e9t\u00e9 (administrateurs, dirigeants, salari\u00e9s et autres personnes agissant au nom et pour le compte de la Soci\u00e9t\u00e9).[\/vc_column_text]<style type=\"text\/css\" data-type=\"the7_shortcodes-inline-css\">#default-btn-400a26ddb73f03949f45eb0813f2e718.ico-right-side > i {\n  margin-right: 0px;\n  margin-left: 8px;\n}\n#default-btn-400a26ddb73f03949f45eb0813f2e718 > i {\n  margin-right: 8px;\n}<\/style><div class=\"btn-align-center\"><a href=\"https:\/\/www.ab-science.com\/wp-content\/uploads\/2023\/05\/2023_Code_de_conduite_et_d_ethique_des_affaires.pdf\" class=\"default-btn-shortcode dt-btn dt-btn-m \" target=\"_blank\" id=\"default-btn-400a26ddb73f03949f45eb0813f2e718\" rel=\"noopener\"><i class=\"icomoon-the7-font-the7-more-00\"><\/i><span>Code de conduite et d\u2019\u00e9thique des Affaires<\/span><\/a><\/div>[\/vc_column][\/vc_row]<\/p>\n<\/div>","protected":false},"excerpt":{"rendered":"<p>[vc_row][vc_column][vc_column_text]Nous appliquons nos valeurs fondamentales chaque jour, ces valeurs font d&rsquo;AB Science ce que nous sommes : une entreprise profond\u00e9ment engag\u00e9e envers ses salari\u00e9s et ses patients, anim\u00e9e par la poursuite de l&rsquo;innovation.[\/vc_column_text][\/vc_column][\/vc_row][vc_row equal_height=\u00a0\u00bbyes\u00a0\u00bb content_placement=\u00a0\u00bbmiddle\u00a0\u00bb][vc_column width=\u00a0\u00bb1\/5&Prime;][vc_column_text] LES PATIENTS EN PRIORIT\u00c9 [\/vc_column_text][\/vc_column][vc_column width=\u00a0\u00bb4\/5&Prime;][vc_column_text]Hautement concentr\u00e9s sur l&rsquo;am\u00e9lioration de la vie des patients[\/vc_column_text][\/vc_column][\/vc_row][vc_row equal_height=\u00a0\u00bbyes\u00a0\u00bb content_placement=\u00a0\u00bbmiddle\u00a0\u00bb][vc_column width=\u00a0\u00bb1\/5&Prime;][vc_column_text] INNOVATION [\/vc_column_text][\/vc_column][vc_column&hellip;<\/p>\n","protected":false},"author":3,"featured_media":0,"parent":3902,"menu_order":1,"comment_status":"closed","ping_status":"closed","template":"","meta":{"footnotes":""},"class_list":["post-3783","page","type-page","status-publish","hentry","description-off"],"yoast_head":"<!-- This site is optimized with the Yoast SEO Premium plugin v27.2 (Yoast SEO v27.3) - https:\/\/yoast.com\/product\/yoast-seo-premium-wordpress\/ -->\n<title>Valeurs &#8211; AB Science<\/title>\n<meta name=\"description\" content=\"AB Science est une entreprise profond\u00e9ment engag\u00e9e envers ses salari\u00e9s et ses patients, anim\u00e9e par la poursuite de l\u2019innovation.\" \/>\n<meta name=\"robots\" content=\"index, follow, max-snippet:-1, max-image-preview:large, max-video-preview:-1\" \/>\n<link rel=\"canonical\" href=\"https:\/\/www.ab-science.com\/fr\/societe\/valeurs\/\" \/>\n<meta property=\"og:locale\" content=\"fr_FR\" \/>\n<meta property=\"og:type\" content=\"article\" \/>\n<meta property=\"og:title\" content=\"Valeurs\" \/>\n<meta property=\"og:description\" content=\"AB Science est une entreprise profond\u00e9ment engag\u00e9e envers ses salari\u00e9s et ses patients, anim\u00e9e par la poursuite de l\u2019innovation.\" \/>\n<meta property=\"og:url\" content=\"https:\/\/www.ab-science.com\/fr\/societe\/valeurs\/\" \/>\n<meta property=\"og:site_name\" content=\"AB Science\" \/>\n<meta property=\"article:modified_time\" content=\"2023-05-23T22:45:41+00:00\" \/>\n<meta name=\"twitter:card\" content=\"summary_large_image\" \/>\n<meta name=\"twitter:label1\" content=\"Dur\u00e9e de lecture estim\u00e9e\" \/>\n\t<meta name=\"twitter:data1\" content=\"1 minute\" \/>\n<script type=\"application\/ld+json\" class=\"yoast-schema-graph\">{\"@context\":\"https:\\\/\\\/schema.org\",\"@graph\":[{\"@type\":\"WebPage\",\"@id\":\"https:\\\/\\\/www.ab-science.com\\\/fr\\\/societe\\\/valeurs\\\/\",\"url\":\"https:\\\/\\\/www.ab-science.com\\\/fr\\\/societe\\\/valeurs\\\/\",\"name\":\"Valeurs &#8211; AB Science\",\"isPartOf\":{\"@id\":\"https:\\\/\\\/www.ab-science.com\\\/fr\\\/#website\"},\"datePublished\":\"2018-05-01T08:19:29+00:00\",\"dateModified\":\"2023-05-23T22:45:41+00:00\",\"description\":\"AB Science est une entreprise profond\u00e9ment engag\u00e9e envers ses salari\u00e9s et ses patients, anim\u00e9e par la poursuite de l\u2019innovation.\",\"breadcrumb\":{\"@id\":\"https:\\\/\\\/www.ab-science.com\\\/fr\\\/societe\\\/valeurs\\\/#breadcrumb\"},\"inLanguage\":\"fr-FR\",\"potentialAction\":[{\"@type\":\"ReadAction\",\"target\":[\"https:\\\/\\\/www.ab-science.com\\\/fr\\\/societe\\\/valeurs\\\/\"]}]},{\"@type\":\"BreadcrumbList\",\"@id\":\"https:\\\/\\\/www.ab-science.com\\\/fr\\\/societe\\\/valeurs\\\/#breadcrumb\",\"itemListElement\":[{\"@type\":\"ListItem\",\"position\":1,\"name\":\"Accueil\",\"item\":\"https:\\\/\\\/www.ab-science.com\\\/fr\\\/\"},{\"@type\":\"ListItem\",\"position\":2,\"name\":\"Soci\u00e9t\u00e9\",\"item\":\"https:\\\/\\\/www.ab-science.com\\\/fr\\\/societe\\\/\"},{\"@type\":\"ListItem\",\"position\":3,\"name\":\"Valeurs\"}]},{\"@type\":\"WebSite\",\"@id\":\"https:\\\/\\\/www.ab-science.com\\\/fr\\\/#website\",\"url\":\"https:\\\/\\\/www.ab-science.com\\\/fr\\\/\",\"name\":\"AB Science\",\"description\":\"Masitinib and AB8939 \u2013 Two compounds with breakthrough mechanism of action\",\"publisher\":{\"@id\":\"https:\\\/\\\/www.ab-science.com\\\/fr\\\/#organization\"},\"potentialAction\":[{\"@type\":\"SearchAction\",\"target\":{\"@type\":\"EntryPoint\",\"urlTemplate\":\"https:\\\/\\\/www.ab-science.com\\\/fr\\\/?s={search_term_string}\"},\"query-input\":{\"@type\":\"PropertyValueSpecification\",\"valueRequired\":true,\"valueName\":\"search_term_string\"}}],\"inLanguage\":\"fr-FR\"},{\"@type\":\"Organization\",\"@id\":\"https:\\\/\\\/www.ab-science.com\\\/fr\\\/#organization\",\"name\":\"AB Science\",\"url\":\"https:\\\/\\\/www.ab-science.com\\\/fr\\\/\",\"logo\":{\"@type\":\"ImageObject\",\"inLanguage\":\"fr-FR\",\"@id\":\"https:\\\/\\\/www.ab-science.com\\\/fr\\\/#\\\/schema\\\/logo\\\/image\\\/\",\"url\":\"https:\\\/\\\/www.ab-science.com\\\/wp-content\\\/uploads\\\/2020\\\/11\\\/logo_ab-science-wh120.png\",\"contentUrl\":\"https:\\\/\\\/www.ab-science.com\\\/wp-content\\\/uploads\\\/2020\\\/11\\\/logo_ab-science-wh120.png\",\"width\":120,\"height\":120,\"caption\":\"AB Science\"},\"image\":{\"@id\":\"https:\\\/\\\/www.ab-science.com\\\/fr\\\/#\\\/schema\\\/logo\\\/image\\\/\"},\"sameAs\":[\"https:\\\/\\\/www.linkedin.com\\\/company\\\/ab-science\\\/\"]}]}<\/script>\n<!-- \/ Yoast SEO Premium plugin. -->","yoast_head_json":{"title":"Valeurs &#8211; AB Science","description":"AB Science est une entreprise profond\u00e9ment engag\u00e9e envers ses salari\u00e9s et ses patients, anim\u00e9e par la poursuite de l\u2019innovation.","robots":{"index":"index","follow":"follow","max-snippet":"max-snippet:-1","max-image-preview":"max-image-preview:large","max-video-preview":"max-video-preview:-1"},"canonical":"https:\/\/www.ab-science.com\/fr\/societe\/valeurs\/","og_locale":"fr_FR","og_type":"article","og_title":"Valeurs","og_description":"AB Science est une entreprise profond\u00e9ment engag\u00e9e envers ses salari\u00e9s et ses patients, anim\u00e9e par la poursuite de l\u2019innovation.","og_url":"https:\/\/www.ab-science.com\/fr\/societe\/valeurs\/","og_site_name":"AB Science","article_modified_time":"2023-05-23T22:45:41+00:00","twitter_card":"summary_large_image","twitter_misc":{"Dur\u00e9e de lecture estim\u00e9e":"1 minute"},"schema":{"@context":"https:\/\/schema.org","@graph":[{"@type":"WebPage","@id":"https:\/\/www.ab-science.com\/fr\/societe\/valeurs\/","url":"https:\/\/www.ab-science.com\/fr\/societe\/valeurs\/","name":"Valeurs &#8211; AB Science","isPartOf":{"@id":"https:\/\/www.ab-science.com\/fr\/#website"},"datePublished":"2018-05-01T08:19:29+00:00","dateModified":"2023-05-23T22:45:41+00:00","description":"AB Science est une entreprise profond\u00e9ment engag\u00e9e envers ses salari\u00e9s et ses patients, anim\u00e9e par la poursuite de l\u2019innovation.","breadcrumb":{"@id":"https:\/\/www.ab-science.com\/fr\/societe\/valeurs\/#breadcrumb"},"inLanguage":"fr-FR","potentialAction":[{"@type":"ReadAction","target":["https:\/\/www.ab-science.com\/fr\/societe\/valeurs\/"]}]},{"@type":"BreadcrumbList","@id":"https:\/\/www.ab-science.com\/fr\/societe\/valeurs\/#breadcrumb","itemListElement":[{"@type":"ListItem","position":1,"name":"Accueil","item":"https:\/\/www.ab-science.com\/fr\/"},{"@type":"ListItem","position":2,"name":"Soci\u00e9t\u00e9","item":"https:\/\/www.ab-science.com\/fr\/societe\/"},{"@type":"ListItem","position":3,"name":"Valeurs"}]},{"@type":"WebSite","@id":"https:\/\/www.ab-science.com\/fr\/#website","url":"https:\/\/www.ab-science.com\/fr\/","name":"AB Science","description":"Masitinib and AB8939 \u2013 Two compounds with breakthrough mechanism of action","publisher":{"@id":"https:\/\/www.ab-science.com\/fr\/#organization"},"potentialAction":[{"@type":"SearchAction","target":{"@type":"EntryPoint","urlTemplate":"https:\/\/www.ab-science.com\/fr\/?s={search_term_string}"},"query-input":{"@type":"PropertyValueSpecification","valueRequired":true,"valueName":"search_term_string"}}],"inLanguage":"fr-FR"},{"@type":"Organization","@id":"https:\/\/www.ab-science.com\/fr\/#organization","name":"AB Science","url":"https:\/\/www.ab-science.com\/fr\/","logo":{"@type":"ImageObject","inLanguage":"fr-FR","@id":"https:\/\/www.ab-science.com\/fr\/#\/schema\/logo\/image\/","url":"https:\/\/www.ab-science.com\/wp-content\/uploads\/2020\/11\/logo_ab-science-wh120.png","contentUrl":"https:\/\/www.ab-science.com\/wp-content\/uploads\/2020\/11\/logo_ab-science-wh120.png","width":120,"height":120,"caption":"AB Science"},"image":{"@id":"https:\/\/www.ab-science.com\/fr\/#\/schema\/logo\/image\/"},"sameAs":["https:\/\/www.linkedin.com\/company\/ab-science\/"]}]}},"_links":{"self":[{"href":"https:\/\/www.ab-science.com\/fr\/wp-json\/wp\/v2\/pages\/3783","targetHints":{"allow":["GET"]}}],"collection":[{"href":"https:\/\/www.ab-science.com\/fr\/wp-json\/wp\/v2\/pages"}],"about":[{"href":"https:\/\/www.ab-science.com\/fr\/wp-json\/wp\/v2\/types\/page"}],"author":[{"embeddable":true,"href":"https:\/\/www.ab-science.com\/fr\/wp-json\/wp\/v2\/users\/3"}],"replies":[{"embeddable":true,"href":"https:\/\/www.ab-science.com\/fr\/wp-json\/wp\/v2\/comments?post=3783"}],"version-history":[{"count":0,"href":"https:\/\/www.ab-science.com\/fr\/wp-json\/wp\/v2\/pages\/3783\/revisions"}],"up":[{"embeddable":true,"href":"https:\/\/www.ab-science.com\/fr\/wp-json\/wp\/v2\/pages\/3902"}],"wp:attachment":[{"href":"https:\/\/www.ab-science.com\/fr\/wp-json\/wp\/v2\/media?parent=3783"}],"curies":[{"name":"wp","href":"https:\/\/api.w.org\/{rel}","templated":true}]}}