{"id":3711,"date":"2020-10-01T11:58:43","date_gmt":"2020-10-01T10:58:43","guid":{"rendered":"https:\/\/www.ab-science.com\/mastocytose-systemique-indolente\/"},"modified":"2025-05-21T14:12:02","modified_gmt":"2025-05-21T13:12:02","slug":"mastocytose-systemique-indolente","status":"publish","type":"page","link":"https:\/\/www.ab-science.com\/fr\/pipeline\/masitinib-apercu\/mastocytose-systemique-indolente\/","title":{"rendered":"Mastocytose Syst\u00e9mique Indolente"},"content":{"rendered":"<div class=\"wpb-content-wrapper\"><p>[vc_row css=\u00a0\u00bb.vc_custom_1633514202311{background-color: #00477a !important;border: 10px solid #00477a !important;border-radius: 10px !important;}\u00a0\u00bb][vc_column css=\u00a0\u00bb.vc_custom_1633514590586{padding-top: 20px !important;}\u00a0\u00bb][vc_column_text css=\u00a0\u00bb.vc_custom_1633514499321{margin-bottom: 20px !important;}\u00a0\u00bb]<\/p>\n<p class=\"blanc\" style=\"text-align: center;\">Si vous souhaitez participer \u00e0 l\u2019\u00e9tude en cours, veuillez nous contacter \u00e0 <a class=\"blanc\" href=\"mailto:clinical@ab-science.com\">clinical@ab-science.com<\/a>\u200b<\/p>\n<p>[\/vc_column_text][\/vc_column][\/vc_row][vc_row][vc_column]<div class=\"dt-fancy-separator title-left h3-size title-color accent-border-color\" style=\"width: 100%;\"><div class=\"dt-fancy-title\"><span class=\"separator-holder separator-left\"><\/span>\u00c0 propos de la Mastocytose Syst\u00e9mique Indolente<span class=\"separator-holder separator-right\"><\/span><\/div><\/div><div class=\"ult-spacer spacer-69e281a84fa0b\" data-id=\"69e281a84fa0b\" data-height=\"20\" data-height-mobile=\"10\" data-height-tab=\"20\" data-height-tab-portrait=\"20\" data-height-mobile-landscape=\"10\" style=\"clear:both;display:block;\"><\/div>[vc_column_text]La mastocytose est une maladie rare caract\u00e9ris\u00e9e par la prolif\u00e9ration et l\u2019accumulation de mastocytes dans divers tissus, provoquant une grande vari\u00e9t\u00e9 de sympt\u00f4mes cliniques. La mastocytose syst\u00e9mique indolente, y compris la sous-variante de la mastocytose syst\u00e9mique de type \u00ab\u00a0smouldering\u00a0\u00bb, est un \u00e9tat permanent associ\u00e9 \u00e0 une qualit\u00e9 de vie r\u00e9duite.<\/p>\n<p>La mastocytose peut \u00eatre class\u00e9e en deux cat\u00e9gories : la mastocytose cutan\u00e9e et la mastocytose syst\u00e9mique. La mastocytose syst\u00e9mique (MS) peut \u00eatre class\u00e9e en trois cat\u00e9gories : la MS indolente, la MS de type \u00ab\u00a0smouldering\u00a0\u00bb et la MS agressive. Les patients atteints de MS indolente ou de MS de type \u00ab\u00a0smouldering\u00a0\u00bb ont une esp\u00e9rance de vie (presque) normale, tandis que les patients atteints de MS agressive ont une survie globale m\u00e9diane d\u2019environ 4 ans.<\/p>\n<p>Il existe un fort besoin non satisfait dans la mastocytose syst\u00e9mique indolente (MSI) et la mastocytose syst\u00e9mique de type \u00ab\u00a0smouldering\u00a0\u00bb (MSS) pour de nouvelles options th\u00e9rapeutiques ayant une activit\u00e9 d\u00e9montr\u00e9e sur les sympt\u00f4mes graves et un profil de tol\u00e9rance ad\u00e9quat pour un traitement \u00e0 vie. Le masitinib est le principal programme dans la MSI avec une approche viable pour atteindre cet objectif.[\/vc_column_text]<div class=\"dt-fancy-separator title-left h3-size title-color accent-border-color\" style=\"width: 100%;\"><div class=\"dt-fancy-title\"><span class=\"separator-holder separator-left\"><\/span>Positionnement du masitinib dans la Mastocytose Syst\u00e9mique Indolente<span class=\"separator-holder separator-right\"><\/span><\/div><\/div><div class=\"ult-spacer spacer-69e281a84fa8f\" data-id=\"69e281a84fa8f\" data-height=\"20\" data-height-mobile=\"10\" data-height-tab=\"20\" data-height-tab-portrait=\"20\" data-height-mobile-landscape=\"10\" style=\"clear:both;display:block;\"><\/div>[vc_column_text]Le masitinib est d\u00e9velopp\u00e9 dans la MSI et la MSS, qui sont les formes les plus r\u00e9pandues de mastocytose, repr\u00e9sentant environ 60% des patients.<\/p>\n<p>Les propri\u00e9t\u00e9s anti-mastocytes du masitinib semblent particuli\u00e8rement bien adapt\u00e9es au traitement de la mastocytose syst\u00e9mique indolente. Une r\u00e9duction de l&rsquo;activit\u00e9 des mastocytes est g\u00e9n\u00e9r\u00e9e par son action inhibitrice sur les tyrosines kinases sauvages de type c-Kit, Lyn et Fyn.<\/p>\n<p>En reconnaissance du besoin critique de nouveaux traitements, le masitinib a re\u00e7u la d\u00e9signation de m\u00e9dicament orphelin pour la mastocytose \u00e0 la fois de l&rsquo;Agence Europ\u00e9enne de M\u00e9decine (EMA) et de la Food and Drug Administration (FDA) des \u00c9tats-Unis.[\/vc_column_text]<div class=\"ult-spacer spacer-69e281a84fac3\" data-id=\"69e281a84fac3\" data-height=\"20\" data-height-mobile=\"10\" data-height-tab=\"20\" data-height-tab-portrait=\"20\" data-height-mobile-landscape=\"10\" style=\"clear:both;display:block;\"><\/div><div class=\"dt-fancy-separator title-left h3-size title-color accent-border-color\" style=\"width: 100%;\"><div class=\"dt-fancy-title\"><span class=\"separator-holder separator-left\"><\/span>R\u00e9sultats positifs de phase 2 du masitinib dans la Mastocytose<span class=\"separator-holder separator-right\"><\/span><\/div><\/div><div class=\"ult-spacer spacer-69e281a84fb2c\" data-id=\"69e281a84fb2c\" data-height=\"20\" data-height-mobile=\"10\" data-height-tab=\"20\" data-height-tab-portrait=\"20\" data-height-mobile-landscape=\"10\" style=\"clear:both;display:block;\"><\/div>[vc_column_text]AB Science a rapport\u00e9 des r\u00e9sultats positifs de deux \u00e9tudes de preuve de concept de phase 2A avec le masitinib dans la mastocytose. Ces deux \u00e9tudes de phase 2a ont recrut\u00e9 un total de 46 patients dans deux sous-populations de patients souffrant de mastocytose indolente avec handicap : une \u00e9tude chez des patients qui n\u2019\u00e9taient pas porteurs de la mutation D816V sur le g\u00e8ne c-Kit et une autre chez des patients qui \u00e9taient porteurs de cette mutation.<\/p>\n<p>Dans l\u2019\u00e9tude men\u00e9e aupr\u00e8s de patients porteurs de la mutation D816V, la variation observ\u00e9e en semaine 12 en ce qui concerne le nombre de bouff\u00e9es de chaleur par jour, la d\u00e9pression (score de Hamilton) et le prurit par rapport \u00e0 la valeur observ\u00e9e \u00e0 l\u2019inclusion \u00e9tait respectivement de 55 %, 49 % et 45 %.<\/p>\n<p>Dans l\u2019\u00e9tude men\u00e9e aupr\u00e8s de patients non porteurs de la mutation D816V, la variation observ\u00e9e en semaine 12 en ce qui concerne le nombre de bouff\u00e9es de chaleur par jour, la d\u00e9pression (score de Hamilton) et le prurit par rapport \u00e0 la valeur observ\u00e9e \u00e0 l\u2019inclusion \u00e9tait de 64 %, 43 % et 36 % respectivement.<\/p>\n<p>Les r\u00e9sultats de cette \u00e9tude ont \u00e9t\u00e9 <a href=\"https:\/\/onlinelibrary.wiley.com\/doi\/full\/10.1002\/ajh.21894\" target=\"_blank\" rel=\"noopener\">publi\u00e9s<\/a> dans l&rsquo;American Journal of Hematology.[\/vc_column_text]<div class=\"dt-fancy-separator title-left h3-size title-color accent-border-color\" style=\"width: 100%;\"><div class=\"dt-fancy-title\"><span class=\"separator-holder separator-left\"><\/span>R\u00e9sultats positifs de phase 3 du masitinib dans la Mastocytose Syst\u00e9mique Indolente<span class=\"separator-holder separator-right\"><\/span><\/div><\/div><div class=\"ult-spacer spacer-69e281a84fb9b\" data-id=\"69e281a84fb9b\" data-height=\"20\" data-height-mobile=\"10\" data-height-tab=\"20\" data-height-tab-portrait=\"20\" data-height-mobile-landscape=\"10\" style=\"clear:both;display:block;\"><\/div>[vc_column_text]Dans cette \u00e9tude de phase 3, les r\u00e9sultats ont montr\u00e9 que le masitinib \u00e9tait sup\u00e9rieur au comparateur, comme le montre le taux de r\u00e9ponse cumul\u00e9 de 75% jusqu&rsquo;\u00e0 la semaine 24 sur les handicaps de prurit s\u00e9v\u00e8re ou de bouff\u00e9es de chaleur importantes ou de d\u00e9pression s\u00e9v\u00e8re ou de fatigue importante (r\u00e9ponse de 4H75%).<\/p>\n<p>La r\u00e9ponse 4H75% \u00e9tait de 18,7% pour le groupe trait\u00e9 par le masitinib contre 7,4% pour le groupe trait\u00e9 par le placebo (analyse primaire). Le masitinib a \u00e9galement d\u00e9montr\u00e9 une activit\u00e9 significative sur les marqueurs objectifs de l&rsquo;activation et de la charge des mastocytes (c&rsquo;est-\u00e0-dire le niveau de tryptase, la surface corporelle avec urticaire pigmentaire et la pr\u00e9sence du signe de Darier).<\/p>\n<p>Les r\u00e9sultats de cette premi\u00e8re \u00e9tude de phase 3 ont \u00e9t\u00e9 <a href=\"https:\/\/www.thelancet.com\/journals\/lancet\/article\/PIIS0140-6736(16)31403-9\/fulltext\">publi\u00e9s<\/a> dans The Lancet.[\/vc_column_text]<div class=\"dt-fancy-separator title-left h3-size title-color accent-border-color\" style=\"width: 100%;\"><div class=\"dt-fancy-title\"><span class=\"separator-holder separator-left\"><\/span>\u00c9tude confirmatoire de phase 3 avec le masitinib dans la Mastocytose Syst\u00e9mique Indolente<span class=\"separator-holder separator-right\"><\/span><\/div><\/div><div class=\"ult-spacer spacer-69e281a84fbfd\" data-id=\"69e281a84fbfd\" data-height=\"20\" data-height-mobile=\"10\" data-height-tab=\"20\" data-height-tab-portrait=\"20\" data-height-mobile-landscape=\"10\" style=\"clear:both;display:block;\"><\/div>[vc_column_text]Suite \u00e0 cette premi\u00e8re \u00e9tude de phase 3, AB Science a lanc\u00e9 une \u00e9tude confirmatoire de phase 3, dont le design a \u00e9t\u00e9 optimis\u00e9 sur la base des r\u00e9sultats de la premi\u00e8re \u00e9tude de phase 3. L\u2019optimisation du design inclut un ajustement de la dose et une p\u00e9riode de rodage pour s\u2019assurer que les patients suivent un traitement symptomatique optimal au moment de l\u2019examen.[\/vc_column_text][\/vc_column][\/vc_row]<\/p>\n<\/div>","protected":false},"excerpt":{"rendered":"<p>[vc_row css=\u00a0\u00bb.vc_custom_1633514202311{background-color: #00477a !important;border: 10px solid #00477a !important;border-radius: 10px !important;}\u00a0\u00bb][vc_column css=\u00a0\u00bb.vc_custom_1633514590586{padding-top: 20px !important;}\u00a0\u00bb][vc_column_text css=\u00a0\u00bb.vc_custom_1633514499321{margin-bottom: 20px !important;}\u00a0\u00bb] Si vous souhaitez participer \u00e0 l\u2019\u00e9tude en cours, veuillez nous contacter \u00e0 clinical@ab-science.com\u200b [\/vc_column_text][\/vc_column][\/vc_row][vc_row][vc_column][vc_column_text]La mastocytose est une maladie rare caract\u00e9ris\u00e9e par la prolif\u00e9ration et l\u2019accumulation de mastocytes dans divers tissus, provoquant une grande vari\u00e9t\u00e9 de sympt\u00f4mes cliniques. La mastocytose&hellip;<\/p>\n","protected":false},"author":1,"featured_media":0,"parent":3763,"menu_order":0,"comment_status":"closed","ping_status":"closed","template":"","meta":{"footnotes":""},"class_list":["post-3711","page","type-page","status-publish","hentry","description-off"],"yoast_head":"<!-- This site is optimized with the Yoast SEO Premium plugin v27.4 (Yoast SEO v27.4) - https:\/\/yoast.com\/product\/yoast-seo-premium-wordpress\/ -->\n<title>Mastocytose Syst\u00e9mique Indolente &#8211; AB Science<\/title>\n<meta name=\"robots\" content=\"index, follow, max-snippet:-1, max-image-preview:large, max-video-preview:-1\" \/>\n<link rel=\"canonical\" href=\"https:\/\/www.ab-science.com\/fr\/pipeline\/masitinib-apercu\/mastocytose-systemique-indolente\/\" \/>\n<meta property=\"og:locale\" content=\"fr_FR\" \/>\n<meta property=\"og:type\" content=\"article\" \/>\n<meta property=\"og:title\" content=\"Mastocytose Syst\u00e9mique Indolente\" \/>\n<meta property=\"og:description\" content=\"[vc_row css=\u00a0\u00bb.vc_custom_1633514202311{background-color: #00477a !important;border: 10px solid #00477a !important;border-radius: 10px !important;}\u00a0\u00bb][vc_column css=\u00a0\u00bb.vc_custom_1633514590586{padding-top: 20px !important;}\u00a0\u00bb][vc_column_text css=\u00a0\u00bb.vc_custom_1633514499321{margin-bottom: 20px !important;}\u00a0\u00bb] Si vous souhaitez participer \u00e0 l\u2019\u00e9tude en cours, veuillez nous contacter \u00e0 clinical@ab-science.com\u200b [\/vc_column_text][\/vc_column][\/vc_row][vc_row][vc_column][vc_column_text]La mastocytose est une maladie rare caract\u00e9ris\u00e9e par la prolif\u00e9ration et l\u2019accumulation de mastocytes dans divers tissus, provoquant une grande vari\u00e9t\u00e9 de sympt\u00f4mes cliniques. La mastocytose&hellip;\" \/>\n<meta property=\"og:url\" content=\"https:\/\/www.ab-science.com\/fr\/pipeline\/masitinib-apercu\/mastocytose-systemique-indolente\/\" \/>\n<meta property=\"og:site_name\" content=\"AB Science\" \/>\n<meta property=\"article:modified_time\" content=\"2025-05-21T13:12:02+00:00\" \/>\n<meta name=\"twitter:card\" content=\"summary_large_image\" \/>\n<meta name=\"twitter:label1\" content=\"Dur\u00e9e de lecture estim\u00e9e\" \/>\n\t<meta name=\"twitter:data1\" content=\"4 minutes\" \/>\n<script type=\"application\/ld+json\" class=\"yoast-schema-graph\">{\"@context\":\"https:\\\/\\\/schema.org\",\"@graph\":[{\"@type\":\"WebPage\",\"@id\":\"https:\\\/\\\/www.ab-science.com\\\/fr\\\/pipeline\\\/masitinib-apercu\\\/mastocytose-systemique-indolente\\\/\",\"url\":\"https:\\\/\\\/www.ab-science.com\\\/fr\\\/pipeline\\\/masitinib-apercu\\\/mastocytose-systemique-indolente\\\/\",\"name\":\"Mastocytose Syst\u00e9mique Indolente &#8211; AB Science\",\"isPartOf\":{\"@id\":\"https:\\\/\\\/www.ab-science.com\\\/fr\\\/#website\"},\"datePublished\":\"2020-10-01T10:58:43+00:00\",\"dateModified\":\"2025-05-21T13:12:02+00:00\",\"breadcrumb\":{\"@id\":\"https:\\\/\\\/www.ab-science.com\\\/fr\\\/pipeline\\\/masitinib-apercu\\\/mastocytose-systemique-indolente\\\/#breadcrumb\"},\"inLanguage\":\"fr-FR\",\"potentialAction\":[{\"@type\":\"ReadAction\",\"target\":[\"https:\\\/\\\/www.ab-science.com\\\/fr\\\/pipeline\\\/masitinib-apercu\\\/mastocytose-systemique-indolente\\\/\"]}]},{\"@type\":\"BreadcrumbList\",\"@id\":\"https:\\\/\\\/www.ab-science.com\\\/fr\\\/pipeline\\\/masitinib-apercu\\\/mastocytose-systemique-indolente\\\/#breadcrumb\",\"itemListElement\":[{\"@type\":\"ListItem\",\"position\":1,\"name\":\"Accueil\",\"item\":\"https:\\\/\\\/www.ab-science.com\\\/fr\\\/\"},{\"@type\":\"ListItem\",\"position\":2,\"name\":\"Pipeline\",\"item\":\"https:\\\/\\\/www.ab-science.com\\\/fr\\\/pipeline\\\/\"},{\"@type\":\"ListItem\",\"position\":3,\"name\":\"Masitinib\",\"item\":\"https:\\\/\\\/www.ab-science.com\\\/fr\\\/pipeline\\\/masitinib-overview\\\/\"},{\"@type\":\"ListItem\",\"position\":4,\"name\":\"Mastocytose Syst\u00e9mique Indolente\"}]},{\"@type\":\"WebSite\",\"@id\":\"https:\\\/\\\/www.ab-science.com\\\/fr\\\/#website\",\"url\":\"https:\\\/\\\/www.ab-science.com\\\/fr\\\/\",\"name\":\"AB Science\",\"description\":\"Masitinib and AB8939 \u2013 Two compounds with breakthrough mechanism of action\",\"publisher\":{\"@id\":\"https:\\\/\\\/www.ab-science.com\\\/fr\\\/#organization\"},\"potentialAction\":[{\"@type\":\"SearchAction\",\"target\":{\"@type\":\"EntryPoint\",\"urlTemplate\":\"https:\\\/\\\/www.ab-science.com\\\/fr\\\/?s={search_term_string}\"},\"query-input\":{\"@type\":\"PropertyValueSpecification\",\"valueRequired\":true,\"valueName\":\"search_term_string\"}}],\"inLanguage\":\"fr-FR\"},{\"@type\":\"Organization\",\"@id\":\"https:\\\/\\\/www.ab-science.com\\\/fr\\\/#organization\",\"name\":\"AB Science\",\"url\":\"https:\\\/\\\/www.ab-science.com\\\/fr\\\/\",\"logo\":{\"@type\":\"ImageObject\",\"inLanguage\":\"fr-FR\",\"@id\":\"https:\\\/\\\/www.ab-science.com\\\/fr\\\/#\\\/schema\\\/logo\\\/image\\\/\",\"url\":\"https:\\\/\\\/www.ab-science.com\\\/wp-content\\\/uploads\\\/2020\\\/11\\\/logo_ab-science-wh120.png\",\"contentUrl\":\"https:\\\/\\\/www.ab-science.com\\\/wp-content\\\/uploads\\\/2020\\\/11\\\/logo_ab-science-wh120.png\",\"width\":120,\"height\":120,\"caption\":\"AB Science\"},\"image\":{\"@id\":\"https:\\\/\\\/www.ab-science.com\\\/fr\\\/#\\\/schema\\\/logo\\\/image\\\/\"},\"sameAs\":[\"https:\\\/\\\/www.linkedin.com\\\/company\\\/ab-science\\\/\"]}]}<\/script>\n<!-- \/ Yoast SEO Premium plugin. -->","yoast_head_json":{"title":"Mastocytose Syst\u00e9mique Indolente &#8211; AB Science","robots":{"index":"index","follow":"follow","max-snippet":"max-snippet:-1","max-image-preview":"max-image-preview:large","max-video-preview":"max-video-preview:-1"},"canonical":"https:\/\/www.ab-science.com\/fr\/pipeline\/masitinib-apercu\/mastocytose-systemique-indolente\/","og_locale":"fr_FR","og_type":"article","og_title":"Mastocytose Syst\u00e9mique Indolente","og_description":"[vc_row css=\u00a0\u00bb.vc_custom_1633514202311{background-color: #00477a !important;border: 10px solid #00477a !important;border-radius: 10px !important;}\u00a0\u00bb][vc_column css=\u00a0\u00bb.vc_custom_1633514590586{padding-top: 20px !important;}\u00a0\u00bb][vc_column_text css=\u00a0\u00bb.vc_custom_1633514499321{margin-bottom: 20px !important;}\u00a0\u00bb] Si vous souhaitez participer \u00e0 l\u2019\u00e9tude en cours, veuillez nous contacter \u00e0 clinical@ab-science.com\u200b [\/vc_column_text][\/vc_column][\/vc_row][vc_row][vc_column][vc_column_text]La mastocytose est une maladie rare caract\u00e9ris\u00e9e par la prolif\u00e9ration et l\u2019accumulation de mastocytes dans divers tissus, provoquant une grande vari\u00e9t\u00e9 de sympt\u00f4mes cliniques. La mastocytose&hellip;","og_url":"https:\/\/www.ab-science.com\/fr\/pipeline\/masitinib-apercu\/mastocytose-systemique-indolente\/","og_site_name":"AB Science","article_modified_time":"2025-05-21T13:12:02+00:00","twitter_card":"summary_large_image","twitter_misc":{"Dur\u00e9e de lecture estim\u00e9e":"4 minutes"},"schema":{"@context":"https:\/\/schema.org","@graph":[{"@type":"WebPage","@id":"https:\/\/www.ab-science.com\/fr\/pipeline\/masitinib-apercu\/mastocytose-systemique-indolente\/","url":"https:\/\/www.ab-science.com\/fr\/pipeline\/masitinib-apercu\/mastocytose-systemique-indolente\/","name":"Mastocytose Syst\u00e9mique Indolente &#8211; AB Science","isPartOf":{"@id":"https:\/\/www.ab-science.com\/fr\/#website"},"datePublished":"2020-10-01T10:58:43+00:00","dateModified":"2025-05-21T13:12:02+00:00","breadcrumb":{"@id":"https:\/\/www.ab-science.com\/fr\/pipeline\/masitinib-apercu\/mastocytose-systemique-indolente\/#breadcrumb"},"inLanguage":"fr-FR","potentialAction":[{"@type":"ReadAction","target":["https:\/\/www.ab-science.com\/fr\/pipeline\/masitinib-apercu\/mastocytose-systemique-indolente\/"]}]},{"@type":"BreadcrumbList","@id":"https:\/\/www.ab-science.com\/fr\/pipeline\/masitinib-apercu\/mastocytose-systemique-indolente\/#breadcrumb","itemListElement":[{"@type":"ListItem","position":1,"name":"Accueil","item":"https:\/\/www.ab-science.com\/fr\/"},{"@type":"ListItem","position":2,"name":"Pipeline","item":"https:\/\/www.ab-science.com\/fr\/pipeline\/"},{"@type":"ListItem","position":3,"name":"Masitinib","item":"https:\/\/www.ab-science.com\/fr\/pipeline\/masitinib-overview\/"},{"@type":"ListItem","position":4,"name":"Mastocytose Syst\u00e9mique Indolente"}]},{"@type":"WebSite","@id":"https:\/\/www.ab-science.com\/fr\/#website","url":"https:\/\/www.ab-science.com\/fr\/","name":"AB Science","description":"Masitinib and AB8939 \u2013 Two compounds with breakthrough mechanism of action","publisher":{"@id":"https:\/\/www.ab-science.com\/fr\/#organization"},"potentialAction":[{"@type":"SearchAction","target":{"@type":"EntryPoint","urlTemplate":"https:\/\/www.ab-science.com\/fr\/?s={search_term_string}"},"query-input":{"@type":"PropertyValueSpecification","valueRequired":true,"valueName":"search_term_string"}}],"inLanguage":"fr-FR"},{"@type":"Organization","@id":"https:\/\/www.ab-science.com\/fr\/#organization","name":"AB Science","url":"https:\/\/www.ab-science.com\/fr\/","logo":{"@type":"ImageObject","inLanguage":"fr-FR","@id":"https:\/\/www.ab-science.com\/fr\/#\/schema\/logo\/image\/","url":"https:\/\/www.ab-science.com\/wp-content\/uploads\/2020\/11\/logo_ab-science-wh120.png","contentUrl":"https:\/\/www.ab-science.com\/wp-content\/uploads\/2020\/11\/logo_ab-science-wh120.png","width":120,"height":120,"caption":"AB Science"},"image":{"@id":"https:\/\/www.ab-science.com\/fr\/#\/schema\/logo\/image\/"},"sameAs":["https:\/\/www.linkedin.com\/company\/ab-science\/"]}]}},"_links":{"self":[{"href":"https:\/\/www.ab-science.com\/fr\/wp-json\/wp\/v2\/pages\/3711","targetHints":{"allow":["GET"]}}],"collection":[{"href":"https:\/\/www.ab-science.com\/fr\/wp-json\/wp\/v2\/pages"}],"about":[{"href":"https:\/\/www.ab-science.com\/fr\/wp-json\/wp\/v2\/types\/page"}],"author":[{"embeddable":true,"href":"https:\/\/www.ab-science.com\/fr\/wp-json\/wp\/v2\/users\/1"}],"replies":[{"embeddable":true,"href":"https:\/\/www.ab-science.com\/fr\/wp-json\/wp\/v2\/comments?post=3711"}],"version-history":[{"count":0,"href":"https:\/\/www.ab-science.com\/fr\/wp-json\/wp\/v2\/pages\/3711\/revisions"}],"up":[{"embeddable":true,"href":"https:\/\/www.ab-science.com\/fr\/wp-json\/wp\/v2\/pages\/3763"}],"wp:attachment":[{"href":"https:\/\/www.ab-science.com\/fr\/wp-json\/wp\/v2\/media?parent=3711"}],"curies":[{"name":"wp","href":"https:\/\/api.w.org\/{rel}","templated":true}]}}