{"id":3692,"date":"2020-10-01T12:00:20","date_gmt":"2020-10-01T11:00:20","guid":{"rendered":"https:\/\/www.ab-science.com\/asthme-severe\/"},"modified":"2021-01-21T16:10:22","modified_gmt":"2021-01-21T15:10:22","slug":"asthme-severe","status":"publish","type":"page","link":"https:\/\/www.ab-science.com\/fr\/pipeline\/masitinib-apercu\/asthme-severe\/","title":{"rendered":"Asthme S\u00e9v\u00e8re"},"content":{"rendered":"<div class=\"wpb-content-wrapper\"><p>[vc_row][vc_column]<div class=\"dt-fancy-separator title-left h3-size title-color accent-border-color\" style=\"width: 100%;\"><div class=\"dt-fancy-title\"><span class=\"separator-holder separator-left\"><\/span>\u00c0 propos de l&#039;Asthme S\u00e9v\u00e8re<span class=\"separator-holder separator-right\"><\/span><\/div><\/div><div class=\"ult-spacer spacer-69e6161068c30\" data-id=\"69e6161068c30\" data-height=\"20\" data-height-mobile=\"10\" data-height-tab=\"20\" data-height-tab-portrait=\"20\" data-height-mobile-landscape=\"10\" style=\"clear:both;display:block;\"><\/div>[vc_column_text]La gravit\u00e9 de l&rsquo;asthme peut varier d&rsquo;une maladie intermittente l\u00e9g\u00e8re, avec peu d&rsquo;impact sur la vie quotidienne, \u00e0 une maladie grave avec des sympt\u00f4mes permanents et une limitation s\u00e9rieuse des activit\u00e9s normales.<\/p>\n<p>Les patients souffrant d&rsquo;asthme s\u00e9v\u00e8re peuvent \u00eatre class\u00e9s de mani\u00e8re g\u00e9n\u00e9rale en ph\u00e9notypes \u00e9osinophiliques (Th2-high) ou non \u00e9osinophiliques (Th2-bas) ; des sous-populations pr\u00e9sentant des pathologies, des caract\u00e9ristiques cliniques et des strat\u00e9gies de gestion du traitement distinctes. Malgr\u00e9 la commercialisation de nombreux m\u00e9dicaments pour le traitement de l&rsquo;asthme s\u00e9v\u00e8re (c&rsquo;est-\u00e0-dire des th\u00e9rapies \u00e0 base d&rsquo;anticorps monoclonaux ciblant les voies des cytokines interleukine (IL)-5 et IL-4\/IL-13), un besoin non satisfait persiste pour de nombreux patients. Cela inclut les asthmatiques non \u00e9osinophiles s\u00e9v\u00e8res, pour lesquels aucune th\u00e9rapie cibl\u00e9e n&rsquo;est actuellement disponible, ainsi que les asthmatiques \u00e9osinophiles s\u00e9v\u00e8res ayant une r\u00e9ponse sous-optimale aux th\u00e9rapies \u00e0 base d&rsquo;anti-interleukines.[\/vc_column_text]<div class=\"dt-fancy-separator title-left h3-size title-color accent-border-color\" style=\"width: 100%;\"><div class=\"dt-fancy-title\"><span class=\"separator-holder separator-left\"><\/span>Positionnement du masitinib dans l&#039;Asthme S\u00e9v\u00e8re<span class=\"separator-holder separator-right\"><\/span><\/div><\/div><div class=\"ult-spacer spacer-69e6161068cc7\" data-id=\"69e6161068cc7\" data-height=\"20\" data-height-mobile=\"10\" data-height-tab=\"20\" data-height-tab-portrait=\"20\" data-height-mobile-landscape=\"10\" style=\"clear:both;display:block;\"><\/div>[vc_column_text]Le masitinib est actuellement \u00e9tudi\u00e9 dans l\u2019asthme s\u00e9v\u00e8re non contr\u00f4l\u00e9 par les corticost\u00e9ro\u00efdes oraux et \u00e9galement dans l\u2019asthme s\u00e9v\u00e8re non contr\u00f4l\u00e9 par les corticost\u00e9ro\u00efdes inhal\u00e9s \u00e0 forte dose.<\/p>\n<p>Le masitinib est un m\u00e9dicament oral, premier dans sa cat\u00e9gorie, dans l\u2019asthme s\u00e9v\u00e8re, qui cible s\u00e9lectivement les mastocytes et se positionne de mani\u00e8re unique dans cette indication en termes d\u2019administration (administration orale), de m\u00e9canisme d\u2019action, de population cibl\u00e9e et de niveau d\u2019\u00e9osinophiles.[\/vc_column_text]<div class=\"dt-fancy-separator title-left h3-size title-color accent-border-color\" style=\"width: 100%;\"><div class=\"dt-fancy-title\"><span class=\"separator-holder separator-left\"><\/span>Nombre de patients cibl\u00e9s par le masitinib dans l&#039;Asthme S\u00e9v\u00e8re<span class=\"separator-holder separator-right\"><\/span><\/div><\/div><div class=\"ult-spacer spacer-69e6161068d47\" data-id=\"69e6161068d47\" data-height=\"20\" data-height-mobile=\"10\" data-height-tab=\"20\" data-height-tab-portrait=\"20\" data-height-mobile-landscape=\"10\" style=\"clear:both;display:block;\"><\/div>[vc_column_text]Le nombre de patients cibl\u00e9s par le masitinib s&rsquo;\u00e9l\u00e8ve \u00e0 825 000 en Europe et aux \u00c9tats-Unis.[\/vc_column_text]<div class=\"dt-fancy-separator title-left h3-size title-color accent-border-color\" style=\"width: 100%;\"><div class=\"dt-fancy-title\"><span class=\"separator-holder separator-left\"><\/span>R\u00e9sultats positifs de phase 2 du masitinib dans l&#039;asthme s\u00e9v\u00e8re<span class=\"separator-holder separator-right\"><\/span><\/div><\/div><div class=\"ult-spacer spacer-69e6161068dbf\" data-id=\"69e6161068dbf\" data-height=\"20\" data-height-mobile=\"10\" data-height-tab=\"20\" data-height-tab-portrait=\"20\" data-height-mobile-landscape=\"10\" style=\"clear:both;display:block;\"><\/div>[vc_column_text]Dans cette \u00e9tude de phase 2a, une r\u00e9duction comparable des cortico\u00efdes oraux a \u00e9t\u00e9 obtenue avec le masitinib et le placebo apr\u00e8s 16 semaines de traitement (r\u00e9duction m\u00e9diane de 78 % et 57 % dans les groupes masitinib et placebo, respectivement). Cependant, en se concentrant sur les patients asthmatiques r\u00e9ellement d\u00e9pendants aux corticost\u00e9ro\u00efdes, c\u2019est-\u00e0-dire les patients recevant plus de 15mg de prednisone par jour, une diff\u00e9rence significative a \u00e9t\u00e9 observ\u00e9e. Dans ce sous-groupe de patients, les doses de corticost\u00e9ro\u00efdes ont \u00e9t\u00e9 r\u00e9duites de 52 % chez les patients trait\u00e9s par le masitinib, contre 28 % chez les patients sous placebo.<\/p>\n<p>Les r\u00e9sultats de cette \u00e9tude ont \u00e9t\u00e9 <a href=\"https:\/\/onlinelibrary.wiley.com\/doi\/abs\/10.1111\/j.1398-9995.2009.02122.x\" target=\"_blank\" rel=\"noopener noreferrer\">publi\u00e9s<\/a> dans the European Journal of Allergy and Clinical Immunology.[\/vc_column_text]<div class=\"dt-fancy-separator title-left h3-size title-color accent-border-color\" style=\"width: 100%;\"><div class=\"dt-fancy-title\"><span class=\"separator-holder separator-left\"><\/span>R\u00e9sultats positifs de phase 3 du masitinib dans l&#039;Asthme S\u00e9v\u00e8re non contr\u00f4l\u00e9 par les corticost\u00e9ro\u00efdes oraux<span class=\"separator-holder separator-right\"><\/span><\/div><\/div><div class=\"ult-spacer spacer-69e6161068e36\" data-id=\"69e6161068e36\" data-height=\"20\" data-height-mobile=\"10\" data-height-tab=\"20\" data-height-tab-portrait=\"20\" data-height-mobile-landscape=\"10\" style=\"clear:both;display:block;\"><\/div>[vc_column_text]AB Science a annonc\u00e9 les r\u00e9sultats positifs d\u2019une \u00e9tude de phase 3 sur l\u2019asthme s\u00e9v\u00e8re non contr\u00f4l\u00e9 par les corticost\u00e9ro\u00efdes oraux. Dans cette \u00e9tude, le masitinib a r\u00e9duit de mani\u00e8re significative le taux d\u2019exacerbations graves de l\u2019asthme dans une population compos\u00e9e d\u2019asthmatiques graves \u00e9osinophiles (Th2-high) et non \u00e9osinophiles (Th2-low).<\/p>\n<p>Une analyse primaire a \u00e9t\u00e9 men\u00e9e dans la population souffrant d\u2019asthme s\u00e9v\u00e8re et trait\u00e9e avec une dose quotidienne de corticost\u00e9ro\u00efdes oraux \u2265 7,5 mg et le traitement au masitinib a montr\u00e9 une r\u00e9duction significative des exacerbations d\u2019asthme s\u00e9v\u00e8re (-35%). Un sous-groupe pr\u00e9d\u00e9fini de patients souffrant d\u2019asthme s\u00e9v\u00e8re, dont le taux d\u2019\u00e9osinophiles sanguins de r\u00e9f\u00e9rence \u00e9tait de \u2265 150 cellules\/\u03bcL, a \u00e9galement d\u00e9montr\u00e9 une r\u00e9duction statistiquement significative du taux d\u2019exacerbations graves de l\u2019asthme (-38%).<\/p>\n<p>Les r\u00e9sultats de l\u2019\u00e9tude ont \u00e9t\u00e9 pr\u00e9sent\u00e9s \u00e0 la conf\u00e9rence internationale 2020 de l\u2019American Thoracic Society (ATS) en mai 2020, au congr\u00e8s 2020 de l\u2019European Academy of Allergy &amp; Clinical Immunology (EAACI) en juin 2020 et au 30e congr\u00e8s international annuel de l\u2019European Respiratory Society (ERS) en septembre 2020.[\/vc_column_text][vc_column_text]<\/p>\n<p style=\"text-align: center;\"><em>Analyse primaire &#8211; Exacerbations de l&rsquo;Asthme S\u00e9v\u00e8re<\/em><\/p>\n<p>[\/vc_column_text][vc_row_inner][vc_column_inner width=\u00a0\u00bb1\/3&Prime;][\/vc_column_inner][vc_column_inner width=\u00a0\u00bb1\/3&Prime;][vc_single_image image=\u00a0\u00bb2516&Prime; img_size=\u00a0\u00bbfull\u00a0\u00bb alignment=\u00a0\u00bbcenter\u00a0\u00bb css_animation=\u00a0\u00bbfadeIn\u00a0\u00bb][\/vc_column_inner][vc_column_inner width=\u00a0\u00bb1\/3&Prime;][\/vc_column_inner][\/vc_row_inner][vc_column_text]Les r\u00e9sultats de l&rsquo;\u00e9tude ont \u00e9t\u00e9 pr\u00e9sent\u00e9s \u00e0 la conf\u00e9rence internationale 2020 de l&rsquo;American Thoracic Society (ATS) en mai 2020, au congr\u00e8s 2020 de l&rsquo;European Academy of Allergy &amp; Clinical Immunology (EAACI) en juin 2020 et au 30e congr\u00e8s international annuel de l&rsquo;European Respiratory Society (ERS) en septembre 2020.[\/vc_column_text]<div class=\"dt-fancy-separator title-left h3-size title-color accent-border-color\" style=\"width: 100%;\"><div class=\"dt-fancy-title\"><span class=\"separator-holder separator-left\"><\/span>R\u00e9sultats positifs de phase 3 du masitinib dans l&#039;Asthme S\u00e9v\u00e8re non contr\u00f4l\u00e9 par les corticost\u00e9ro\u00efdes inhal\u00e9s \u00e0 forte dose<span class=\"separator-holder separator-right\"><\/span><\/div><\/div><div class=\"ult-spacer spacer-69e6161068ea8\" data-id=\"69e6161068ea8\" data-height=\"20\" data-height-mobile=\"10\" data-height-tab=\"20\" data-height-tab-portrait=\"20\" data-height-mobile-landscape=\"10\" style=\"clear:both;display:block;\"><\/div>[vc_column_text]AB Science a \u00e9galement fait \u00e9tat de r\u00e9sultats positifs d\u2019une \u00e9tude de phase 3 sur l\u2019asthme s\u00e9v\u00e8re non contr\u00f4l\u00e9 les corticost\u00e9ro\u00efdes inhal\u00e9s \u00e0 forte dose et avec un niveau d\u2019\u00e9osinophilie &gt; 150 cellules\/\u03bcL. L\u2019analyse primaire pr\u00e9d\u00e9finie portait sur le taux d\u2019exacerbations de l\u2019asthme s\u00e9v\u00e8re, le masitinib montrant une r\u00e9duction statistiquement significative de 29 % des exacerbations par rapport au placebo (p=0,022). La fr\u00e9quence des exacerbations de l\u2019asthme s\u00e9v\u00e8re \u00e9tait de 0,43 dans le groupe masitinib, contre 0,62 dans le groupe placebo.[\/vc_column_text][\/vc_column][\/vc_row]<\/p>\n<\/div>","protected":false},"excerpt":{"rendered":"<p>[vc_row][vc_column][vc_column_text]La gravit\u00e9 de l&rsquo;asthme peut varier d&rsquo;une maladie intermittente l\u00e9g\u00e8re, avec peu d&rsquo;impact sur la vie quotidienne, \u00e0 une maladie grave avec des sympt\u00f4mes permanents et une limitation s\u00e9rieuse des activit\u00e9s normales. Les patients souffrant d&rsquo;asthme s\u00e9v\u00e8re peuvent \u00eatre class\u00e9s de mani\u00e8re g\u00e9n\u00e9rale en ph\u00e9notypes \u00e9osinophiliques (Th2-high) ou non \u00e9osinophiliques (Th2-bas) ; des sous-populations pr\u00e9sentant&hellip;<\/p>\n","protected":false},"author":1,"featured_media":0,"parent":3763,"menu_order":0,"comment_status":"closed","ping_status":"closed","template":"","meta":{"footnotes":""},"class_list":["post-3692","page","type-page","status-publish","hentry","description-off"],"yoast_head":"<!-- This site is optimized with the Yoast SEO Premium plugin v27.4 (Yoast SEO v27.4) - https:\/\/yoast.com\/product\/yoast-seo-premium-wordpress\/ -->\n<title>Asthme S\u00e9v\u00e8re &#8211; AB Science<\/title>\n<meta name=\"robots\" content=\"index, follow, max-snippet:-1, max-image-preview:large, max-video-preview:-1\" \/>\n<link rel=\"canonical\" href=\"https:\/\/www.ab-science.com\/fr\/pipeline\/masitinib-apercu\/asthme-severe\/\" \/>\n<meta property=\"og:locale\" content=\"fr_FR\" \/>\n<meta property=\"og:type\" content=\"article\" \/>\n<meta property=\"og:title\" content=\"Asthme S\u00e9v\u00e8re\" \/>\n<meta property=\"og:description\" content=\"[vc_row][vc_column][vc_column_text]La gravit\u00e9 de l&rsquo;asthme peut varier d&rsquo;une maladie intermittente l\u00e9g\u00e8re, avec peu d&rsquo;impact sur la vie quotidienne, \u00e0 une maladie grave avec des sympt\u00f4mes permanents et une limitation s\u00e9rieuse des activit\u00e9s normales. Les patients souffrant d&rsquo;asthme s\u00e9v\u00e8re peuvent \u00eatre class\u00e9s de mani\u00e8re g\u00e9n\u00e9rale en ph\u00e9notypes \u00e9osinophiliques (Th2-high) ou non \u00e9osinophiliques (Th2-bas) ; des sous-populations pr\u00e9sentant&hellip;\" \/>\n<meta property=\"og:url\" content=\"https:\/\/www.ab-science.com\/fr\/pipeline\/masitinib-apercu\/asthme-severe\/\" \/>\n<meta property=\"og:site_name\" content=\"AB Science\" \/>\n<meta property=\"article:modified_time\" content=\"2021-01-21T15:10:22+00:00\" \/>\n<meta name=\"twitter:card\" content=\"summary_large_image\" \/>\n<meta name=\"twitter:label1\" content=\"Dur\u00e9e de lecture estim\u00e9e\" \/>\n\t<meta name=\"twitter:data1\" content=\"4 minutes\" \/>\n<script type=\"application\/ld+json\" class=\"yoast-schema-graph\">{\"@context\":\"https:\\\/\\\/schema.org\",\"@graph\":[{\"@type\":\"WebPage\",\"@id\":\"https:\\\/\\\/www.ab-science.com\\\/fr\\\/pipeline\\\/masitinib-apercu\\\/asthme-severe\\\/\",\"url\":\"https:\\\/\\\/www.ab-science.com\\\/fr\\\/pipeline\\\/masitinib-apercu\\\/asthme-severe\\\/\",\"name\":\"Asthme S\u00e9v\u00e8re &#8211; AB Science\",\"isPartOf\":{\"@id\":\"https:\\\/\\\/www.ab-science.com\\\/fr\\\/#website\"},\"datePublished\":\"2020-10-01T11:00:20+00:00\",\"dateModified\":\"2021-01-21T15:10:22+00:00\",\"breadcrumb\":{\"@id\":\"https:\\\/\\\/www.ab-science.com\\\/fr\\\/pipeline\\\/masitinib-apercu\\\/asthme-severe\\\/#breadcrumb\"},\"inLanguage\":\"fr-FR\",\"potentialAction\":[{\"@type\":\"ReadAction\",\"target\":[\"https:\\\/\\\/www.ab-science.com\\\/fr\\\/pipeline\\\/masitinib-apercu\\\/asthme-severe\\\/\"]}]},{\"@type\":\"BreadcrumbList\",\"@id\":\"https:\\\/\\\/www.ab-science.com\\\/fr\\\/pipeline\\\/masitinib-apercu\\\/asthme-severe\\\/#breadcrumb\",\"itemListElement\":[{\"@type\":\"ListItem\",\"position\":1,\"name\":\"Accueil\",\"item\":\"https:\\\/\\\/www.ab-science.com\\\/fr\\\/\"},{\"@type\":\"ListItem\",\"position\":2,\"name\":\"Pipeline\",\"item\":\"https:\\\/\\\/www.ab-science.com\\\/fr\\\/pipeline\\\/\"},{\"@type\":\"ListItem\",\"position\":3,\"name\":\"Masitinib\",\"item\":\"https:\\\/\\\/www.ab-science.com\\\/fr\\\/pipeline\\\/masitinib-overview\\\/\"},{\"@type\":\"ListItem\",\"position\":4,\"name\":\"Asthme S\u00e9v\u00e8re\"}]},{\"@type\":\"WebSite\",\"@id\":\"https:\\\/\\\/www.ab-science.com\\\/fr\\\/#website\",\"url\":\"https:\\\/\\\/www.ab-science.com\\\/fr\\\/\",\"name\":\"AB Science\",\"description\":\"Masitinib and AB8939 \u2013 Two compounds with breakthrough mechanism of action\",\"publisher\":{\"@id\":\"https:\\\/\\\/www.ab-science.com\\\/fr\\\/#organization\"},\"potentialAction\":[{\"@type\":\"SearchAction\",\"target\":{\"@type\":\"EntryPoint\",\"urlTemplate\":\"https:\\\/\\\/www.ab-science.com\\\/fr\\\/?s={search_term_string}\"},\"query-input\":{\"@type\":\"PropertyValueSpecification\",\"valueRequired\":true,\"valueName\":\"search_term_string\"}}],\"inLanguage\":\"fr-FR\"},{\"@type\":\"Organization\",\"@id\":\"https:\\\/\\\/www.ab-science.com\\\/fr\\\/#organization\",\"name\":\"AB Science\",\"url\":\"https:\\\/\\\/www.ab-science.com\\\/fr\\\/\",\"logo\":{\"@type\":\"ImageObject\",\"inLanguage\":\"fr-FR\",\"@id\":\"https:\\\/\\\/www.ab-science.com\\\/fr\\\/#\\\/schema\\\/logo\\\/image\\\/\",\"url\":\"https:\\\/\\\/www.ab-science.com\\\/wp-content\\\/uploads\\\/2020\\\/11\\\/logo_ab-science-wh120.png\",\"contentUrl\":\"https:\\\/\\\/www.ab-science.com\\\/wp-content\\\/uploads\\\/2020\\\/11\\\/logo_ab-science-wh120.png\",\"width\":120,\"height\":120,\"caption\":\"AB Science\"},\"image\":{\"@id\":\"https:\\\/\\\/www.ab-science.com\\\/fr\\\/#\\\/schema\\\/logo\\\/image\\\/\"},\"sameAs\":[\"https:\\\/\\\/www.linkedin.com\\\/company\\\/ab-science\\\/\"]}]}<\/script>\n<!-- \/ Yoast SEO Premium plugin. -->","yoast_head_json":{"title":"Asthme S\u00e9v\u00e8re &#8211; AB Science","robots":{"index":"index","follow":"follow","max-snippet":"max-snippet:-1","max-image-preview":"max-image-preview:large","max-video-preview":"max-video-preview:-1"},"canonical":"https:\/\/www.ab-science.com\/fr\/pipeline\/masitinib-apercu\/asthme-severe\/","og_locale":"fr_FR","og_type":"article","og_title":"Asthme S\u00e9v\u00e8re","og_description":"[vc_row][vc_column][vc_column_text]La gravit\u00e9 de l&rsquo;asthme peut varier d&rsquo;une maladie intermittente l\u00e9g\u00e8re, avec peu d&rsquo;impact sur la vie quotidienne, \u00e0 une maladie grave avec des sympt\u00f4mes permanents et une limitation s\u00e9rieuse des activit\u00e9s normales. Les patients souffrant d&rsquo;asthme s\u00e9v\u00e8re peuvent \u00eatre class\u00e9s de mani\u00e8re g\u00e9n\u00e9rale en ph\u00e9notypes \u00e9osinophiliques (Th2-high) ou non \u00e9osinophiliques (Th2-bas) ; des sous-populations pr\u00e9sentant&hellip;","og_url":"https:\/\/www.ab-science.com\/fr\/pipeline\/masitinib-apercu\/asthme-severe\/","og_site_name":"AB Science","article_modified_time":"2021-01-21T15:10:22+00:00","twitter_card":"summary_large_image","twitter_misc":{"Dur\u00e9e de lecture estim\u00e9e":"4 minutes"},"schema":{"@context":"https:\/\/schema.org","@graph":[{"@type":"WebPage","@id":"https:\/\/www.ab-science.com\/fr\/pipeline\/masitinib-apercu\/asthme-severe\/","url":"https:\/\/www.ab-science.com\/fr\/pipeline\/masitinib-apercu\/asthme-severe\/","name":"Asthme S\u00e9v\u00e8re &#8211; AB Science","isPartOf":{"@id":"https:\/\/www.ab-science.com\/fr\/#website"},"datePublished":"2020-10-01T11:00:20+00:00","dateModified":"2021-01-21T15:10:22+00:00","breadcrumb":{"@id":"https:\/\/www.ab-science.com\/fr\/pipeline\/masitinib-apercu\/asthme-severe\/#breadcrumb"},"inLanguage":"fr-FR","potentialAction":[{"@type":"ReadAction","target":["https:\/\/www.ab-science.com\/fr\/pipeline\/masitinib-apercu\/asthme-severe\/"]}]},{"@type":"BreadcrumbList","@id":"https:\/\/www.ab-science.com\/fr\/pipeline\/masitinib-apercu\/asthme-severe\/#breadcrumb","itemListElement":[{"@type":"ListItem","position":1,"name":"Accueil","item":"https:\/\/www.ab-science.com\/fr\/"},{"@type":"ListItem","position":2,"name":"Pipeline","item":"https:\/\/www.ab-science.com\/fr\/pipeline\/"},{"@type":"ListItem","position":3,"name":"Masitinib","item":"https:\/\/www.ab-science.com\/fr\/pipeline\/masitinib-overview\/"},{"@type":"ListItem","position":4,"name":"Asthme S\u00e9v\u00e8re"}]},{"@type":"WebSite","@id":"https:\/\/www.ab-science.com\/fr\/#website","url":"https:\/\/www.ab-science.com\/fr\/","name":"AB Science","description":"Masitinib and AB8939 \u2013 Two compounds with breakthrough mechanism of action","publisher":{"@id":"https:\/\/www.ab-science.com\/fr\/#organization"},"potentialAction":[{"@type":"SearchAction","target":{"@type":"EntryPoint","urlTemplate":"https:\/\/www.ab-science.com\/fr\/?s={search_term_string}"},"query-input":{"@type":"PropertyValueSpecification","valueRequired":true,"valueName":"search_term_string"}}],"inLanguage":"fr-FR"},{"@type":"Organization","@id":"https:\/\/www.ab-science.com\/fr\/#organization","name":"AB Science","url":"https:\/\/www.ab-science.com\/fr\/","logo":{"@type":"ImageObject","inLanguage":"fr-FR","@id":"https:\/\/www.ab-science.com\/fr\/#\/schema\/logo\/image\/","url":"https:\/\/www.ab-science.com\/wp-content\/uploads\/2020\/11\/logo_ab-science-wh120.png","contentUrl":"https:\/\/www.ab-science.com\/wp-content\/uploads\/2020\/11\/logo_ab-science-wh120.png","width":120,"height":120,"caption":"AB Science"},"image":{"@id":"https:\/\/www.ab-science.com\/fr\/#\/schema\/logo\/image\/"},"sameAs":["https:\/\/www.linkedin.com\/company\/ab-science\/"]}]}},"_links":{"self":[{"href":"https:\/\/www.ab-science.com\/fr\/wp-json\/wp\/v2\/pages\/3692","targetHints":{"allow":["GET"]}}],"collection":[{"href":"https:\/\/www.ab-science.com\/fr\/wp-json\/wp\/v2\/pages"}],"about":[{"href":"https:\/\/www.ab-science.com\/fr\/wp-json\/wp\/v2\/types\/page"}],"author":[{"embeddable":true,"href":"https:\/\/www.ab-science.com\/fr\/wp-json\/wp\/v2\/users\/1"}],"replies":[{"embeddable":true,"href":"https:\/\/www.ab-science.com\/fr\/wp-json\/wp\/v2\/comments?post=3692"}],"version-history":[{"count":0,"href":"https:\/\/www.ab-science.com\/fr\/wp-json\/wp\/v2\/pages\/3692\/revisions"}],"up":[{"embeddable":true,"href":"https:\/\/www.ab-science.com\/fr\/wp-json\/wp\/v2\/pages\/3763"}],"wp:attachment":[{"href":"https:\/\/www.ab-science.com\/fr\/wp-json\/wp\/v2\/media?parent=3692"}],"curies":[{"name":"wp","href":"https:\/\/api.w.org\/{rel}","templated":true}]}}