{"id":3673,"date":"2020-10-01T12:06:29","date_gmt":"2020-10-01T11:06:29","guid":{"rendered":"https:\/\/www.ab-science.com\/cancer-du-pancreas\/"},"modified":"2021-01-21T16:06:48","modified_gmt":"2021-01-21T15:06:48","slug":"cancer-du-pancreas","status":"publish","type":"page","link":"https:\/\/www.ab-science.com\/fr\/pipeline\/masitinib-apercu\/cancer-du-pancreas\/","title":{"rendered":"Cancer du Pancr\u00e9as"},"content":{"rendered":"<div class=\"wpb-content-wrapper\"><p>[vc_row][vc_column]<div class=\"dt-fancy-separator title-left h3-size title-color accent-border-color\" style=\"width: 100%;\"><div class=\"dt-fancy-title\"><span class=\"separator-holder separator-left\"><\/span>\u00c0 propos du Cancer du Pancr\u00e9as<span class=\"separator-holder separator-right\"><\/span><\/div><\/div><div class=\"ult-spacer spacer-69e6113e5f860\" data-id=\"69e6113e5f860\" data-height=\"20\" data-height-mobile=\"10\" data-height-tab=\"20\" data-height-tab-portrait=\"20\" data-height-mobile-landscape=\"10\" style=\"clear:both;display:block;\"><\/div>[vc_column_text]Le cancer du pancr\u00e9as est presque toujours fatal. Les patients chez lesquels un cancer du pancr\u00e9as est diagnostiqu\u00e9 ont souvent un pronostic moins bon que pour les autres cancers, en partie parce que la d\u00e9tection pr\u00e9coce est difficile. Bien que des progr\u00e8s ont \u00e9t\u00e9 r\u00e9alis\u00e9s au cours des derni\u00e8res d\u00e9cennies dans le traitement du cancer du pancr\u00e9as et que de nouveaux agents soient disponibles, le patient moyen ne tire encore qu&rsquo;un b\u00e9n\u00e9fice limit\u00e9 de ces traitements.[\/vc_column_text]<div class=\"dt-fancy-separator title-left h3-size title-color accent-border-color\" style=\"width: 100%;\"><div class=\"dt-fancy-title\"><span class=\"separator-holder separator-left\"><\/span>Positionnement du masitinib dans le Cancer du Pancr\u00e9as<span class=\"separator-holder separator-right\"><\/span><\/div><\/div><div class=\"ult-spacer spacer-69e6113e5f8e7\" data-id=\"69e6113e5f8e7\" data-height=\"20\" data-height-mobile=\"10\" data-height-tab=\"20\" data-height-tab-portrait=\"20\" data-height-mobile-landscape=\"10\" style=\"clear:both;display:block;\"><\/div>[vc_column_text]Le masitinib est actuellement \u00e9tudi\u00e9 pour le cancer du pancr\u00e9as non r\u00e9s\u00e9cable localement avanc\u00e9 ou m\u00e9tastatique, limit\u00e9 aux patients souffrant de douleurs li\u00e9es au cancer.<\/p>\n<p>Le masitinib se distingue des m\u00e9dicaments enregistr\u00e9s \u00e0 la fois en termes d&rsquo;administration (administration orale) et de crit\u00e8res d&rsquo;\u00e9ligibilit\u00e9 (crit\u00e8res d&rsquo;\u00e9ligibilit\u00e9 moins restrictifs).<\/p>\n<p>En reconnaissance du besoin critique de nouveaux traitements, le masitinib a re\u00e7u la d\u00e9signation de m\u00e9dicament orphelin pour le cancer du pancr\u00e9as \u00e0 la fois de l&rsquo;Agence Europ\u00e9enne de M\u00e9decine (EMA) et de la Food and Drug Administration (FDA) des \u00c9tats-Unis.[\/vc_column_text]<div class=\"dt-fancy-separator title-left h3-size title-color accent-border-color\" style=\"width: 100%;\"><div class=\"dt-fancy-title\"><span class=\"separator-holder separator-left\"><\/span>Nombre de patients cibl\u00e9s par le masitinib dans le Cancer du Pancr\u00e9as<span class=\"separator-holder separator-right\"><\/span><\/div><\/div><div class=\"ult-spacer spacer-69e6113e5f956\" data-id=\"69e6113e5f956\" data-height=\"20\" data-height-mobile=\"10\" data-height-tab=\"20\" data-height-tab-portrait=\"20\" data-height-mobile-landscape=\"10\" style=\"clear:both;display:block;\"><\/div>[vc_column_text]Le nombre de patients cibl\u00e9s par le masitinib s&rsquo;\u00e9l\u00e8ve de 20 000 \u00e0 40 000 en Europe et aux \u00c9tats-Unis.[\/vc_column_text]<div class=\"dt-fancy-separator title-left h3-size title-color accent-border-color\" style=\"width: 100%;\"><div class=\"dt-fancy-title\"><span class=\"separator-holder separator-left\"><\/span>R\u00e9sultats de phase 2a du masitinib sur le Cancer du Pancr\u00e9as<span class=\"separator-holder separator-right\"><\/span><\/div><\/div><div class=\"ult-spacer spacer-69e6113e5f9c0\" data-id=\"69e6113e5f9c0\" data-height=\"20\" data-height-mobile=\"10\" data-height-tab=\"20\" data-height-tab-portrait=\"20\" data-height-mobile-landscape=\"10\" style=\"clear:both;display:block;\"><\/div>[vc_column_text]Dans cette \u00e9tude, des patients atteints d&rsquo;un cancer du pancr\u00e9as non r\u00e9s\u00e9cable, localement avanc\u00e9 ou m\u00e9tastatique ont re\u00e7u du masitinib oral combin\u00e9 \u00e0 la gemcitabine standard. Le principal crit\u00e8re d&rsquo;\u00e9valuation du d\u00e9lai m\u00e9dian de progression (TTP) \u00e9tait de 6,4 mois (IC 95% [2 .7\u201311.7]). La survie globale m\u00e9diane (OS) \u00e9tait de 7,1 mois (IC 95%[4 .8\u201317.0]).<\/p>\n<p>Ces r\u00e9sultats du masitinib combin\u00e9 \u00e0 la gemcitabine, ayant d\u00e9montr\u00e9 un prolongement de la survie et du TTP m\u00e9dian ont \u00e9t\u00e9 <a href=\"https:\/\/link.springer.com\/article\/10.1007\/s00280-010-1299-8\" target=\"_blank\" rel=\"noopener noreferrer\">publi\u00e9s<\/a>.[\/vc_column_text]<div class=\"dt-fancy-separator title-left h3-size title-color accent-border-color\" style=\"width: 100%;\"><div class=\"dt-fancy-title\"><span class=\"separator-holder separator-left\"><\/span>R\u00e9sultats de la phase 2\/3 du masitinib dans le Cancer du Pancr\u00e9as<span class=\"separator-holder separator-right\"><\/span><\/div><\/div><div class=\"ult-spacer spacer-69e6113e5fa24\" data-id=\"69e6113e5fa24\" data-height=\"20\" data-height-mobile=\"10\" data-height-tab=\"20\" data-height-tab-portrait=\"20\" data-height-mobile-landscape=\"10\" style=\"clear:both;display:block;\"><\/div>[vc_column_text]AB Science a termin\u00e9 une premi\u00e8re \u00e9tude de phase 2\/3 comparant l\u2019efficacit\u00e9 et la tol\u00e9rance du masitinib en combinaison avec la gemcitabine, au placebo en combinaison avec la gemcitabine, dans le traitement des patients atteints d\u2019un cancer du pancr\u00e9as avanc\u00e9\/m\u00e9tastatique.<\/p>\n<p>Malgr\u00e9 le fait que la m\u00e9diane de la survie globale (OS) pour l\u2019ensemble de la population \u00e9tait similaire entre les deux groupes de traitement, l\u2019\u00e9tude a montr\u00e9 que le masitinib en combinaison avec la gemcitabine prolongeait la survie chez les patients souffrant de douleurs li\u00e9es au cancer dans unesous-population repr\u00e9sentant 45% de la population globale. Dans ce sous-groupe, les patients trait\u00e9s par le masitinib plus gemcitabine avait une OS m\u00e9diane de 8,0 mois [IC 95% (5,8 ; 11,5)] contre une OS m\u00e9diane de 5,4 mois [IC 95% (3,7 ; 8,3)] pour le groupe placebo plus gemcitabine, soit un gain de survie de + 2,6 mois.<\/p>\n<p>Cette \u00e9tude de phase 2\/3 a donc permis d\u2019identifier un sous-groupe bas\u00e9 sur le niveau de douleur (marqueur de l\u2019activation des mastocytes) au moment de l\u2019inclusion, pour lequel la survie a \u00e9t\u00e9 statistiquement augment\u00e9e.<\/p>\n<p>Les r\u00e9sultats ont \u00e9t\u00e9 <a href=\"https:\/\/www.annalsofoncology.org\/article\/S0923-7534(19)31808-3\/fulltext\">publi\u00e9s<\/a> dans Annal of Oncology.[\/vc_column_text]<div class=\"dt-fancy-separator title-left h3-size title-color accent-border-color\" style=\"width: 100%;\"><div class=\"dt-fancy-title\"><span class=\"separator-holder separator-left\"><\/span>R\u00e9sultats de l\u2019\u00e9tude confirmatoire de phase 3 du masitinib dans le cancer du pancr\u00e9as<span class=\"separator-holder separator-right\"><\/span><\/div><\/div><div class=\"ult-spacer spacer-69e6113e5fa85\" data-id=\"69e6113e5fa85\" data-height=\"20\" data-height-mobile=\"10\" data-height-tab=\"20\" data-height-tab-portrait=\"20\" data-height-mobile-landscape=\"10\" style=\"clear:both;display:block;\"><\/div>[vc_column_text]AB Science a termin\u00e9 une \u00e9tude confirmatoire de phase 3 \u00e9valuant le masitinib chez des patients atteints d\u2019un cancer du pancr\u00e9as en premi\u00e8re ligne et souffrant de douleurs. Le principal crit\u00e8re d\u2019\u00e9valuation de l\u2019\u00e9tude \u00e9tait la survie globale (OS).<\/p>\n<p>L\u2019\u00e9tude a atteint son crit\u00e8re d\u2019\u00e9valuation principal avec une augmentation significative de la survie (+1,8 mois, p=0,007) dans la population pr\u00e9sentant des tumeurs localement avanc\u00e9es, ce qui repr\u00e9sente une r\u00e9duction du risque de d\u00e9c\u00e8s de 54% pour les patients trait\u00e9s par le masitinib par rapport au contr\u00f4le.<\/p>\n<p>L\u2019analyse secondaire de la survie sans progression (+1,8 mois, p=0,039) \u00e9tait coh\u00e9rente avec les r\u00e9sultats de survie, et le masitinib a r\u00e9duit la douleur, ce qui justifie le ciblage de cette population ayant des douleurs au moment de l\u2019inclusion.<\/p>\n<p>La tol\u00e9rance du masitinib \u00e0 la dose de 6,0 mg\/kg\/jour en association avec la gemcitabine se compare favorablement \u00e0 celle de la gemcitabine en monoth\u00e9rapie, avec moins d\u2019effets ind\u00e9sirables et d\u2019effets ind\u00e9sirables graves signal\u00e9s dans le groupe masitinib par rapport au groupe t\u00e9moin.<\/p>\n<p>Aucun avantage de survie n\u2019a \u00e9t\u00e9 d\u00e9tect\u00e9 dans l\u2019ensemble de la population, y compris pour tumeurs localement avanc\u00e9es et m\u00e9tastatiques, ce qui sugg\u00e8re que le traitement par masitinib devrait \u00eatre initi\u00e9 t\u00f4t dans l\u2019\u00e9volution de la maladie, avant la formation de m\u00e9tastases.[\/vc_column_text][\/vc_column][\/vc_row]<\/p>\n<\/div>","protected":false},"excerpt":{"rendered":"<p>[vc_row][vc_column][vc_column_text]Le cancer du pancr\u00e9as est presque toujours fatal. Les patients chez lesquels un cancer du pancr\u00e9as est diagnostiqu\u00e9 ont souvent un pronostic moins bon que pour les autres cancers, en partie parce que la d\u00e9tection pr\u00e9coce est difficile. Bien que des progr\u00e8s ont \u00e9t\u00e9 r\u00e9alis\u00e9s au cours des derni\u00e8res d\u00e9cennies dans le traitement du cancer&hellip;<\/p>\n","protected":false},"author":1,"featured_media":0,"parent":3763,"menu_order":0,"comment_status":"closed","ping_status":"closed","template":"","meta":{"footnotes":""},"class_list":["post-3673","page","type-page","status-publish","hentry","description-off"],"yoast_head":"<!-- This site is optimized with the Yoast SEO Premium plugin v27.4 (Yoast SEO v27.4) - https:\/\/yoast.com\/product\/yoast-seo-premium-wordpress\/ -->\n<title>Cancer du Pancr\u00e9as &#8211; AB Science<\/title>\n<meta name=\"robots\" content=\"index, follow, max-snippet:-1, max-image-preview:large, max-video-preview:-1\" \/>\n<link rel=\"canonical\" href=\"https:\/\/www.ab-science.com\/fr\/pipeline\/masitinib-apercu\/cancer-du-pancreas\/\" \/>\n<meta property=\"og:locale\" content=\"fr_FR\" \/>\n<meta property=\"og:type\" content=\"article\" \/>\n<meta property=\"og:title\" content=\"Cancer du Pancr\u00e9as\" \/>\n<meta property=\"og:description\" content=\"[vc_row][vc_column][vc_column_text]Le cancer du pancr\u00e9as est presque toujours fatal. Les patients chez lesquels un cancer du pancr\u00e9as est diagnostiqu\u00e9 ont souvent un pronostic moins bon que pour les autres cancers, en partie parce que la d\u00e9tection pr\u00e9coce est difficile. Bien que des progr\u00e8s ont \u00e9t\u00e9 r\u00e9alis\u00e9s au cours des derni\u00e8res d\u00e9cennies dans le traitement du cancer&hellip;\" \/>\n<meta property=\"og:url\" content=\"https:\/\/www.ab-science.com\/fr\/pipeline\/masitinib-apercu\/cancer-du-pancreas\/\" \/>\n<meta property=\"og:site_name\" content=\"AB Science\" \/>\n<meta property=\"article:modified_time\" content=\"2021-01-21T15:06:48+00:00\" \/>\n<meta name=\"twitter:card\" content=\"summary_large_image\" \/>\n<meta name=\"twitter:label1\" content=\"Dur\u00e9e de lecture estim\u00e9e\" \/>\n\t<meta name=\"twitter:data1\" content=\"4 minutes\" \/>\n<script type=\"application\/ld+json\" class=\"yoast-schema-graph\">{\"@context\":\"https:\\\/\\\/schema.org\",\"@graph\":[{\"@type\":\"WebPage\",\"@id\":\"https:\\\/\\\/www.ab-science.com\\\/fr\\\/pipeline\\\/masitinib-apercu\\\/cancer-du-pancreas\\\/\",\"url\":\"https:\\\/\\\/www.ab-science.com\\\/fr\\\/pipeline\\\/masitinib-apercu\\\/cancer-du-pancreas\\\/\",\"name\":\"Cancer du Pancr\u00e9as &#8211; AB Science\",\"isPartOf\":{\"@id\":\"https:\\\/\\\/www.ab-science.com\\\/fr\\\/#website\"},\"datePublished\":\"2020-10-01T11:06:29+00:00\",\"dateModified\":\"2021-01-21T15:06:48+00:00\",\"breadcrumb\":{\"@id\":\"https:\\\/\\\/www.ab-science.com\\\/fr\\\/pipeline\\\/masitinib-apercu\\\/cancer-du-pancreas\\\/#breadcrumb\"},\"inLanguage\":\"fr-FR\",\"potentialAction\":[{\"@type\":\"ReadAction\",\"target\":[\"https:\\\/\\\/www.ab-science.com\\\/fr\\\/pipeline\\\/masitinib-apercu\\\/cancer-du-pancreas\\\/\"]}]},{\"@type\":\"BreadcrumbList\",\"@id\":\"https:\\\/\\\/www.ab-science.com\\\/fr\\\/pipeline\\\/masitinib-apercu\\\/cancer-du-pancreas\\\/#breadcrumb\",\"itemListElement\":[{\"@type\":\"ListItem\",\"position\":1,\"name\":\"Accueil\",\"item\":\"https:\\\/\\\/www.ab-science.com\\\/fr\\\/\"},{\"@type\":\"ListItem\",\"position\":2,\"name\":\"Pipeline\",\"item\":\"https:\\\/\\\/www.ab-science.com\\\/fr\\\/pipeline\\\/\"},{\"@type\":\"ListItem\",\"position\":3,\"name\":\"Masitinib\",\"item\":\"https:\\\/\\\/www.ab-science.com\\\/fr\\\/pipeline\\\/masitinib-overview\\\/\"},{\"@type\":\"ListItem\",\"position\":4,\"name\":\"Cancer du Pancr\u00e9as\"}]},{\"@type\":\"WebSite\",\"@id\":\"https:\\\/\\\/www.ab-science.com\\\/fr\\\/#website\",\"url\":\"https:\\\/\\\/www.ab-science.com\\\/fr\\\/\",\"name\":\"AB Science\",\"description\":\"Masitinib and AB8939 \u2013 Two compounds with breakthrough mechanism of action\",\"publisher\":{\"@id\":\"https:\\\/\\\/www.ab-science.com\\\/fr\\\/#organization\"},\"potentialAction\":[{\"@type\":\"SearchAction\",\"target\":{\"@type\":\"EntryPoint\",\"urlTemplate\":\"https:\\\/\\\/www.ab-science.com\\\/fr\\\/?s={search_term_string}\"},\"query-input\":{\"@type\":\"PropertyValueSpecification\",\"valueRequired\":true,\"valueName\":\"search_term_string\"}}],\"inLanguage\":\"fr-FR\"},{\"@type\":\"Organization\",\"@id\":\"https:\\\/\\\/www.ab-science.com\\\/fr\\\/#organization\",\"name\":\"AB Science\",\"url\":\"https:\\\/\\\/www.ab-science.com\\\/fr\\\/\",\"logo\":{\"@type\":\"ImageObject\",\"inLanguage\":\"fr-FR\",\"@id\":\"https:\\\/\\\/www.ab-science.com\\\/fr\\\/#\\\/schema\\\/logo\\\/image\\\/\",\"url\":\"https:\\\/\\\/www.ab-science.com\\\/wp-content\\\/uploads\\\/2020\\\/11\\\/logo_ab-science-wh120.png\",\"contentUrl\":\"https:\\\/\\\/www.ab-science.com\\\/wp-content\\\/uploads\\\/2020\\\/11\\\/logo_ab-science-wh120.png\",\"width\":120,\"height\":120,\"caption\":\"AB Science\"},\"image\":{\"@id\":\"https:\\\/\\\/www.ab-science.com\\\/fr\\\/#\\\/schema\\\/logo\\\/image\\\/\"},\"sameAs\":[\"https:\\\/\\\/www.linkedin.com\\\/company\\\/ab-science\\\/\"]}]}<\/script>\n<!-- \/ Yoast SEO Premium plugin. -->","yoast_head_json":{"title":"Cancer du Pancr\u00e9as &#8211; AB Science","robots":{"index":"index","follow":"follow","max-snippet":"max-snippet:-1","max-image-preview":"max-image-preview:large","max-video-preview":"max-video-preview:-1"},"canonical":"https:\/\/www.ab-science.com\/fr\/pipeline\/masitinib-apercu\/cancer-du-pancreas\/","og_locale":"fr_FR","og_type":"article","og_title":"Cancer du Pancr\u00e9as","og_description":"[vc_row][vc_column][vc_column_text]Le cancer du pancr\u00e9as est presque toujours fatal. Les patients chez lesquels un cancer du pancr\u00e9as est diagnostiqu\u00e9 ont souvent un pronostic moins bon que pour les autres cancers, en partie parce que la d\u00e9tection pr\u00e9coce est difficile. Bien que des progr\u00e8s ont \u00e9t\u00e9 r\u00e9alis\u00e9s au cours des derni\u00e8res d\u00e9cennies dans le traitement du cancer&hellip;","og_url":"https:\/\/www.ab-science.com\/fr\/pipeline\/masitinib-apercu\/cancer-du-pancreas\/","og_site_name":"AB Science","article_modified_time":"2021-01-21T15:06:48+00:00","twitter_card":"summary_large_image","twitter_misc":{"Dur\u00e9e de lecture estim\u00e9e":"4 minutes"},"schema":{"@context":"https:\/\/schema.org","@graph":[{"@type":"WebPage","@id":"https:\/\/www.ab-science.com\/fr\/pipeline\/masitinib-apercu\/cancer-du-pancreas\/","url":"https:\/\/www.ab-science.com\/fr\/pipeline\/masitinib-apercu\/cancer-du-pancreas\/","name":"Cancer du Pancr\u00e9as &#8211; AB Science","isPartOf":{"@id":"https:\/\/www.ab-science.com\/fr\/#website"},"datePublished":"2020-10-01T11:06:29+00:00","dateModified":"2021-01-21T15:06:48+00:00","breadcrumb":{"@id":"https:\/\/www.ab-science.com\/fr\/pipeline\/masitinib-apercu\/cancer-du-pancreas\/#breadcrumb"},"inLanguage":"fr-FR","potentialAction":[{"@type":"ReadAction","target":["https:\/\/www.ab-science.com\/fr\/pipeline\/masitinib-apercu\/cancer-du-pancreas\/"]}]},{"@type":"BreadcrumbList","@id":"https:\/\/www.ab-science.com\/fr\/pipeline\/masitinib-apercu\/cancer-du-pancreas\/#breadcrumb","itemListElement":[{"@type":"ListItem","position":1,"name":"Accueil","item":"https:\/\/www.ab-science.com\/fr\/"},{"@type":"ListItem","position":2,"name":"Pipeline","item":"https:\/\/www.ab-science.com\/fr\/pipeline\/"},{"@type":"ListItem","position":3,"name":"Masitinib","item":"https:\/\/www.ab-science.com\/fr\/pipeline\/masitinib-overview\/"},{"@type":"ListItem","position":4,"name":"Cancer du Pancr\u00e9as"}]},{"@type":"WebSite","@id":"https:\/\/www.ab-science.com\/fr\/#website","url":"https:\/\/www.ab-science.com\/fr\/","name":"AB Science","description":"Masitinib and AB8939 \u2013 Two compounds with breakthrough mechanism of action","publisher":{"@id":"https:\/\/www.ab-science.com\/fr\/#organization"},"potentialAction":[{"@type":"SearchAction","target":{"@type":"EntryPoint","urlTemplate":"https:\/\/www.ab-science.com\/fr\/?s={search_term_string}"},"query-input":{"@type":"PropertyValueSpecification","valueRequired":true,"valueName":"search_term_string"}}],"inLanguage":"fr-FR"},{"@type":"Organization","@id":"https:\/\/www.ab-science.com\/fr\/#organization","name":"AB Science","url":"https:\/\/www.ab-science.com\/fr\/","logo":{"@type":"ImageObject","inLanguage":"fr-FR","@id":"https:\/\/www.ab-science.com\/fr\/#\/schema\/logo\/image\/","url":"https:\/\/www.ab-science.com\/wp-content\/uploads\/2020\/11\/logo_ab-science-wh120.png","contentUrl":"https:\/\/www.ab-science.com\/wp-content\/uploads\/2020\/11\/logo_ab-science-wh120.png","width":120,"height":120,"caption":"AB Science"},"image":{"@id":"https:\/\/www.ab-science.com\/fr\/#\/schema\/logo\/image\/"},"sameAs":["https:\/\/www.linkedin.com\/company\/ab-science\/"]}]}},"_links":{"self":[{"href":"https:\/\/www.ab-science.com\/fr\/wp-json\/wp\/v2\/pages\/3673","targetHints":{"allow":["GET"]}}],"collection":[{"href":"https:\/\/www.ab-science.com\/fr\/wp-json\/wp\/v2\/pages"}],"about":[{"href":"https:\/\/www.ab-science.com\/fr\/wp-json\/wp\/v2\/types\/page"}],"author":[{"embeddable":true,"href":"https:\/\/www.ab-science.com\/fr\/wp-json\/wp\/v2\/users\/1"}],"replies":[{"embeddable":true,"href":"https:\/\/www.ab-science.com\/fr\/wp-json\/wp\/v2\/comments?post=3673"}],"version-history":[{"count":0,"href":"https:\/\/www.ab-science.com\/fr\/wp-json\/wp\/v2\/pages\/3673\/revisions"}],"up":[{"embeddable":true,"href":"https:\/\/www.ab-science.com\/fr\/wp-json\/wp\/v2\/pages\/3763"}],"wp:attachment":[{"href":"https:\/\/www.ab-science.com\/fr\/wp-json\/wp\/v2\/media?parent=3673"}],"curies":[{"name":"wp","href":"https:\/\/api.w.org\/{rel}","templated":true}]}}