{"id":3631,"date":"2020-10-02T15:20:51","date_gmt":"2020-10-02T14:20:51","guid":{"rendered":"https:\/\/www.ab-science.com\/actualites-et-media\/replay-des-webconferences\/"},"modified":"2025-03-07T11:34:49","modified_gmt":"2025-03-07T10:34:49","slug":"conferences-virtuelles","status":"publish","type":"page","link":"https:\/\/www.ab-science.com\/fr\/actualites-et-media\/conferences-virtuelles\/","title":{"rendered":"Conf\u00e9rences virtuelles"},"content":{"rendered":"<div class=\"wpb-content-wrapper\"><p>[vc_row gap=\u00a0\u00bb30&Prime; equal_height=\u00a0\u00bbyes\u00a0\u00bb content_placement=\u00a0\u00bbmiddle\u00a0\u00bb][vc_column width=\u00a0\u00bb1\/2&Prime; css=\u00a0\u00bb.vc_custom_1608226347843{background-color: #3884bb !important;border-radius: 10px !important;}\u00a0\u00bb]<div class=\"dt-fancy-separator h4-size style-disabled\" style=\"width: 100%;\"><div class=\"dt-fancy-title\" style=\"color: #ffffff;\"><span class=\"separator-holder separator-left\"><\/span>PR\u00c9SENTATION DE LA PLATEFORME MASITINIB<span class=\"separator-holder separator-right\"><\/span><\/div><\/div><div class=\"dt-fancy-separator h5-size style-disabled\" style=\"width: 100%;\"><div class=\"dt-fancy-title\" style=\"color: #ffffff;\"><span class=\"separator-holder separator-left\"><\/span>28 JANVIER 2025<span class=\"separator-holder separator-right\"><\/span><\/div><\/div><style type=\"text\/css\" data-type=\"the7_shortcodes-inline-css\">.icon-with-text-shortcode.icon-text-id-cc413e33717c899bf658a13907dbdbff .text-icon {\n  width: 60px;\n  height: 60px;\n  line-height: 60px;\n  font-size: 32px;\n  border-radius: 200px;\n  margin: 0px 0px 0px 0px;\n}\n.icon-with-text-shortcode.icon-text-id-cc413e33717c899bf658a13907dbdbff .text-icon .icon-inner {\n  min-width: 60px;\n  min-height: 60px;\n  border-radius: 200px;\n}\n@media all and (-ms-high-contrast: none) {\n  .icon-with-text-shortcode.icon-text-id-cc413e33717c899bf658a13907dbdbff .text-icon .icon-inner {\n    height: 60px;\n  }\n}\n.icon-with-text-shortcode.icon-text-id-cc413e33717c899bf658a13907dbdbff .text-icon .dt-hover-icon {\n  line-height: 60px;\n}\n.icon-with-text-shortcode.icon-text-id-cc413e33717c899bf658a13907dbdbff .text-icon:before,\n.icon-with-text-shortcode.icon-text-id-cc413e33717c899bf658a13907dbdbff .text-icon:after,\n.icon-with-text-shortcode.icon-text-id-cc413e33717c899bf658a13907dbdbff .text-icon .icon-inner:before,\n.icon-with-text-shortcode.icon-text-id-cc413e33717c899bf658a13907dbdbff .text-icon .icon-inner:after {\n  min-width: 100%;\n  min-height: 100%;\n  padding: inherit;\n  border-radius: inherit;\n}\n.icon-with-text-shortcode.icon-text-id-cc413e33717c899bf658a13907dbdbff .text-icon.dt-icon-border-on:before {\n  border-width: 2px;\n  border-style: solid;\n}\n.dt-icon-border-dashed.icon-with-text-shortcode.icon-text-id-cc413e33717c899bf658a13907dbdbff .text-icon.dt-icon-border-on:before {\n  border-style: dashed;\n}\n.dt-icon-border-dotted.icon-with-text-shortcode.icon-text-id-cc413e33717c899bf658a13907dbdbff .text-icon.dt-icon-border-on:before {\n  border-style: dotted;\n}\n.dt-icon-border-double.icon-with-text-shortcode.icon-text-id-cc413e33717c899bf658a13907dbdbff .text-icon.dt-icon-border-on:before {\n  border-style: double;\n}\n.icon-with-text-shortcode.icon-text-id-cc413e33717c899bf658a13907dbdbff .text-icon.dt-icon-border-dashed.dt-icon-border-on:before {\n  border-style: dashed;\n}\n.icon-with-text-shortcode.icon-text-id-cc413e33717c899bf658a13907dbdbff .text-icon.dt-icon-border-dotted.dt-icon-border-on:before {\n  border-style: dotted;\n}\n.icon-with-text-shortcode.icon-text-id-cc413e33717c899bf658a13907dbdbff .text-icon.dt-icon-border-double.dt-icon-border-on:before {\n  border-style: double;\n}\n.icon-with-text-shortcode.icon-text-id-cc413e33717c899bf658a13907dbdbff .text-icon.dt-icon-hover-border-on:after {\n  border-width: 2px;\n  border-style: solid;\n}\n.icon-with-text-shortcode.icon-text-id-cc413e33717c899bf658a13907dbdbff .text-icon.dt-icon-border-dashed.dt-icon-hover-border-on:after {\n  border-style: dashed;\n}\n.icon-with-text-shortcode.icon-text-id-cc413e33717c899bf658a13907dbdbff .text-icon.dt-icon-border-dotted.dt-icon-hover-border-on:after {\n  border-style: dotted;\n}\n.icon-with-text-shortcode.icon-text-id-cc413e33717c899bf658a13907dbdbff .text-icon.dt-icon-border-double.dt-icon-hover-border-on:after {\n  border-style: double;\n}\n.icon-with-text-shortcode.icon-text-id-cc413e33717c899bf658a13907dbdbff .text-icon.dt-icon-hover-on:hover {\n  font-size: 32px;\n}\n#page .icon-with-text-shortcode.icon-text-id-cc413e33717c899bf658a13907dbdbff .text-icon.dt-icon-hover-on:hover .soc-font-icon,\n#phantom .icon-with-text-shortcode.icon-text-id-cc413e33717c899bf658a13907dbdbff .text-icon.dt-icon-hover-on:hover .soc-font-icon,\n#page .icon-with-text-shortcode.icon-text-id-cc413e33717c899bf658a13907dbdbff .text-icon.dt-icon-hover-on:hover .soc-icon,\n#phantom .icon-with-text-shortcode.icon-text-id-cc413e33717c899bf658a13907dbdbff .text-icon.dt-icon-hover-on:hover .soc-icon {\n  color: #fff;\n  background: none;\n}\n#page .icon-with-text-shortcode.icon-text-id-cc413e33717c899bf658a13907dbdbff .text-icon.dt-icon-hover-on:not(:hover) .soc-font-icon,\n#phantom .icon-with-text-shortcode.icon-text-id-cc413e33717c899bf658a13907dbdbff .text-icon.dt-icon-hover-on:not(:hover) .soc-font-icon,\n#page .icon-with-text-shortcode.icon-text-id-cc413e33717c899bf658a13907dbdbff .text-icon.dt-icon-hover-on:not(:hover) .soc-icon,\n#phantom .icon-with-text-shortcode.icon-text-id-cc413e33717c899bf658a13907dbdbff .text-icon.dt-icon-hover-on:not(:hover) .soc-icon,\n#page .icon-with-text-shortcode.icon-text-id-cc413e33717c899bf658a13907dbdbff .text-icon.dt-icon-hover-off .soc-font-icon,\n#phantom .icon-with-text-shortcode.icon-text-id-cc413e33717c899bf658a13907dbdbff .text-icon.dt-icon-hover-off .soc-font-icon,\n#page .icon-with-text-shortcode.icon-text-id-cc413e33717c899bf658a13907dbdbff .text-icon.dt-icon-hover-off .soc-icon,\n#phantom .icon-with-text-shortcode.icon-text-id-cc413e33717c899bf658a13907dbdbff .text-icon.dt-icon-hover-off .soc-icon {\n  color: #fff;\n  background: none;\n}\n.icon-with-text-shortcode.icon-text-id-cc413e33717c899bf658a13907dbdbff.layout-1 {\n  grid-template-columns: 60px minmax(0,1fr);\n  grid-column-gap: 0px;\n}\n.icon-with-text-shortcode.icon-text-id-cc413e33717c899bf658a13907dbdbff.layout-2 {\n  grid-template-columns: minmax(0,1fr) 60px;\n  grid-column-gap: 0px;\n}\n.icon-with-text-shortcode.icon-text-id-cc413e33717c899bf658a13907dbdbff.layout-2 .text-icon {\n  margin-left: 0;\n}\n.icon-with-text-shortcode.icon-text-id-cc413e33717c899bf658a13907dbdbff.layout-3 {\n  grid-template-columns: 60px minmax(0,1fr);\n}\n.icon-with-text-shortcode.icon-text-id-cc413e33717c899bf658a13907dbdbff.layout-3 .dt-text-title {\n  margin-left: 0px;\n}\n.icon-with-text-shortcode.icon-text-id-cc413e33717c899bf658a13907dbdbff .dt-text-title,\n.icon-with-text-shortcode.icon-text-id-cc413e33717c899bf658a13907dbdbff .dt-text-title a {\n  font-weight: bold;\n}\n.icon-with-text-shortcode.icon-text-id-cc413e33717c899bf658a13907dbdbff .dt-text-title {\n  margin-bottom: 0px;\n}\n.icon-with-text-shortcode.icon-text-id-cc413e33717c899bf658a13907dbdbff .dt-text-desc {\n  margin-bottom: 0px;\n}<\/style><div class=\"icon-with-text-shortcode  icon-text-id-cc413e33717c899bf658a13907dbdbff layout-5  vc_custom_1741343604942 \" ><a href=\"https:\/\/www.ab-science.com\/wp-content\/uploads\/2025\/03\/AB-Science.-webconference.-28-Jan-25.pdf\" class=\"anchor-link  default-btn-shortcode dt-btn dt-btn-l link-hover-off\" target=\"_blank\" rel=\"noopener\"><i class=\"dt-icon-the7-download\"><\/i><span>T\u00e9l\u00e9charger le PDF<\/span><\/a><\/div>[\/vc_column][vc_column width=\u00a0\u00bb1\/2&Prime; css=\u00a0\u00bb.vc_custom_1741343687275{background-color: #0064ad !important;border-radius: 10px !important;}\u00a0\u00bb]<div class=\"dt-fancy-separator h4-size style-disabled\" style=\"width: 100%;\"><div class=\"dt-fancy-title\" style=\"color: #ffffff;\"><span class=\"separator-holder separator-left\"><\/span>PR\u00c9SENTATION DE LA PLATEFORME AB8939<span class=\"separator-holder separator-right\"><\/span><\/div><\/div><div class=\"dt-fancy-separator h5-size style-disabled\" style=\"width: 100%;\"><div class=\"dt-fancy-title\" style=\"color: #ffffff;\"><span class=\"separator-holder separator-left\"><\/span>16 D\u00c9CEMBRE 2024<span class=\"separator-holder separator-right\"><\/span><\/div><\/div><style type=\"text\/css\" data-type=\"the7_shortcodes-inline-css\">.icon-with-text-shortcode.icon-text-id-e7544719addb5e1668036cad89181f0c .text-icon {\n  width: 60px;\n  height: 60px;\n  line-height: 60px;\n  font-size: 32px;\n  border-radius: 200px;\n  margin: 0px 0px 0px 0px;\n}\n.icon-with-text-shortcode.icon-text-id-e7544719addb5e1668036cad89181f0c .text-icon .icon-inner {\n  min-width: 60px;\n  min-height: 60px;\n  border-radius: 200px;\n}\n@media all and (-ms-high-contrast: none) {\n  .icon-with-text-shortcode.icon-text-id-e7544719addb5e1668036cad89181f0c .text-icon .icon-inner {\n    height: 60px;\n  }\n}\n.icon-with-text-shortcode.icon-text-id-e7544719addb5e1668036cad89181f0c .text-icon .dt-hover-icon {\n  line-height: 60px;\n}\n.icon-with-text-shortcode.icon-text-id-e7544719addb5e1668036cad89181f0c .text-icon:before,\n.icon-with-text-shortcode.icon-text-id-e7544719addb5e1668036cad89181f0c .text-icon:after,\n.icon-with-text-shortcode.icon-text-id-e7544719addb5e1668036cad89181f0c .text-icon .icon-inner:before,\n.icon-with-text-shortcode.icon-text-id-e7544719addb5e1668036cad89181f0c .text-icon .icon-inner:after {\n  min-width: 100%;\n  min-height: 100%;\n  padding: inherit;\n  border-radius: inherit;\n}\n.icon-with-text-shortcode.icon-text-id-e7544719addb5e1668036cad89181f0c .text-icon.dt-icon-border-on:before {\n  border-width: 2px;\n  border-style: solid;\n}\n.dt-icon-border-dashed.icon-with-text-shortcode.icon-text-id-e7544719addb5e1668036cad89181f0c .text-icon.dt-icon-border-on:before {\n  border-style: dashed;\n}\n.dt-icon-border-dotted.icon-with-text-shortcode.icon-text-id-e7544719addb5e1668036cad89181f0c .text-icon.dt-icon-border-on:before {\n  border-style: dotted;\n}\n.dt-icon-border-double.icon-with-text-shortcode.icon-text-id-e7544719addb5e1668036cad89181f0c .text-icon.dt-icon-border-on:before {\n  border-style: double;\n}\n.icon-with-text-shortcode.icon-text-id-e7544719addb5e1668036cad89181f0c .text-icon.dt-icon-border-dashed.dt-icon-border-on:before {\n  border-style: dashed;\n}\n.icon-with-text-shortcode.icon-text-id-e7544719addb5e1668036cad89181f0c .text-icon.dt-icon-border-dotted.dt-icon-border-on:before {\n  border-style: dotted;\n}\n.icon-with-text-shortcode.icon-text-id-e7544719addb5e1668036cad89181f0c .text-icon.dt-icon-border-double.dt-icon-border-on:before {\n  border-style: double;\n}\n.icon-with-text-shortcode.icon-text-id-e7544719addb5e1668036cad89181f0c .text-icon.dt-icon-hover-border-on:after {\n  border-width: 2px;\n  border-style: solid;\n}\n.icon-with-text-shortcode.icon-text-id-e7544719addb5e1668036cad89181f0c .text-icon.dt-icon-border-dashed.dt-icon-hover-border-on:after {\n  border-style: dashed;\n}\n.icon-with-text-shortcode.icon-text-id-e7544719addb5e1668036cad89181f0c .text-icon.dt-icon-border-dotted.dt-icon-hover-border-on:after {\n  border-style: dotted;\n}\n.icon-with-text-shortcode.icon-text-id-e7544719addb5e1668036cad89181f0c .text-icon.dt-icon-border-double.dt-icon-hover-border-on:after {\n  border-style: double;\n}\n.icon-with-text-shortcode.icon-text-id-e7544719addb5e1668036cad89181f0c .text-icon.dt-icon-hover-on:hover {\n  font-size: 32px;\n}\n#page .icon-with-text-shortcode.icon-text-id-e7544719addb5e1668036cad89181f0c .text-icon.dt-icon-hover-on:hover .soc-font-icon,\n#phantom .icon-with-text-shortcode.icon-text-id-e7544719addb5e1668036cad89181f0c .text-icon.dt-icon-hover-on:hover .soc-font-icon,\n#page .icon-with-text-shortcode.icon-text-id-e7544719addb5e1668036cad89181f0c .text-icon.dt-icon-hover-on:hover .soc-icon,\n#phantom .icon-with-text-shortcode.icon-text-id-e7544719addb5e1668036cad89181f0c .text-icon.dt-icon-hover-on:hover .soc-icon {\n  color: #fff;\n  background: none;\n}\n#page .icon-with-text-shortcode.icon-text-id-e7544719addb5e1668036cad89181f0c .text-icon.dt-icon-hover-on:not(:hover) .soc-font-icon,\n#phantom .icon-with-text-shortcode.icon-text-id-e7544719addb5e1668036cad89181f0c .text-icon.dt-icon-hover-on:not(:hover) .soc-font-icon,\n#page .icon-with-text-shortcode.icon-text-id-e7544719addb5e1668036cad89181f0c .text-icon.dt-icon-hover-on:not(:hover) .soc-icon,\n#phantom .icon-with-text-shortcode.icon-text-id-e7544719addb5e1668036cad89181f0c .text-icon.dt-icon-hover-on:not(:hover) .soc-icon,\n#page .icon-with-text-shortcode.icon-text-id-e7544719addb5e1668036cad89181f0c .text-icon.dt-icon-hover-off .soc-font-icon,\n#phantom .icon-with-text-shortcode.icon-text-id-e7544719addb5e1668036cad89181f0c .text-icon.dt-icon-hover-off .soc-font-icon,\n#page .icon-with-text-shortcode.icon-text-id-e7544719addb5e1668036cad89181f0c .text-icon.dt-icon-hover-off .soc-icon,\n#phantom .icon-with-text-shortcode.icon-text-id-e7544719addb5e1668036cad89181f0c .text-icon.dt-icon-hover-off .soc-icon {\n  color: #fff;\n  background: none;\n}\n.icon-with-text-shortcode.icon-text-id-e7544719addb5e1668036cad89181f0c.layout-1 {\n  grid-template-columns: 60px minmax(0,1fr);\n  grid-column-gap: 0px;\n}\n.icon-with-text-shortcode.icon-text-id-e7544719addb5e1668036cad89181f0c.layout-2 {\n  grid-template-columns: minmax(0,1fr) 60px;\n  grid-column-gap: 0px;\n}\n.icon-with-text-shortcode.icon-text-id-e7544719addb5e1668036cad89181f0c.layout-2 .text-icon {\n  margin-left: 0;\n}\n.icon-with-text-shortcode.icon-text-id-e7544719addb5e1668036cad89181f0c.layout-3 {\n  grid-template-columns: 60px minmax(0,1fr);\n}\n.icon-with-text-shortcode.icon-text-id-e7544719addb5e1668036cad89181f0c.layout-3 .dt-text-title {\n  margin-left: 0px;\n}\n.icon-with-text-shortcode.icon-text-id-e7544719addb5e1668036cad89181f0c .dt-text-title,\n.icon-with-text-shortcode.icon-text-id-e7544719addb5e1668036cad89181f0c .dt-text-title a {\n  font-weight: bold;\n}\n.icon-with-text-shortcode.icon-text-id-e7544719addb5e1668036cad89181f0c .dt-text-title {\n  margin-bottom: 0px;\n}\n.icon-with-text-shortcode.icon-text-id-e7544719addb5e1668036cad89181f0c .dt-text-desc {\n  margin-bottom: 0px;\n}<\/style><div class=\"icon-with-text-shortcode  icon-text-id-e7544719addb5e1668036cad89181f0c layout-5  vc_custom_1741343595386 \" ><a href=\"https:\/\/www.ab-science.com\/wp-content\/uploads\/2025\/03\/AB-Science.-webconference.-16-dec-24.pdf\" class=\"anchor-link  default-btn-shortcode dt-btn dt-btn-l link-hover-off\" target=\"_blank\" rel=\"noopener\"><i class=\"dt-icon-the7-download\"><\/i><span>T\u00e9l\u00e9charger le PDF<\/span><\/a><\/div>[\/vc_column][\/vc_row][vc_row disable_element=\u00a0\u00bbyes\u00a0\u00bb][vc_column]<div class=\"ult-spacer spacer-69e14d71ceae5\" data-id=\"69e14d71ceae5\" data-height=\"20\" data-height-mobile=\"10\" data-height-tab=\"20\" data-height-tab-portrait=\"20\" data-height-mobile-landscape=\"10\" style=\"clear:both;display:block;\"><\/div>[vc_column_text css=\u00a0\u00bb.vc_custom_1607965149807{margin-top: 20px !important;}\u00a0\u00bb]<div class=\"sc_fancy_player_container\"><audio class=\"wp-audio-shortcode\" id=\"audio-3631-1\" preload=\"none\" style=\"width: 100%;\" controls=\"controls\"><source type=\"audio\/mpeg\" src=\"https:\/\/www.ab-science.com\/wp-content\/uploads\/2020\/12\/2020_12_11_AB-Science_MASITINIB_IN_PANCREATIC_CANCER.mp3?_=1\" \/><a href=\"https:\/\/www.ab-science.com\/wp-content\/uploads\/2020\/12\/2020_12_11_AB-Science_MASITINIB_IN_PANCREATIC_CANCER.mp3\">https:\/\/www.ab-science.com\/wp-content\/uploads\/2020\/12\/2020_12_11_AB-Science_MASITINIB_IN_PANCREATIC_CANCER.mp3<\/a><\/audio><\/div>[\/vc_column_text][\/vc_column][\/vc_row]<\/p>\n<\/div>","protected":false},"excerpt":{"rendered":"<p>[vc_row gap=\u00a0\u00bb30&Prime; equal_height=\u00a0\u00bbyes\u00a0\u00bb content_placement=\u00a0\u00bbmiddle\u00a0\u00bb][vc_column width=\u00a0\u00bb1\/2&Prime; css=\u00a0\u00bb.vc_custom_1608226347843{background-color: #3884bb !important;border-radius: 10px !important;}\u00a0\u00bb][\/vc_column][vc_column width=\u00a0\u00bb1\/2&Prime; css=\u00a0\u00bb.vc_custom_1741343687275{background-color: #0064ad !important;border-radius: 10px !important;}\u00a0\u00bb][\/vc_column][\/vc_row][vc_row disable_element=\u00a0\u00bbyes\u00a0\u00bb][vc_column][vc_column_text css=\u00a0\u00bb.vc_custom_1607965149807{margin-top: 20px !important;}\u00a0\u00bb][\/vc_column_text][\/vc_column][\/vc_row]<\/p>\n","protected":false},"author":1,"featured_media":0,"parent":3617,"menu_order":0,"comment_status":"closed","ping_status":"closed","template":"","meta":{"footnotes":""},"class_list":["post-3631","page","type-page","status-publish","hentry","description-off"],"yoast_head":"<!-- This site is optimized with the Yoast SEO Premium plugin v27.2 (Yoast SEO v27.4) - https:\/\/yoast.com\/product\/yoast-seo-premium-wordpress\/ -->\n<title>Conf\u00e9rences virtuelles &#8211; AB Science<\/title>\n<meta name=\"description\" content=\"Replay des webconf\u00e9rences \u00e0 propos du masitinib\" \/>\n<meta name=\"robots\" content=\"index, follow, max-snippet:-1, max-image-preview:large, max-video-preview:-1\" \/>\n<link rel=\"canonical\" href=\"https:\/\/www.ab-science.com\/fr\/actualites-et-media\/conferences-virtuelles\/\" \/>\n<meta property=\"og:locale\" content=\"fr_FR\" \/>\n<meta property=\"og:type\" content=\"article\" \/>\n<meta property=\"og:title\" content=\"Conf\u00e9rences virtuelles\" \/>\n<meta property=\"og:description\" content=\"Replay des webconf\u00e9rences \u00e0 propos du masitinib\" \/>\n<meta property=\"og:url\" content=\"https:\/\/www.ab-science.com\/fr\/actualites-et-media\/conferences-virtuelles\/\" \/>\n<meta property=\"og:site_name\" content=\"AB Science\" \/>\n<meta property=\"article:modified_time\" content=\"2025-03-07T10:34:49+00:00\" \/>\n<meta name=\"twitter:card\" content=\"summary_large_image\" \/>\n<meta name=\"twitter:label1\" content=\"Dur\u00e9e de lecture estim\u00e9e\" \/>\n\t<meta name=\"twitter:data1\" content=\"1 minute\" \/>\n<script type=\"application\/ld+json\" class=\"yoast-schema-graph\">{\"@context\":\"https:\\\/\\\/schema.org\",\"@graph\":[{\"@type\":\"WebPage\",\"@id\":\"https:\\\/\\\/www.ab-science.com\\\/fr\\\/actualites-et-media\\\/conferences-virtuelles\\\/\",\"url\":\"https:\\\/\\\/www.ab-science.com\\\/fr\\\/actualites-et-media\\\/conferences-virtuelles\\\/\",\"name\":\"Conf\u00e9rences virtuelles &#8211; AB Science\",\"isPartOf\":{\"@id\":\"https:\\\/\\\/www.ab-science.com\\\/fr\\\/#website\"},\"datePublished\":\"2020-10-02T14:20:51+00:00\",\"dateModified\":\"2025-03-07T10:34:49+00:00\",\"description\":\"Replay des webconf\u00e9rences \u00e0 propos du masitinib\",\"breadcrumb\":{\"@id\":\"https:\\\/\\\/www.ab-science.com\\\/fr\\\/actualites-et-media\\\/conferences-virtuelles\\\/#breadcrumb\"},\"inLanguage\":\"fr-FR\",\"potentialAction\":[{\"@type\":\"ReadAction\",\"target\":[\"https:\\\/\\\/www.ab-science.com\\\/fr\\\/actualites-et-media\\\/conferences-virtuelles\\\/\"]}]},{\"@type\":\"BreadcrumbList\",\"@id\":\"https:\\\/\\\/www.ab-science.com\\\/fr\\\/actualites-et-media\\\/conferences-virtuelles\\\/#breadcrumb\",\"itemListElement\":[{\"@type\":\"ListItem\",\"position\":1,\"name\":\"Accueil\",\"item\":\"https:\\\/\\\/www.ab-science.com\\\/fr\\\/\"},{\"@type\":\"ListItem\",\"position\":2,\"name\":\"Actualit\u00e9s et Media\",\"item\":\"https:\\\/\\\/www.ab-science.com\\\/fr\\\/actualites-et-media\\\/\"},{\"@type\":\"ListItem\",\"position\":3,\"name\":\"Conf\u00e9rences virtuelles\"}]},{\"@type\":\"WebSite\",\"@id\":\"https:\\\/\\\/www.ab-science.com\\\/fr\\\/#website\",\"url\":\"https:\\\/\\\/www.ab-science.com\\\/fr\\\/\",\"name\":\"AB Science\",\"description\":\"Masitinib and AB8939 \u2013 Two compounds with breakthrough mechanism of action\",\"publisher\":{\"@id\":\"https:\\\/\\\/www.ab-science.com\\\/fr\\\/#organization\"},\"potentialAction\":[{\"@type\":\"SearchAction\",\"target\":{\"@type\":\"EntryPoint\",\"urlTemplate\":\"https:\\\/\\\/www.ab-science.com\\\/fr\\\/?s={search_term_string}\"},\"query-input\":{\"@type\":\"PropertyValueSpecification\",\"valueRequired\":true,\"valueName\":\"search_term_string\"}}],\"inLanguage\":\"fr-FR\"},{\"@type\":\"Organization\",\"@id\":\"https:\\\/\\\/www.ab-science.com\\\/fr\\\/#organization\",\"name\":\"AB Science\",\"url\":\"https:\\\/\\\/www.ab-science.com\\\/fr\\\/\",\"logo\":{\"@type\":\"ImageObject\",\"inLanguage\":\"fr-FR\",\"@id\":\"https:\\\/\\\/www.ab-science.com\\\/fr\\\/#\\\/schema\\\/logo\\\/image\\\/\",\"url\":\"https:\\\/\\\/www.ab-science.com\\\/wp-content\\\/uploads\\\/2020\\\/11\\\/logo_ab-science-wh120.png\",\"contentUrl\":\"https:\\\/\\\/www.ab-science.com\\\/wp-content\\\/uploads\\\/2020\\\/11\\\/logo_ab-science-wh120.png\",\"width\":120,\"height\":120,\"caption\":\"AB Science\"},\"image\":{\"@id\":\"https:\\\/\\\/www.ab-science.com\\\/fr\\\/#\\\/schema\\\/logo\\\/image\\\/\"},\"sameAs\":[\"https:\\\/\\\/www.linkedin.com\\\/company\\\/ab-science\\\/\"]}]}<\/script>\n<!-- \/ Yoast SEO Premium plugin. -->","yoast_head_json":{"title":"Conf\u00e9rences virtuelles &#8211; AB Science","description":"Replay des webconf\u00e9rences \u00e0 propos du masitinib","robots":{"index":"index","follow":"follow","max-snippet":"max-snippet:-1","max-image-preview":"max-image-preview:large","max-video-preview":"max-video-preview:-1"},"canonical":"https:\/\/www.ab-science.com\/fr\/actualites-et-media\/conferences-virtuelles\/","og_locale":"fr_FR","og_type":"article","og_title":"Conf\u00e9rences virtuelles","og_description":"Replay des webconf\u00e9rences \u00e0 propos du masitinib","og_url":"https:\/\/www.ab-science.com\/fr\/actualites-et-media\/conferences-virtuelles\/","og_site_name":"AB Science","article_modified_time":"2025-03-07T10:34:49+00:00","twitter_card":"summary_large_image","twitter_misc":{"Dur\u00e9e de lecture estim\u00e9e":"1 minute"},"schema":{"@context":"https:\/\/schema.org","@graph":[{"@type":"WebPage","@id":"https:\/\/www.ab-science.com\/fr\/actualites-et-media\/conferences-virtuelles\/","url":"https:\/\/www.ab-science.com\/fr\/actualites-et-media\/conferences-virtuelles\/","name":"Conf\u00e9rences virtuelles &#8211; AB Science","isPartOf":{"@id":"https:\/\/www.ab-science.com\/fr\/#website"},"datePublished":"2020-10-02T14:20:51+00:00","dateModified":"2025-03-07T10:34:49+00:00","description":"Replay des webconf\u00e9rences \u00e0 propos du masitinib","breadcrumb":{"@id":"https:\/\/www.ab-science.com\/fr\/actualites-et-media\/conferences-virtuelles\/#breadcrumb"},"inLanguage":"fr-FR","potentialAction":[{"@type":"ReadAction","target":["https:\/\/www.ab-science.com\/fr\/actualites-et-media\/conferences-virtuelles\/"]}]},{"@type":"BreadcrumbList","@id":"https:\/\/www.ab-science.com\/fr\/actualites-et-media\/conferences-virtuelles\/#breadcrumb","itemListElement":[{"@type":"ListItem","position":1,"name":"Accueil","item":"https:\/\/www.ab-science.com\/fr\/"},{"@type":"ListItem","position":2,"name":"Actualit\u00e9s et Media","item":"https:\/\/www.ab-science.com\/fr\/actualites-et-media\/"},{"@type":"ListItem","position":3,"name":"Conf\u00e9rences virtuelles"}]},{"@type":"WebSite","@id":"https:\/\/www.ab-science.com\/fr\/#website","url":"https:\/\/www.ab-science.com\/fr\/","name":"AB Science","description":"Masitinib and AB8939 \u2013 Two compounds with breakthrough mechanism of action","publisher":{"@id":"https:\/\/www.ab-science.com\/fr\/#organization"},"potentialAction":[{"@type":"SearchAction","target":{"@type":"EntryPoint","urlTemplate":"https:\/\/www.ab-science.com\/fr\/?s={search_term_string}"},"query-input":{"@type":"PropertyValueSpecification","valueRequired":true,"valueName":"search_term_string"}}],"inLanguage":"fr-FR"},{"@type":"Organization","@id":"https:\/\/www.ab-science.com\/fr\/#organization","name":"AB Science","url":"https:\/\/www.ab-science.com\/fr\/","logo":{"@type":"ImageObject","inLanguage":"fr-FR","@id":"https:\/\/www.ab-science.com\/fr\/#\/schema\/logo\/image\/","url":"https:\/\/www.ab-science.com\/wp-content\/uploads\/2020\/11\/logo_ab-science-wh120.png","contentUrl":"https:\/\/www.ab-science.com\/wp-content\/uploads\/2020\/11\/logo_ab-science-wh120.png","width":120,"height":120,"caption":"AB Science"},"image":{"@id":"https:\/\/www.ab-science.com\/fr\/#\/schema\/logo\/image\/"},"sameAs":["https:\/\/www.linkedin.com\/company\/ab-science\/"]}]}},"_links":{"self":[{"href":"https:\/\/www.ab-science.com\/fr\/wp-json\/wp\/v2\/pages\/3631","targetHints":{"allow":["GET"]}}],"collection":[{"href":"https:\/\/www.ab-science.com\/fr\/wp-json\/wp\/v2\/pages"}],"about":[{"href":"https:\/\/www.ab-science.com\/fr\/wp-json\/wp\/v2\/types\/page"}],"author":[{"embeddable":true,"href":"https:\/\/www.ab-science.com\/fr\/wp-json\/wp\/v2\/users\/1"}],"replies":[{"embeddable":true,"href":"https:\/\/www.ab-science.com\/fr\/wp-json\/wp\/v2\/comments?post=3631"}],"version-history":[{"count":0,"href":"https:\/\/www.ab-science.com\/fr\/wp-json\/wp\/v2\/pages\/3631\/revisions"}],"up":[{"embeddable":true,"href":"https:\/\/www.ab-science.com\/fr\/wp-json\/wp\/v2\/pages\/3617"}],"wp:attachment":[{"href":"https:\/\/www.ab-science.com\/fr\/wp-json\/wp\/v2\/media?parent=3631"}],"curies":[{"name":"wp","href":"https:\/\/api.w.org\/{rel}","templated":true}]}}