{"id":3592,"date":"2021-01-04T18:59:03","date_gmt":"2021-01-04T17:59:03","guid":{"rendered":"https:\/\/www.ab-science.com\/investisseurs\/informations-reglementees\/"},"modified":"2021-01-04T20:18:58","modified_gmt":"2021-01-04T19:18:58","slug":"informations-reglementees","status":"publish","type":"page","link":"https:\/\/www.ab-science.com\/fr\/investisseurs\/informations-reglementees\/","title":{"rendered":"Informations r\u00e9glement\u00e9es"},"content":{"rendered":"<div class=\"wpb-content-wrapper\"><p>[vc_row equal_height=\u00a0\u00bbyes\u00a0\u00bb content_placement=\u00a0\u00bbmiddle\u00a0\u00bb][vc_column width=\u00a0\u00bb1\/3&Prime;]<style type=\"text\/css\" data-type=\"the7_shortcodes-inline-css\">#default-btn-00bd08f7aef8ac6ba09a8c4e2ebdd0b5.ico-right-side > i {\n  margin-right: 0px;\n  margin-left: 8px;\n}\n#default-btn-00bd08f7aef8ac6ba09a8c4e2ebdd0b5 > i {\n  margin-right: 8px;\n}<\/style><div class=\"btn-align-center\"><a href=\"https:\/\/www.ab-science.com\/fr\/investisseurs\/informations-reglementees\/rapports-annuels\/\" class=\"default-btn-shortcode dt-btn dt-btn-l bounce animate-element animation-builder link-hover-off full-width-btn \" id=\"default-btn-00bd08f7aef8ac6ba09a8c4e2ebdd0b5\" title=\"Rapports Annuels\"><span>Rapports Annuels<\/span><\/a><\/div>[\/vc_column][vc_column width=\u00a0\u00bb1\/3&Prime;]<style type=\"text\/css\" data-type=\"the7_shortcodes-inline-css\">#default-btn-dbafacb43e4ebb5ef9be5f01d6ca1e90.ico-right-side > i {\n  margin-right: 0px;\n  margin-left: 8px;\n}\n#default-btn-dbafacb43e4ebb5ef9be5f01d6ca1e90 > i {\n  margin-right: 8px;\n}<\/style><div class=\"btn-align-center\"><a href=\"https:\/\/www.ab-science.com\/fr\/investisseurs\/informations-reglementees\/rapports-semestriels\/\" class=\"default-btn-shortcode dt-btn dt-btn-l bounce animate-element animation-builder link-hover-off full-width-btn \" id=\"default-btn-dbafacb43e4ebb5ef9be5f01d6ca1e90\" title=\"Rapports semestriels\"><span>Rapports Semestriels<\/span><\/a><\/div>[\/vc_column][vc_column width=\u00a0\u00bb1\/3&Prime;]<style type=\"text\/css\" data-type=\"the7_shortcodes-inline-css\">#default-btn-0359a1a1510a6ac3ae59d491fb680ee4.ico-right-side > i {\n  margin-right: 0px;\n  margin-left: 8px;\n}\n#default-btn-0359a1a1510a6ac3ae59d491fb680ee4 > i {\n  margin-right: 8px;\n}<\/style><div class=\"btn-align-center\"><a href=\"https:\/\/www.ab-science.com\/fr\/investisseurs\/informations-reglementees\/responsabilites-sociales-et-environnementales\/\" class=\"default-btn-shortcode dt-btn dt-btn-l bounce animate-element animation-builder link-hover-off full-width-btn \" id=\"default-btn-0359a1a1510a6ac3ae59d491fb680ee4\" title=\"Responsabilit\u00e9s sociales et environnementales\"><span>Responsabilit\u00e9s sociales et environnementales<\/span><\/a><\/div>[\/vc_column][\/vc_row][vc_row][vc_column]<div class=\"ult-spacer spacer-69d7e674884e5\" data-id=\"69d7e674884e5\" data-height=\"40\" data-height-mobile=\"20\" data-height-tab=\"40\" data-height-tab-portrait=\"40\" data-height-mobile-landscape=\"20\" style=\"clear:both;display:block;\"><\/div>[\/vc_column][\/vc_row][vc_row equal_height=\u00a0\u00bbyes\u00a0\u00bb content_placement=\u00a0\u00bbmiddle\u00a0\u00bb][vc_column width=\u00a0\u00bb1\/3&Prime;]<style type=\"text\/css\" data-type=\"the7_shortcodes-inline-css\">#default-btn-b80af84c68780baa6c69b33d34eaa1aa.ico-right-side > i {\n  margin-right: 0px;\n  margin-left: 8px;\n}\n#default-btn-b80af84c68780baa6c69b33d34eaa1aa > i {\n  margin-right: 8px;\n}<\/style><div class=\"btn-align-center\"><a href=\"https:\/\/www.ab-science.com\/fr\/investisseurs\/informations-reglementees\/preparation-de-lassemblee-generale-des-actionnaires\/\" class=\"default-btn-shortcode dt-btn dt-btn-l bounce animate-element animation-builder link-hover-off full-width-btn \" id=\"default-btn-b80af84c68780baa6c69b33d34eaa1aa\" title=\"Pr\u00e9paration de l\u2019Assembl\u00e9e G\u00e9n\u00e9rale des Actionnaires\"><span>Pr\u00e9paration de l&rsquo;Assembl\u00e9e g\u00e9n\u00e9rale des actionnaires<\/span><\/a><\/div>[\/vc_column][vc_column width=\u00a0\u00bb1\/3&Prime;]<style type=\"text\/css\" data-type=\"the7_shortcodes-inline-css\">#default-btn-0c8a903c9559402926002b0f7c453fd2.ico-right-side > i {\n  margin-right: 0px;\n  margin-left: 8px;\n}\n#default-btn-0c8a903c9559402926002b0f7c453fd2 > i {\n  margin-right: 8px;\n}<\/style><div class=\"btn-align-center\"><a href=\"https:\/\/www.ab-science.com\/fr\/investisseurs\/informations-reglementees\/actions-en-circulation-et-droits-de-vote\/\" class=\"default-btn-shortcode dt-btn dt-btn-l bounce animate-element animation-builder link-hover-off full-width-btn \" id=\"default-btn-0c8a903c9559402926002b0f7c453fd2\" title=\"Actions en circulation et droits de vote\"><span>Actions en circulation et droits de vote<\/span><\/a><\/div>[\/vc_column][vc_column width=\u00a0\u00bb1\/3&Prime;]<style type=\"text\/css\" data-type=\"the7_shortcodes-inline-css\">#default-btn-e25e9be94353cbedc589f8aa77ea9d86.ico-right-side > i {\n  margin-right: 0px;\n  margin-left: 8px;\n}\n#default-btn-e25e9be94353cbedc589f8aa77ea9d86 > i {\n  margin-right: 8px;\n}<\/style><div class=\"btn-align-center\"><a href=\"https:\/\/www.ab-science.com\/fr\/investisseurs\/informations-reglementees\/rapports-sur-les-accords-et-engagements-reglementes\/\" class=\"default-btn-shortcode dt-btn dt-btn-l bounce animate-element animation-builder link-hover-off full-width-btn \" id=\"default-btn-e25e9be94353cbedc589f8aa77ea9d86\" title=\"Reports on Regulated Agreements and Commitments\"><span>Rapports sur les accords et engagements r\u00e9glement\u00e9s<\/span><\/a><\/div>[\/vc_column][\/vc_row]<\/p>\n<\/div>","protected":false},"excerpt":{"rendered":"<p>[vc_row equal_height=\u00a0\u00bbyes\u00a0\u00bb content_placement=\u00a0\u00bbmiddle\u00a0\u00bb][vc_column width=\u00a0\u00bb1\/3&Prime;][\/vc_column][vc_column width=\u00a0\u00bb1\/3&Prime;][\/vc_column][vc_column width=\u00a0\u00bb1\/3&Prime;][\/vc_column][\/vc_row][vc_row][vc_column][\/vc_column][\/vc_row][vc_row equal_height=\u00a0\u00bbyes\u00a0\u00bb content_placement=\u00a0\u00bbmiddle\u00a0\u00bb][vc_column width=\u00a0\u00bb1\/3&Prime;][\/vc_column][vc_column width=\u00a0\u00bb1\/3&Prime;][\/vc_column][vc_column width=\u00a0\u00bb1\/3&Prime;][\/vc_column][\/vc_row]<\/p>\n","protected":false},"author":1,"featured_media":0,"parent":3588,"menu_order":0,"comment_status":"closed","ping_status":"closed","template":"","meta":{"footnotes":""},"class_list":["post-3592","page","type-page","status-publish","hentry","description-off"],"yoast_head":"<!-- This site is optimized with the Yoast SEO Premium plugin v27.2 (Yoast SEO v27.3) - https:\/\/yoast.com\/product\/yoast-seo-premium-wordpress\/ -->\n<title>Informations r\u00e9glement\u00e9es &#8211; AB Science<\/title>\n<meta name=\"robots\" content=\"index, follow, max-snippet:-1, max-image-preview:large, max-video-preview:-1\" \/>\n<link rel=\"canonical\" href=\"https:\/\/www.ab-science.com\/fr\/investisseurs\/informations-reglementees\/\" \/>\n<meta property=\"og:locale\" content=\"fr_FR\" \/>\n<meta property=\"og:type\" content=\"article\" \/>\n<meta property=\"og:title\" content=\"Informations r\u00e9glement\u00e9es\" \/>\n<meta property=\"og:description\" content=\"[vc_row equal_height=\u00a0\u00bbyes\u00a0\u00bb content_placement=\u00a0\u00bbmiddle\u00a0\u00bb][vc_column width=\u00a0\u00bb1\/3&Prime;][\/vc_column][vc_column width=\u00a0\u00bb1\/3&Prime;][\/vc_column][vc_column width=\u00a0\u00bb1\/3&Prime;][\/vc_column][\/vc_row][vc_row][vc_column][\/vc_column][\/vc_row][vc_row equal_height=\u00a0\u00bbyes\u00a0\u00bb content_placement=\u00a0\u00bbmiddle\u00a0\u00bb][vc_column width=\u00a0\u00bb1\/3&Prime;][\/vc_column][vc_column width=\u00a0\u00bb1\/3&Prime;][\/vc_column][vc_column width=\u00a0\u00bb1\/3&Prime;][\/vc_column][\/vc_row]\" \/>\n<meta property=\"og:url\" content=\"https:\/\/www.ab-science.com\/fr\/investisseurs\/informations-reglementees\/\" \/>\n<meta property=\"og:site_name\" content=\"AB Science\" \/>\n<meta property=\"article:modified_time\" content=\"2021-01-04T19:18:58+00:00\" \/>\n<meta name=\"twitter:card\" content=\"summary_large_image\" \/>\n<meta name=\"twitter:label1\" content=\"Dur\u00e9e de lecture estim\u00e9e\" \/>\n\t<meta name=\"twitter:data1\" content=\"2 minutes\" \/>\n<script type=\"application\/ld+json\" class=\"yoast-schema-graph\">{\"@context\":\"https:\\\/\\\/schema.org\",\"@graph\":[{\"@type\":\"WebPage\",\"@id\":\"https:\\\/\\\/www.ab-science.com\\\/fr\\\/investisseurs\\\/informations-reglementees\\\/\",\"url\":\"https:\\\/\\\/www.ab-science.com\\\/fr\\\/investisseurs\\\/informations-reglementees\\\/\",\"name\":\"Informations r\u00e9glement\u00e9es &#8211; AB Science\",\"isPartOf\":{\"@id\":\"https:\\\/\\\/www.ab-science.com\\\/fr\\\/#website\"},\"datePublished\":\"2021-01-04T17:59:03+00:00\",\"dateModified\":\"2021-01-04T19:18:58+00:00\",\"breadcrumb\":{\"@id\":\"https:\\\/\\\/www.ab-science.com\\\/fr\\\/investisseurs\\\/informations-reglementees\\\/#breadcrumb\"},\"inLanguage\":\"fr-FR\",\"potentialAction\":[{\"@type\":\"ReadAction\",\"target\":[\"https:\\\/\\\/www.ab-science.com\\\/fr\\\/investisseurs\\\/informations-reglementees\\\/\"]}]},{\"@type\":\"BreadcrumbList\",\"@id\":\"https:\\\/\\\/www.ab-science.com\\\/fr\\\/investisseurs\\\/informations-reglementees\\\/#breadcrumb\",\"itemListElement\":[{\"@type\":\"ListItem\",\"position\":1,\"name\":\"Accueil\",\"item\":\"https:\\\/\\\/www.ab-science.com\\\/fr\\\/\"},{\"@type\":\"ListItem\",\"position\":2,\"name\":\"Investisseurs\",\"item\":\"https:\\\/\\\/www.ab-science.com\\\/fr\\\/investisseurs\\\/\"},{\"@type\":\"ListItem\",\"position\":3,\"name\":\"Informations r\u00e9glement\u00e9es\"}]},{\"@type\":\"WebSite\",\"@id\":\"https:\\\/\\\/www.ab-science.com\\\/fr\\\/#website\",\"url\":\"https:\\\/\\\/www.ab-science.com\\\/fr\\\/\",\"name\":\"AB Science\",\"description\":\"Masitinib and AB8939 \u2013 Two compounds with breakthrough mechanism of action\",\"publisher\":{\"@id\":\"https:\\\/\\\/www.ab-science.com\\\/fr\\\/#organization\"},\"potentialAction\":[{\"@type\":\"SearchAction\",\"target\":{\"@type\":\"EntryPoint\",\"urlTemplate\":\"https:\\\/\\\/www.ab-science.com\\\/fr\\\/?s={search_term_string}\"},\"query-input\":{\"@type\":\"PropertyValueSpecification\",\"valueRequired\":true,\"valueName\":\"search_term_string\"}}],\"inLanguage\":\"fr-FR\"},{\"@type\":\"Organization\",\"@id\":\"https:\\\/\\\/www.ab-science.com\\\/fr\\\/#organization\",\"name\":\"AB Science\",\"url\":\"https:\\\/\\\/www.ab-science.com\\\/fr\\\/\",\"logo\":{\"@type\":\"ImageObject\",\"inLanguage\":\"fr-FR\",\"@id\":\"https:\\\/\\\/www.ab-science.com\\\/fr\\\/#\\\/schema\\\/logo\\\/image\\\/\",\"url\":\"https:\\\/\\\/www.ab-science.com\\\/wp-content\\\/uploads\\\/2020\\\/11\\\/logo_ab-science-wh120.png\",\"contentUrl\":\"https:\\\/\\\/www.ab-science.com\\\/wp-content\\\/uploads\\\/2020\\\/11\\\/logo_ab-science-wh120.png\",\"width\":120,\"height\":120,\"caption\":\"AB Science\"},\"image\":{\"@id\":\"https:\\\/\\\/www.ab-science.com\\\/fr\\\/#\\\/schema\\\/logo\\\/image\\\/\"},\"sameAs\":[\"https:\\\/\\\/www.linkedin.com\\\/company\\\/ab-science\\\/\"]}]}<\/script>\n<!-- \/ Yoast SEO Premium plugin. -->","yoast_head_json":{"title":"Informations r\u00e9glement\u00e9es &#8211; AB Science","robots":{"index":"index","follow":"follow","max-snippet":"max-snippet:-1","max-image-preview":"max-image-preview:large","max-video-preview":"max-video-preview:-1"},"canonical":"https:\/\/www.ab-science.com\/fr\/investisseurs\/informations-reglementees\/","og_locale":"fr_FR","og_type":"article","og_title":"Informations r\u00e9glement\u00e9es","og_description":"[vc_row equal_height=\u00a0\u00bbyes\u00a0\u00bb content_placement=\u00a0\u00bbmiddle\u00a0\u00bb][vc_column width=\u00a0\u00bb1\/3&Prime;][\/vc_column][vc_column width=\u00a0\u00bb1\/3&Prime;][\/vc_column][vc_column width=\u00a0\u00bb1\/3&Prime;][\/vc_column][\/vc_row][vc_row][vc_column][\/vc_column][\/vc_row][vc_row equal_height=\u00a0\u00bbyes\u00a0\u00bb content_placement=\u00a0\u00bbmiddle\u00a0\u00bb][vc_column width=\u00a0\u00bb1\/3&Prime;][\/vc_column][vc_column width=\u00a0\u00bb1\/3&Prime;][\/vc_column][vc_column width=\u00a0\u00bb1\/3&Prime;][\/vc_column][\/vc_row]","og_url":"https:\/\/www.ab-science.com\/fr\/investisseurs\/informations-reglementees\/","og_site_name":"AB Science","article_modified_time":"2021-01-04T19:18:58+00:00","twitter_card":"summary_large_image","twitter_misc":{"Dur\u00e9e de lecture estim\u00e9e":"2 minutes"},"schema":{"@context":"https:\/\/schema.org","@graph":[{"@type":"WebPage","@id":"https:\/\/www.ab-science.com\/fr\/investisseurs\/informations-reglementees\/","url":"https:\/\/www.ab-science.com\/fr\/investisseurs\/informations-reglementees\/","name":"Informations r\u00e9glement\u00e9es &#8211; AB Science","isPartOf":{"@id":"https:\/\/www.ab-science.com\/fr\/#website"},"datePublished":"2021-01-04T17:59:03+00:00","dateModified":"2021-01-04T19:18:58+00:00","breadcrumb":{"@id":"https:\/\/www.ab-science.com\/fr\/investisseurs\/informations-reglementees\/#breadcrumb"},"inLanguage":"fr-FR","potentialAction":[{"@type":"ReadAction","target":["https:\/\/www.ab-science.com\/fr\/investisseurs\/informations-reglementees\/"]}]},{"@type":"BreadcrumbList","@id":"https:\/\/www.ab-science.com\/fr\/investisseurs\/informations-reglementees\/#breadcrumb","itemListElement":[{"@type":"ListItem","position":1,"name":"Accueil","item":"https:\/\/www.ab-science.com\/fr\/"},{"@type":"ListItem","position":2,"name":"Investisseurs","item":"https:\/\/www.ab-science.com\/fr\/investisseurs\/"},{"@type":"ListItem","position":3,"name":"Informations r\u00e9glement\u00e9es"}]},{"@type":"WebSite","@id":"https:\/\/www.ab-science.com\/fr\/#website","url":"https:\/\/www.ab-science.com\/fr\/","name":"AB Science","description":"Masitinib and AB8939 \u2013 Two compounds with breakthrough mechanism of action","publisher":{"@id":"https:\/\/www.ab-science.com\/fr\/#organization"},"potentialAction":[{"@type":"SearchAction","target":{"@type":"EntryPoint","urlTemplate":"https:\/\/www.ab-science.com\/fr\/?s={search_term_string}"},"query-input":{"@type":"PropertyValueSpecification","valueRequired":true,"valueName":"search_term_string"}}],"inLanguage":"fr-FR"},{"@type":"Organization","@id":"https:\/\/www.ab-science.com\/fr\/#organization","name":"AB Science","url":"https:\/\/www.ab-science.com\/fr\/","logo":{"@type":"ImageObject","inLanguage":"fr-FR","@id":"https:\/\/www.ab-science.com\/fr\/#\/schema\/logo\/image\/","url":"https:\/\/www.ab-science.com\/wp-content\/uploads\/2020\/11\/logo_ab-science-wh120.png","contentUrl":"https:\/\/www.ab-science.com\/wp-content\/uploads\/2020\/11\/logo_ab-science-wh120.png","width":120,"height":120,"caption":"AB Science"},"image":{"@id":"https:\/\/www.ab-science.com\/fr\/#\/schema\/logo\/image\/"},"sameAs":["https:\/\/www.linkedin.com\/company\/ab-science\/"]}]}},"_links":{"self":[{"href":"https:\/\/www.ab-science.com\/fr\/wp-json\/wp\/v2\/pages\/3592","targetHints":{"allow":["GET"]}}],"collection":[{"href":"https:\/\/www.ab-science.com\/fr\/wp-json\/wp\/v2\/pages"}],"about":[{"href":"https:\/\/www.ab-science.com\/fr\/wp-json\/wp\/v2\/types\/page"}],"author":[{"embeddable":true,"href":"https:\/\/www.ab-science.com\/fr\/wp-json\/wp\/v2\/users\/1"}],"replies":[{"embeddable":true,"href":"https:\/\/www.ab-science.com\/fr\/wp-json\/wp\/v2\/comments?post=3592"}],"version-history":[{"count":0,"href":"https:\/\/www.ab-science.com\/fr\/wp-json\/wp\/v2\/pages\/3592\/revisions"}],"up":[{"embeddable":true,"href":"https:\/\/www.ab-science.com\/fr\/wp-json\/wp\/v2\/pages\/3588"}],"wp:attachment":[{"href":"https:\/\/www.ab-science.com\/fr\/wp-json\/wp\/v2\/media?parent=3592"}],"curies":[{"name":"wp","href":"https:\/\/api.w.org\/{rel}","templated":true}]}}