{"id":3512,"date":"2020-10-07T13:51:36","date_gmt":"2020-10-07T12:51:36","guid":{"rendered":"https:\/\/www.ab-science.com\/responsabilites-sociales-et-environnementales\/"},"modified":"2024-02-29T09:15:24","modified_gmt":"2024-02-29T08:15:24","slug":"responsabilites-sociales-et-environnementales","status":"publish","type":"page","link":"https:\/\/www.ab-science.com\/fr\/investisseurs\/informations-reglementees\/responsabilites-sociales-et-environnementales\/","title":{"rendered":"Responsabilit\u00e9s sociales et environnementales"},"content":{"rendered":"<div class=\"wpb-content-wrapper\"><p>[vc_row][vc_column]<div class=\"dt-fancy-separator title-left h3-size title-color accent-border-color\" style=\"width: 100%;\"><div class=\"dt-fancy-title\"><span class=\"separator-holder separator-left\"><\/span>Index de l&#039;\u00e9galit\u00e9 Femmes-Hommes 2023<span class=\"separator-holder separator-right\"><\/span><\/div><\/div><div class=\"ult-spacer spacer-69e616171378a\" data-id=\"69e616171378a\" data-height=\"20\" data-height-mobile=\"10\" data-height-tab=\"20\" data-height-tab-portrait=\"20\" data-height-mobile-landscape=\"10\" style=\"clear:both;display:block;\"><\/div>[vc_row_inner][vc_column_inner width=\u00a0\u00bb1\/3&Prime;][\/vc_column_inner][vc_column_inner width=\u00a0\u00bb1\/3&Prime;][vc_column_text]<\/p>\n<p style=\"text-align: center;\"><strong>INDEX DE L&rsquo;\u00c9GALITE FEMMES-HOMMES<\/strong><br \/>\n<strong>2023<\/strong><\/p>\n<p>[\/vc_column_text]<style type=\"text\/css\" data-type=\"the7_shortcodes-inline-css\">#default-btn-b93afae7f3ec517686fbed4557b87f53.ico-right-side > i {\n  margin-right: 0px;\n  margin-left: 8px;\n}\n#default-btn-b93afae7f3ec517686fbed4557b87f53 > i {\n  margin-right: 8px;\n}<\/style><div class=\"btn-align-center\"><a href=\"https:\/\/www.ab-science.com\/wp-content\/uploads\/2024\/02\/2023_Index_Egalite_Femmes_Hommes.pdf\" class=\"default-btn-shortcode dt-btn dt-btn-l bounce animate-element animation-builder link-hover-off full-width-btn \" target=\"_blank\" id=\"default-btn-b93afae7f3ec517686fbed4557b87f53\" rel=\"noopener\"><i class=\"dt-icon-the7-download\"><\/i><span>T\u00e9l\u00e9charger le PDF<\/span><\/a><\/div>[\/vc_column_inner][vc_column_inner width=\u00a0\u00bb1\/3&Prime;][\/vc_column_inner][\/vc_row_inner]<div class=\"ult-spacer spacer-69e61617138e7\" data-id=\"69e61617138e7\" data-height=\"20\" data-height-mobile=\"10\" data-height-tab=\"20\" data-height-tab-portrait=\"20\" data-height-mobile-landscape=\"10\" style=\"clear:both;display:block;\"><\/div><div class=\"ult-spacer spacer-69e6161713921\" data-id=\"69e6161713921\" data-height=\"20\" data-height-mobile=\"10\" data-height-tab=\"20\" data-height-tab-portrait=\"20\" data-height-mobile-landscape=\"10\" style=\"clear:both;display:block;\"><\/div><div class=\"ult-spacer spacer-69e6161713952\" data-id=\"69e6161713952\" data-height=\"20\" data-height-mobile=\"10\" data-height-tab=\"20\" data-height-tab-portrait=\"20\" data-height-mobile-landscape=\"10\" style=\"clear:both;display:block;\"><\/div><div class=\"ult-spacer spacer-69e6161713982\" data-id=\"69e6161713982\" data-height=\"20\" data-height-mobile=\"10\" data-height-tab=\"20\" data-height-tab-portrait=\"20\" data-height-mobile-landscape=\"10\" style=\"clear:both;display:block;\"><\/div><div class=\"dt-fancy-separator title-left h3-size title-color accent-border-color\" style=\"width: 100%;\"><div class=\"dt-fancy-title\"><span class=\"separator-holder separator-left\"><\/span>Index de l\u2019\u00e9galit\u00e9 Femmes-Hommes 2022<span class=\"separator-holder separator-right\"><\/span><\/div><\/div><div class=\"ult-spacer spacer-69e61617139ee\" data-id=\"69e61617139ee\" data-height=\"20\" data-height-mobile=\"10\" data-height-tab=\"20\" data-height-tab-portrait=\"20\" data-height-mobile-landscape=\"10\" style=\"clear:both;display:block;\"><\/div>[vc_row_inner][vc_column_inner width=\u00a0\u00bb1\/3&Prime;][\/vc_column_inner][vc_column_inner width=\u00a0\u00bb1\/3&Prime;][vc_column_text]<\/p>\n<p style=\"text-align: center;\"><strong>INDEX DE L&rsquo;\u00c9GALITE FEMMES-HOMMES<\/strong><br \/>\n<strong>2022<\/strong>[\/vc_column_text]<style type=\"text\/css\" data-type=\"the7_shortcodes-inline-css\">#default-btn-d899eb685796462ccec4aaa6c59dbcf2.ico-right-side > i {\n  margin-right: 0px;\n  margin-left: 8px;\n}\n#default-btn-d899eb685796462ccec4aaa6c59dbcf2 > i {\n  margin-right: 8px;\n}<\/style><div class=\"btn-align-center\"><a href=\"https:\/\/www.ab-science.com\/wp-content\/uploads\/2023\/02\/2022_Index_Egalite_Femmes_Hommes.pdf\" class=\"default-btn-shortcode dt-btn dt-btn-l bounce animate-element animation-builder link-hover-off full-width-btn \" target=\"_blank\" id=\"default-btn-d899eb685796462ccec4aaa6c59dbcf2\" rel=\"noopener\"><i class=\"dt-icon-the7-download\"><\/i><span>T\u00e9l\u00e9charger le PDF<\/span><\/a><\/div>[\/vc_column_inner][vc_column_inner width=\u00a0\u00bb1\/3&Prime;][\/vc_column_inner][\/vc_row_inner]<div class=\"ult-spacer spacer-69e6161713af3\" data-id=\"69e6161713af3\" data-height=\"20\" data-height-mobile=\"10\" data-height-tab=\"20\" data-height-tab-portrait=\"20\" data-height-mobile-landscape=\"10\" style=\"clear:both;display:block;\"><\/div><div class=\"ult-spacer spacer-69e6161713b29\" data-id=\"69e6161713b29\" data-height=\"20\" data-height-mobile=\"10\" data-height-tab=\"20\" data-height-tab-portrait=\"20\" data-height-mobile-landscape=\"10\" style=\"clear:both;display:block;\"><\/div><div class=\"ult-spacer spacer-69e6161713b57\" data-id=\"69e6161713b57\" data-height=\"20\" data-height-mobile=\"10\" data-height-tab=\"20\" data-height-tab-portrait=\"20\" data-height-mobile-landscape=\"10\" style=\"clear:both;display:block;\"><\/div><div class=\"ult-spacer spacer-69e6161713b9a\" data-id=\"69e6161713b9a\" data-height=\"20\" data-height-mobile=\"10\" data-height-tab=\"20\" data-height-tab-portrait=\"20\" data-height-mobile-landscape=\"10\" style=\"clear:both;display:block;\"><\/div><div class=\"dt-fancy-separator title-left h3-size title-color accent-border-color\" style=\"width: 100%;\"><div class=\"dt-fancy-title\"><span class=\"separator-holder separator-left\"><\/span>Index de l\u2019\u00e9galit\u00e9 Femmes-Hommes 2021<span class=\"separator-holder separator-right\"><\/span><\/div><\/div><div class=\"ult-spacer spacer-69e6161713c09\" data-id=\"69e6161713c09\" data-height=\"20\" data-height-mobile=\"10\" data-height-tab=\"20\" data-height-tab-portrait=\"20\" data-height-mobile-landscape=\"10\" style=\"clear:both;display:block;\"><\/div>[vc_row_inner][vc_column_inner width=\u00a0\u00bb1\/3&Prime;][\/vc_column_inner][vc_column_inner width=\u00a0\u00bb1\/3&Prime;][vc_column_text]<\/p>\n<p style=\"text-align: center;\"><strong>INDEX DE L&rsquo;\u00c9GALITE FEMMES-HOMMES<\/strong><br \/>\n<strong>2021<\/strong>[\/vc_column_text]<style type=\"text\/css\" data-type=\"the7_shortcodes-inline-css\">#default-btn-d7a56e60d46cf859d8b27cb19dd7e7dc.ico-right-side > i {\n  margin-right: 0px;\n  margin-left: 8px;\n}\n#default-btn-d7a56e60d46cf859d8b27cb19dd7e7dc > i {\n  margin-right: 8px;\n}<\/style><div class=\"btn-align-center\"><a href=\"https:\/\/www.ab-science.com\/wp-content\/uploads\/2022\/08\/2021_Index_Egalite_Femmes_Hommes.pdf\" class=\"default-btn-shortcode dt-btn dt-btn-l bounce animate-element animation-builder link-hover-off full-width-btn \" target=\"_blank\" id=\"default-btn-d7a56e60d46cf859d8b27cb19dd7e7dc\" rel=\"noopener\"><i class=\"dt-icon-the7-download\"><\/i><span>T\u00e9l\u00e9charger le PDF<\/span><\/a><\/div>[\/vc_column_inner][vc_column_inner width=\u00a0\u00bb1\/3&Prime;][\/vc_column_inner][\/vc_row_inner]<div class=\"ult-spacer spacer-69e6161713cfe\" data-id=\"69e6161713cfe\" data-height=\"20\" data-height-mobile=\"10\" data-height-tab=\"20\" data-height-tab-portrait=\"20\" data-height-mobile-landscape=\"10\" style=\"clear:both;display:block;\"><\/div><div class=\"ult-spacer spacer-69e6161713d31\" data-id=\"69e6161713d31\" data-height=\"20\" data-height-mobile=\"10\" data-height-tab=\"20\" data-height-tab-portrait=\"20\" data-height-mobile-landscape=\"10\" style=\"clear:both;display:block;\"><\/div><div class=\"ult-spacer spacer-69e6161713d5e\" data-id=\"69e6161713d5e\" data-height=\"20\" data-height-mobile=\"10\" data-height-tab=\"20\" data-height-tab-portrait=\"20\" data-height-mobile-landscape=\"10\" style=\"clear:both;display:block;\"><\/div><div class=\"ult-spacer spacer-69e6161713d8a\" data-id=\"69e6161713d8a\" data-height=\"20\" data-height-mobile=\"10\" data-height-tab=\"20\" data-height-tab-portrait=\"20\" data-height-mobile-landscape=\"10\" style=\"clear:both;display:block;\"><\/div><div class=\"dt-fancy-separator title-left h3-size title-color accent-border-color\" style=\"width: 100%;\"><div class=\"dt-fancy-title\"><span class=\"separator-holder separator-left\"><\/span>Plan d&#039;action pour l&#039;\u00e9galit\u00e9 des sexes 2020<span class=\"separator-holder separator-right\"><\/span><\/div><\/div><div class=\"ult-spacer spacer-69e6161713e03\" data-id=\"69e6161713e03\" data-height=\"20\" data-height-mobile=\"10\" data-height-tab=\"20\" data-height-tab-portrait=\"20\" data-height-mobile-landscape=\"10\" style=\"clear:both;display:block;\"><\/div>[vc_row_inner][vc_column_inner width=\u00a0\u00bb1\/3&Prime;][\/vc_column_inner][vc_column_inner width=\u00a0\u00bb1\/3&Prime;][vc_column_text]<\/p>\n<p style=\"text-align: center;\"><strong>PLAN D&rsquo;ACTION \u00c9GALIT\u00c9 HOMMES FEMMES<\/strong><br \/>\n<strong>2020<\/strong>[\/vc_column_text]<style type=\"text\/css\" data-type=\"the7_shortcodes-inline-css\">#default-btn-13f079886c6162cfd9a182ad63f0ecda.ico-right-side > i {\n  margin-right: 0px;\n  margin-left: 8px;\n}\n#default-btn-13f079886c6162cfd9a182ad63f0ecda > i {\n  margin-right: 8px;\n}<\/style><div class=\"btn-align-center\"><a href=\"https:\/\/www.ab-science.com\/wp-content\/uploads\/2020\/10\/Plan_actions_egalite_hommes_femmes_2020.pdf\" class=\"default-btn-shortcode dt-btn dt-btn-l bounce animate-element animation-builder link-hover-off full-width-btn \" target=\"_blank\" id=\"default-btn-13f079886c6162cfd9a182ad63f0ecda\" rel=\"noopener\"><i class=\"dt-icon-the7-download\"><\/i><span>T\u00e9l\u00e9charger le PDF<\/span><\/a><\/div>[\/vc_column_inner][vc_column_inner width=\u00a0\u00bb1\/3&Prime;][\/vc_column_inner][\/vc_row_inner]<div class=\"ult-spacer spacer-69e6161713ef8\" data-id=\"69e6161713ef8\" data-height=\"20\" data-height-mobile=\"10\" data-height-tab=\"20\" data-height-tab-portrait=\"20\" data-height-mobile-landscape=\"10\" style=\"clear:both;display:block;\"><\/div><div class=\"ult-spacer spacer-69e6161713f29\" data-id=\"69e6161713f29\" data-height=\"20\" data-height-mobile=\"10\" data-height-tab=\"20\" data-height-tab-portrait=\"20\" data-height-mobile-landscape=\"10\" style=\"clear:both;display:block;\"><\/div>[\/vc_column][\/vc_row]<\/p>\n<\/div>","protected":false},"excerpt":{"rendered":"<p>[vc_row][vc_column][vc_row_inner][vc_column_inner width=\u00a0\u00bb1\/3&Prime;][\/vc_column_inner][vc_column_inner width=\u00a0\u00bb1\/3&Prime;][vc_column_text] INDEX DE L&rsquo;\u00c9GALITE FEMMES-HOMMES 2023 [\/vc_column_text][\/vc_column_inner][vc_column_inner width=\u00a0\u00bb1\/3&Prime;][\/vc_column_inner][\/vc_row_inner][vc_row_inner][vc_column_inner width=\u00a0\u00bb1\/3&Prime;][\/vc_column_inner][vc_column_inner width=\u00a0\u00bb1\/3&Prime;][vc_column_text] INDEX DE L&rsquo;\u00c9GALITE FEMMES-HOMMES 2022[\/vc_column_text][\/vc_column_inner][vc_column_inner width=\u00a0\u00bb1\/3&Prime;][\/vc_column_inner][\/vc_row_inner][vc_row_inner][vc_column_inner width=\u00a0\u00bb1\/3&Prime;][\/vc_column_inner][vc_column_inner width=\u00a0\u00bb1\/3&Prime;][vc_column_text] INDEX DE L&rsquo;\u00c9GALITE FEMMES-HOMMES 2021[\/vc_column_text][\/vc_column_inner][vc_column_inner width=\u00a0\u00bb1\/3&Prime;][\/vc_column_inner][\/vc_row_inner][vc_row_inner][vc_column_inner width=\u00a0\u00bb1\/3&Prime;][\/vc_column_inner][vc_column_inner width=\u00a0\u00bb1\/3&Prime;][vc_column_text] PLAN D&rsquo;ACTION \u00c9GALIT\u00c9 HOMMES FEMMES 2020[\/vc_column_text][\/vc_column_inner][vc_column_inner width=\u00a0\u00bb1\/3&Prime;][\/vc_column_inner][\/vc_row_inner][\/vc_column][\/vc_row]<\/p>\n","protected":false},"author":1,"featured_media":0,"parent":3592,"menu_order":0,"comment_status":"closed","ping_status":"closed","template":"","meta":{"footnotes":""},"class_list":["post-3512","page","type-page","status-publish","hentry","description-off"],"yoast_head":"<!-- This site is optimized with the Yoast SEO Premium plugin v27.4 (Yoast SEO v27.4) - https:\/\/yoast.com\/product\/yoast-seo-premium-wordpress\/ -->\n<title>Responsabilit\u00e9s sociales et environnementales &#8211; AB Science<\/title>\n<meta name=\"description\" content=\"Index de l&#039;\u00e9galit\u00e9 femmes-hommes selon 4 crit\u00e8res d\u00e9finis \u2013 Plan d&#039;action pour l&#039;\u00e9galit\u00e9 des sexes 2020 chez AB Science\" \/>\n<meta name=\"robots\" content=\"index, follow, max-snippet:-1, max-image-preview:large, max-video-preview:-1\" \/>\n<link rel=\"canonical\" href=\"https:\/\/www.ab-science.com\/fr\/investisseurs\/informations-reglementees\/responsabilites-sociales-et-environnementales\/\" \/>\n<meta property=\"og:locale\" content=\"fr_FR\" \/>\n<meta property=\"og:type\" content=\"article\" \/>\n<meta property=\"og:title\" content=\"Responsabilit\u00e9s sociales et environnementales\" \/>\n<meta property=\"og:description\" content=\"Index de l&#039;\u00e9galit\u00e9 femmes-hommes selon 4 crit\u00e8res d\u00e9finis \u2013 Plan d&#039;action pour l&#039;\u00e9galit\u00e9 des sexes 2020 chez AB Science\" \/>\n<meta property=\"og:url\" content=\"https:\/\/www.ab-science.com\/fr\/investisseurs\/informations-reglementees\/responsabilites-sociales-et-environnementales\/\" \/>\n<meta property=\"og:site_name\" content=\"AB Science\" \/>\n<meta property=\"article:modified_time\" content=\"2024-02-29T08:15:24+00:00\" \/>\n<meta name=\"twitter:card\" content=\"summary_large_image\" \/>\n<meta name=\"twitter:label1\" content=\"Dur\u00e9e de lecture estim\u00e9e\" \/>\n\t<meta name=\"twitter:data1\" content=\"1 minute\" \/>\n<script type=\"application\/ld+json\" class=\"yoast-schema-graph\">{\"@context\":\"https:\\\/\\\/schema.org\",\"@graph\":[{\"@type\":\"WebPage\",\"@id\":\"https:\\\/\\\/www.ab-science.com\\\/fr\\\/investisseurs\\\/informations-reglementees\\\/responsabilites-sociales-et-environnementales\\\/\",\"url\":\"https:\\\/\\\/www.ab-science.com\\\/fr\\\/investisseurs\\\/informations-reglementees\\\/responsabilites-sociales-et-environnementales\\\/\",\"name\":\"Responsabilit\u00e9s sociales et environnementales &#8211; AB Science\",\"isPartOf\":{\"@id\":\"https:\\\/\\\/www.ab-science.com\\\/fr\\\/#website\"},\"datePublished\":\"2020-10-07T12:51:36+00:00\",\"dateModified\":\"2024-02-29T08:15:24+00:00\",\"description\":\"Index de l'\u00e9galit\u00e9 femmes-hommes selon 4 crit\u00e8res d\u00e9finis \u2013 Plan d'action pour l'\u00e9galit\u00e9 des sexes 2020 chez AB Science\",\"breadcrumb\":{\"@id\":\"https:\\\/\\\/www.ab-science.com\\\/fr\\\/investisseurs\\\/informations-reglementees\\\/responsabilites-sociales-et-environnementales\\\/#breadcrumb\"},\"inLanguage\":\"fr-FR\",\"potentialAction\":[{\"@type\":\"ReadAction\",\"target\":[\"https:\\\/\\\/www.ab-science.com\\\/fr\\\/investisseurs\\\/informations-reglementees\\\/responsabilites-sociales-et-environnementales\\\/\"]}]},{\"@type\":\"BreadcrumbList\",\"@id\":\"https:\\\/\\\/www.ab-science.com\\\/fr\\\/investisseurs\\\/informations-reglementees\\\/responsabilites-sociales-et-environnementales\\\/#breadcrumb\",\"itemListElement\":[{\"@type\":\"ListItem\",\"position\":1,\"name\":\"Accueil\",\"item\":\"https:\\\/\\\/www.ab-science.com\\\/fr\\\/\"},{\"@type\":\"ListItem\",\"position\":2,\"name\":\"Investisseurs\",\"item\":\"https:\\\/\\\/www.ab-science.com\\\/fr\\\/investisseurs\\\/\"},{\"@type\":\"ListItem\",\"position\":3,\"name\":\"Informations r\u00e9glement\u00e9es\",\"item\":\"https:\\\/\\\/www.ab-science.com\\\/fr\\\/investisseurs\\\/informations-reglementees\\\/\"},{\"@type\":\"ListItem\",\"position\":4,\"name\":\"Responsabilit\u00e9s sociales et environnementales\"}]},{\"@type\":\"WebSite\",\"@id\":\"https:\\\/\\\/www.ab-science.com\\\/fr\\\/#website\",\"url\":\"https:\\\/\\\/www.ab-science.com\\\/fr\\\/\",\"name\":\"AB Science\",\"description\":\"Masitinib and AB8939 \u2013 Two compounds with breakthrough mechanism of action\",\"publisher\":{\"@id\":\"https:\\\/\\\/www.ab-science.com\\\/fr\\\/#organization\"},\"potentialAction\":[{\"@type\":\"SearchAction\",\"target\":{\"@type\":\"EntryPoint\",\"urlTemplate\":\"https:\\\/\\\/www.ab-science.com\\\/fr\\\/?s={search_term_string}\"},\"query-input\":{\"@type\":\"PropertyValueSpecification\",\"valueRequired\":true,\"valueName\":\"search_term_string\"}}],\"inLanguage\":\"fr-FR\"},{\"@type\":\"Organization\",\"@id\":\"https:\\\/\\\/www.ab-science.com\\\/fr\\\/#organization\",\"name\":\"AB Science\",\"url\":\"https:\\\/\\\/www.ab-science.com\\\/fr\\\/\",\"logo\":{\"@type\":\"ImageObject\",\"inLanguage\":\"fr-FR\",\"@id\":\"https:\\\/\\\/www.ab-science.com\\\/fr\\\/#\\\/schema\\\/logo\\\/image\\\/\",\"url\":\"https:\\\/\\\/www.ab-science.com\\\/wp-content\\\/uploads\\\/2020\\\/11\\\/logo_ab-science-wh120.png\",\"contentUrl\":\"https:\\\/\\\/www.ab-science.com\\\/wp-content\\\/uploads\\\/2020\\\/11\\\/logo_ab-science-wh120.png\",\"width\":120,\"height\":120,\"caption\":\"AB Science\"},\"image\":{\"@id\":\"https:\\\/\\\/www.ab-science.com\\\/fr\\\/#\\\/schema\\\/logo\\\/image\\\/\"},\"sameAs\":[\"https:\\\/\\\/www.linkedin.com\\\/company\\\/ab-science\\\/\"]}]}<\/script>\n<!-- \/ Yoast SEO Premium plugin. -->","yoast_head_json":{"title":"Responsabilit\u00e9s sociales et environnementales &#8211; AB Science","description":"Index de l'\u00e9galit\u00e9 femmes-hommes selon 4 crit\u00e8res d\u00e9finis \u2013 Plan d'action pour l'\u00e9galit\u00e9 des sexes 2020 chez AB Science","robots":{"index":"index","follow":"follow","max-snippet":"max-snippet:-1","max-image-preview":"max-image-preview:large","max-video-preview":"max-video-preview:-1"},"canonical":"https:\/\/www.ab-science.com\/fr\/investisseurs\/informations-reglementees\/responsabilites-sociales-et-environnementales\/","og_locale":"fr_FR","og_type":"article","og_title":"Responsabilit\u00e9s sociales et environnementales","og_description":"Index de l'\u00e9galit\u00e9 femmes-hommes selon 4 crit\u00e8res d\u00e9finis \u2013 Plan d'action pour l'\u00e9galit\u00e9 des sexes 2020 chez AB Science","og_url":"https:\/\/www.ab-science.com\/fr\/investisseurs\/informations-reglementees\/responsabilites-sociales-et-environnementales\/","og_site_name":"AB Science","article_modified_time":"2024-02-29T08:15:24+00:00","twitter_card":"summary_large_image","twitter_misc":{"Dur\u00e9e de lecture estim\u00e9e":"1 minute"},"schema":{"@context":"https:\/\/schema.org","@graph":[{"@type":"WebPage","@id":"https:\/\/www.ab-science.com\/fr\/investisseurs\/informations-reglementees\/responsabilites-sociales-et-environnementales\/","url":"https:\/\/www.ab-science.com\/fr\/investisseurs\/informations-reglementees\/responsabilites-sociales-et-environnementales\/","name":"Responsabilit\u00e9s sociales et environnementales &#8211; AB Science","isPartOf":{"@id":"https:\/\/www.ab-science.com\/fr\/#website"},"datePublished":"2020-10-07T12:51:36+00:00","dateModified":"2024-02-29T08:15:24+00:00","description":"Index de l'\u00e9galit\u00e9 femmes-hommes selon 4 crit\u00e8res d\u00e9finis \u2013 Plan d'action pour l'\u00e9galit\u00e9 des sexes 2020 chez AB Science","breadcrumb":{"@id":"https:\/\/www.ab-science.com\/fr\/investisseurs\/informations-reglementees\/responsabilites-sociales-et-environnementales\/#breadcrumb"},"inLanguage":"fr-FR","potentialAction":[{"@type":"ReadAction","target":["https:\/\/www.ab-science.com\/fr\/investisseurs\/informations-reglementees\/responsabilites-sociales-et-environnementales\/"]}]},{"@type":"BreadcrumbList","@id":"https:\/\/www.ab-science.com\/fr\/investisseurs\/informations-reglementees\/responsabilites-sociales-et-environnementales\/#breadcrumb","itemListElement":[{"@type":"ListItem","position":1,"name":"Accueil","item":"https:\/\/www.ab-science.com\/fr\/"},{"@type":"ListItem","position":2,"name":"Investisseurs","item":"https:\/\/www.ab-science.com\/fr\/investisseurs\/"},{"@type":"ListItem","position":3,"name":"Informations r\u00e9glement\u00e9es","item":"https:\/\/www.ab-science.com\/fr\/investisseurs\/informations-reglementees\/"},{"@type":"ListItem","position":4,"name":"Responsabilit\u00e9s sociales et environnementales"}]},{"@type":"WebSite","@id":"https:\/\/www.ab-science.com\/fr\/#website","url":"https:\/\/www.ab-science.com\/fr\/","name":"AB Science","description":"Masitinib and AB8939 \u2013 Two compounds with breakthrough mechanism of action","publisher":{"@id":"https:\/\/www.ab-science.com\/fr\/#organization"},"potentialAction":[{"@type":"SearchAction","target":{"@type":"EntryPoint","urlTemplate":"https:\/\/www.ab-science.com\/fr\/?s={search_term_string}"},"query-input":{"@type":"PropertyValueSpecification","valueRequired":true,"valueName":"search_term_string"}}],"inLanguage":"fr-FR"},{"@type":"Organization","@id":"https:\/\/www.ab-science.com\/fr\/#organization","name":"AB Science","url":"https:\/\/www.ab-science.com\/fr\/","logo":{"@type":"ImageObject","inLanguage":"fr-FR","@id":"https:\/\/www.ab-science.com\/fr\/#\/schema\/logo\/image\/","url":"https:\/\/www.ab-science.com\/wp-content\/uploads\/2020\/11\/logo_ab-science-wh120.png","contentUrl":"https:\/\/www.ab-science.com\/wp-content\/uploads\/2020\/11\/logo_ab-science-wh120.png","width":120,"height":120,"caption":"AB Science"},"image":{"@id":"https:\/\/www.ab-science.com\/fr\/#\/schema\/logo\/image\/"},"sameAs":["https:\/\/www.linkedin.com\/company\/ab-science\/"]}]}},"_links":{"self":[{"href":"https:\/\/www.ab-science.com\/fr\/wp-json\/wp\/v2\/pages\/3512","targetHints":{"allow":["GET"]}}],"collection":[{"href":"https:\/\/www.ab-science.com\/fr\/wp-json\/wp\/v2\/pages"}],"about":[{"href":"https:\/\/www.ab-science.com\/fr\/wp-json\/wp\/v2\/types\/page"}],"author":[{"embeddable":true,"href":"https:\/\/www.ab-science.com\/fr\/wp-json\/wp\/v2\/users\/1"}],"replies":[{"embeddable":true,"href":"https:\/\/www.ab-science.com\/fr\/wp-json\/wp\/v2\/comments?post=3512"}],"version-history":[{"count":0,"href":"https:\/\/www.ab-science.com\/fr\/wp-json\/wp\/v2\/pages\/3512\/revisions"}],"up":[{"embeddable":true,"href":"https:\/\/www.ab-science.com\/fr\/wp-json\/wp\/v2\/pages\/3592"}],"wp:attachment":[{"href":"https:\/\/www.ab-science.com\/fr\/wp-json\/wp\/v2\/media?parent=3512"}],"curies":[{"name":"wp","href":"https:\/\/api.w.org\/{rel}","templated":true}]}}