{"id":3401,"date":"2018-05-11T10:09:17","date_gmt":"2018-05-11T08:09:17","guid":{"rendered":"https:\/\/www.ab-science.com\/analystes-financiers\/"},"modified":"2026-02-03T14:05:48","modified_gmt":"2026-02-03T13:05:48","slug":"analystes-financiers","status":"publish","type":"page","link":"https:\/\/www.ab-science.com\/fr\/investisseurs\/analystes-financiers\/","title":{"rendered":"Couverture analystes"},"content":{"rendered":"<div class=\"wpb-content-wrapper\"><p>[vc_row][vc_column][\/vc_column][\/vc_row][vc_row gap=\u00a0\u00bb2&Prime; equal_height=\u00a0\u00bbyes\u00a0\u00bb content_placement=\u00a0\u00bbmiddle\u00a0\u00bb][vc_column width=\u00a0\u00bb1\/4&Prime; css=\u00a0\u00bb.vc_custom_1709749131705{margin: 0px !important;padding: 0px !important;background-color: #00477a !important;}\u00a0\u00bb][vc_column_text css=\u00a0\u00bb.vc_custom_1709749121369{margin-top: 0px !important;margin-bottom: 0px !important;padding-top: 10px !important;padding-bottom: 10px !important;}\u00a0\u00bb]<\/p>\n<h5 style=\"text-align: center; color: #fff;\">SOCI\u00c9T\u00c9<\/h5>\n<p>[\/vc_column_text][\/vc_column][vc_column width=\u00a0\u00bb1\/4&Prime; el_id=\u00a0\u00bbcolumn-header\u00a0\u00bb css=\u00a0\u00bb.vc_custom_1709749233389{margin-top: 0px !important;margin-right: 0px !important;margin-bottom: 0px !important;margin-left: 0px !important;padding-top: 0px !important;padding-right: 0px !important;padding-bottom: 0px !important;padding-left: 0px !important;background-color: #00477a !important;}\u00a0\u00bb][vc_column_text css=\u00a0\u00bb.vc_custom_1709749205038{margin-top: 0px !important;margin-bottom: 0px !important;padding-top: 10px !important;padding-bottom: 10px !important;}\u00a0\u00bb]<\/p>\n<h5 style=\"text-align: center; color: #fff;\">ANALYSTE<\/h5>\n<p>[\/vc_column_text][\/vc_column][vc_column width=\u00a0\u00bb1\/4&Prime; css=\u00a0\u00bb.vc_custom_1709749379002{margin: 0px !important;padding: 0px !important;background-color: #00477a !important;}\u00a0\u00bb][vc_column_text css=\u00a0\u00bb.vc_custom_1709749284836{margin-top: 0px !important;margin-bottom: 0px !important;padding-top: 10px !important;padding-bottom: 10px !important;}\u00a0\u00bb]<\/p>\n<h5 style=\"text-align: center; color: #fff;\">CONTACT<\/h5>\n<p>[\/vc_column_text][\/vc_column][vc_column width=\u00a0\u00bb1\/4&Prime; css=\u00a0\u00bb.vc_custom_1709749395450{margin: 0px !important;padding: 0px !important;background-color: #00477a !important;}\u00a0\u00bb][vc_column_text css=\u00a0\u00bb.vc_custom_1709749351431{margin-top: 0px !important;margin-bottom: 0px !important;padding-top: 10px !important;padding-bottom: 10px !important;}\u00a0\u00bb]<\/p>\n<h5 style=\"text-align: center; color: #fff;\">NOTE D&rsquo;ANALYSE<\/h5>\n<p>[\/vc_column_text][\/vc_column][\/vc_row][vc_row][vc_column]<div class=\"ult-spacer spacer-69d79a6f382ba\" data-id=\"69d79a6f382ba\" data-height=\"60\" data-height-mobile=\"30\" data-height-tab=\"60\" data-height-tab-portrait=\"60\" data-height-mobile-landscape=\"30\" style=\"clear:both;display:block;\"><\/div>[\/vc_column][\/vc_row][vc_row equal_height=\u00a0\u00bbyes\u00a0\u00bb content_placement=\u00a0\u00bbmiddle\u00a0\u00bb][vc_column width=\u00a0\u00bb1\/4&Prime;][vc_single_image image=\u00a0\u00bb8641&Prime; img_size=\u00a0\u00bb250&#215;50&Prime; alignment=\u00a0\u00bbcenter\u00a0\u00bb][\/vc_column][vc_column width=\u00a0\u00bb1\/4&Prime;][vc_column_text]<\/p>\n<p style=\"text-align: center;\">Claire Bendao<\/p>\n<p>[\/vc_column_text][\/vc_column][vc_column width=\u00a0\u00bb1\/4&Prime;][vc_column_text]<\/p>\n<p style=\"text-align: center;\"><a href=\"mailto:claire.bendao@dnafinance.fr\">claire.bendao@dnafinance.fr<\/a><\/p>\n<p>[\/vc_column_text][\/vc_column][vc_column width=\u00a0\u00bb1\/4&Prime;][vc_row_inner][vc_column_inner width=\u00a0\u00bb1\/2&Prime;][vc_column_text css=\u00a0\u00bb\u00a0\u00bb]<\/p>\n<p style=\"text-align: center;\">Mars 2025<\/p>\n<p>[\/vc_column_text][vc_icon icon_fontawesome=\u00a0\u00bbfa fa-solid fa-file-pdf\u00a0\u00bb color=\u00a0\u00bbcustom\u00a0\u00bb size=\u00a0\u00bbxl\u00a0\u00bb align=\u00a0\u00bbcenter\u00a0\u00bb css=\u00a0\u00bb\u00a0\u00bb custom_color=\u00a0\u00bb#00477a\u00a0\u00bb link=\u00a0\u00bburl:https%3A%2F%2Fwww.ab-science.com%2Fwp-content%2Fuploads%2F2025%2F03%2F2025_03_DNA_Finance-March_2025.pdf|target:_blank\u00a0\u00bb][\/vc_column_inner][vc_column_inner width=\u00a0\u00bb1\/2&Prime;][vc_column_text css=\u00a0\u00bb\u00a0\u00bb]<\/p>\n<p style=\"text-align: center;\">Janvier 2025<\/p>\n<p>[\/vc_column_text][vc_icon icon_fontawesome=\u00a0\u00bbfas fa-file-pdf\u00a0\u00bb color=\u00a0\u00bbcustom\u00a0\u00bb size=\u00a0\u00bbxl\u00a0\u00bb align=\u00a0\u00bbcenter\u00a0\u00bb css=\u00a0\u00bb\u00a0\u00bb custom_color=\u00a0\u00bb#00477a\u00a0\u00bb link=\u00a0\u00bburl:https%3A%2F%2Fwww.ab-science.com%2Fwp-content%2Fuploads%2F2025%2F01%2FAB_Science-Equity_Research_Update-January_2025.pdf|target:_blank\u00a0\u00bb][\/vc_column_inner][\/vc_row_inner][\/vc_column][\/vc_row][vc_row][vc_column]<div class=\"ult-spacer spacer-69d79a6f38321\" data-id=\"69d79a6f38321\" data-height=\"20\" data-height-mobile=\"10\" data-height-tab=\"20\" data-height-tab-portrait=\"20\" data-height-mobile-landscape=\"10\" style=\"clear:both;display:block;\"><\/div>[vc_separator]<div class=\"ult-spacer spacer-69d79a6f38363\" data-id=\"69d79a6f38363\" data-height=\"20\" data-height-mobile=\"10\" data-height-tab=\"20\" data-height-tab-portrait=\"20\" data-height-mobile-landscape=\"10\" style=\"clear:both;display:block;\"><\/div>[\/vc_column][\/vc_row][vc_row equal_height=\u00a0\u00bbyes\u00a0\u00bb content_placement=\u00a0\u00bbmiddle\u00a0\u00bb][vc_column width=\u00a0\u00bb1\/4&Prime;][vc_single_image image=\u00a0\u00bb10557&Prime; img_size=\u00a0\u00bb320&#215;93&Prime; alignment=\u00a0\u00bbcenter\u00a0\u00bb css=\u00a0\u00bb\u00a0\u00bb][\/vc_column][vc_column width=\u00a0\u00bb1\/4&Prime;][vc_column_text el_id=\u00a0\u00bbtext-tab\u00a0\u00bb]<\/p>\n<p style=\"text-align: center;\">Jean-Pierre Loza<\/p>\n<p>[\/vc_column_text][\/vc_column][vc_column width=\u00a0\u00bb1\/4&Prime;][vc_column_text css=\u00a0\u00bb\u00a0\u00bb]<\/p>\n<p style=\"text-align: center;\"><a class=\"mailto-link\" href=\"mailto:jploza@all-invest.com\" target=\"_blank\" rel=\"noopener\">jploza@all-invest.com<\/a><\/p>\n<p>[\/vc_column_text][\/vc_column][vc_column width=\u00a0\u00bb1\/4&Prime;][vc_row_inner][vc_column_inner width=\u00a0\u00bb1\/2&Prime;][vc_column_text css=\u00a0\u00bb\u00a0\u00bb]<\/p>\n<p style=\"text-align: center;\">Janvier 2026<\/p>\n<p>[\/vc_column_text][vc_icon icon_fontawesome=\u00a0\u00bbfa fa-solid fa-file-pdf\u00a0\u00bb color=\u00a0\u00bbcustom\u00a0\u00bb size=\u00a0\u00bbxl\u00a0\u00bb align=\u00a0\u00bbcenter\u00a0\u00bb css=\u00a0\u00bb\u00a0\u00bb custom_color=\u00a0\u00bb#00477a\u00a0\u00bb link=\u00a0\u00bburl:https%3A%2F%2Fwww.ab-science.com%2Fwp-content%2Fuploads%2F2026%2F02%2FINVEST-SECURITIES-Note-AB-Science-27-1-2026-versans.pdf|target:_blank\u00a0\u00bb][\/vc_column_inner][vc_column_inner width=\u00a0\u00bb1\/2&Prime;][\/vc_column_inner][\/vc_row_inner][\/vc_column][\/vc_row][vc_row][vc_column]<div class=\"ult-spacer spacer-69d79a6f3839c\" data-id=\"69d79a6f3839c\" data-height=\"20\" data-height-mobile=\"10\" data-height-tab=\"20\" data-height-tab-portrait=\"20\" data-height-mobile-landscape=\"10\" style=\"clear:both;display:block;\"><\/div>[vc_separator]<div class=\"ult-spacer spacer-69d79a6f383da\" data-id=\"69d79a6f383da\" data-height=\"20\" data-height-mobile=\"10\" data-height-tab=\"20\" data-height-tab-portrait=\"20\" data-height-mobile-landscape=\"10\" style=\"clear:both;display:block;\"><\/div>[\/vc_column][\/vc_row][vc_row equal_height=\u00a0\u00bbyes\u00a0\u00bb content_placement=\u00a0\u00bbmiddle\u00a0\u00bb][vc_column width=\u00a0\u00bb1\/4&Prime;][vc_single_image image=\u00a0\u00bb3404&Prime; img_size=\u00a0\u00bb150&#215;60&Prime; alignment=\u00a0\u00bbcenter\u00a0\u00bb][\/vc_column][vc_column width=\u00a0\u00bb1\/4&Prime;][vc_column_text el_id=\u00a0\u00bbtext-tab\u00a0\u00bb]<\/p>\n<p style=\"text-align: center;\">Keay Nakae<\/p>\n<p>[\/vc_column_text][\/vc_column][vc_column width=\u00a0\u00bb1\/4&Prime;][vc_column_text el_id=\u00a0\u00bbtext-tab\u00a0\u00bb]<\/p>\n<p style=\"text-align: center;\"><a href=\"mailto:knakae@chardancm.com\">knakae@chardancm.com<\/a><strong><br \/>\n<\/strong>[\/vc_column_text][\/vc_column][vc_column width=\u00a0\u00bb1\/4&Prime;][\/vc_column][\/vc_row][vc_row][vc_column]<div class=\"ult-spacer spacer-69d79a6f3840f\" data-id=\"69d79a6f3840f\" data-height=\"20\" data-height-mobile=\"10\" data-height-tab=\"20\" data-height-tab-portrait=\"20\" data-height-mobile-landscape=\"10\" style=\"clear:both;display:block;\"><\/div>[vc_separator]<div class=\"ult-spacer spacer-69d79a6f38440\" data-id=\"69d79a6f38440\" data-height=\"20\" data-height-mobile=\"10\" data-height-tab=\"20\" data-height-tab-portrait=\"20\" data-height-mobile-landscape=\"10\" style=\"clear:both;display:block;\"><\/div>[\/vc_column][\/vc_row][vc_row equal_height=\u00a0\u00bbyes\u00a0\u00bb content_placement=\u00a0\u00bbmiddle\u00a0\u00bb][vc_column width=\u00a0\u00bb1\/4&Prime;][vc_single_image image=\u00a0\u00bb10560&Prime; img_size=\u00a0\u00bb250&#215;50&Prime; alignment=\u00a0\u00bbcenter\u00a0\u00bb css=\u00a0\u00bb\u00a0\u00bb][\/vc_column][vc_column width=\u00a0\u00bb1\/4&Prime;][vc_column_text css=\u00a0\u00bb\u00a0\u00bb]<\/p>\n<p style=\"text-align: center;\">Naz Rahman<\/p>\n<p>[\/vc_column_text][\/vc_column][vc_column width=\u00a0\u00bb1\/4&Prime;][vc_column_text css=\u00a0\u00bb\u00a0\u00bb]<\/p>\n<p style=\"text-align: center;\"><a class=\"mailto-link\" href=\"mailto:nrahman@maximgrp.com\" target=\"_blank\" rel=\"noopener\">nrahman@maximgrp.com<\/a><\/p>\n<p>[\/vc_column_text][\/vc_column][vc_column width=\u00a0\u00bb1\/4&Prime;][vc_row_inner][vc_column_inner width=\u00a0\u00bb1\/2&Prime;][vc_column_text css=\u00a0\u00bb\u00a0\u00bb]<\/p>\n<p style=\"text-align: center;\">Janvier 2026<\/p>\n<p>[\/vc_column_text][vc_icon icon_fontawesome=\u00a0\u00bbfa fa-solid fa-file-pdf\u00a0\u00bb color=\u00a0\u00bbcustom\u00a0\u00bb size=\u00a0\u00bbxl\u00a0\u00bb align=\u00a0\u00bbcenter\u00a0\u00bb css=\u00a0\u00bb\u00a0\u00bb custom_color=\u00a0\u00bb#00477a\u00a0\u00bb link=\u00a0\u00bburl:https%3A%2F%2Fwww.ab-science.com%2Fwp-content%2Fuploads%2F2026%2F02%2FMaxim-Group-Update-07JAN2026.pdf|target:_blank\u00a0\u00bb][\/vc_column_inner][vc_column_inner width=\u00a0\u00bb1\/2&Prime;][vc_column_text css=\u00a0\u00bb\u00a0\u00bb]<\/p>\n<p style=\"text-align: center;\">D\u00e9cembre 2025<\/p>\n<p>[\/vc_column_text][vc_icon icon_fontawesome=\u00a0\u00bbfa fa-solid fa-file-pdf\u00a0\u00bb color=\u00a0\u00bbcustom\u00a0\u00bb size=\u00a0\u00bbxl\u00a0\u00bb align=\u00a0\u00bbcenter\u00a0\u00bb css=\u00a0\u00bb\u00a0\u00bb custom_color=\u00a0\u00bb#00477a\u00a0\u00bb link=\u00a0\u00bburl:https%3A%2F%2Fwww.ab-science.com%2Fwp-content%2Fuploads%2F2026%2F02%2FMaxim-Group-Initiation-December_2025.pdf|target:_blank\u00a0\u00bb][\/vc_column_inner][\/vc_row_inner][\/vc_column][\/vc_row][vc_row][vc_column]<div class=\"ult-spacer spacer-69d79a6f3846e\" data-id=\"69d79a6f3846e\" data-height=\"20\" data-height-mobile=\"10\" data-height-tab=\"20\" data-height-tab-portrait=\"20\" data-height-mobile-landscape=\"10\" style=\"clear:both;display:block;\"><\/div>[vc_separator]<div class=\"ult-spacer spacer-69d79a6f3849c\" data-id=\"69d79a6f3849c\" data-height=\"20\" data-height-mobile=\"10\" data-height-tab=\"20\" data-height-tab-portrait=\"20\" data-height-mobile-landscape=\"10\" style=\"clear:both;display:block;\"><\/div>[vc_column_text]<em>Les opinions, estimations, projections relatives \u00e0 la Soci\u00e9t\u00e9 \u00e9mises par les analystes financiers sont de leur seule responsabilit\u00e9 et ne refl\u00e8tent pas n\u00e9cessairement celles de la Soci\u00e9t\u00e9 et de sa direction. La Soci\u00e9t\u00e9 n\u2019avalise en aucun cas les rapports, conclusions ou recommandations \u00e9mis par les analystes et ne porte aucune responsabilit\u00e9 quant \u00e0 leur exactitude et \u00e0 leur mise \u00e0 jour.<\/em>[\/vc_column_text][\/vc_column][\/vc_row]<\/p>\n<\/div>","protected":false},"excerpt":{"rendered":"<p>[vc_row][vc_column][\/vc_column][\/vc_row][vc_row gap=\u00a0\u00bb2&Prime; equal_height=\u00a0\u00bbyes\u00a0\u00bb content_placement=\u00a0\u00bbmiddle\u00a0\u00bb][vc_column width=\u00a0\u00bb1\/4&Prime; css=\u00a0\u00bb.vc_custom_1709749131705{margin: 0px !important;padding: 0px !important;background-color: #00477a !important;}\u00a0\u00bb][vc_column_text css=\u00a0\u00bb.vc_custom_1709749121369{margin-top: 0px !important;margin-bottom: 0px !important;padding-top: 10px !important;padding-bottom: 10px !important;}\u00a0\u00bb] SOCI\u00c9T\u00c9 [\/vc_column_text][\/vc_column][vc_column width=\u00a0\u00bb1\/4&Prime; el_id=\u00a0\u00bbcolumn-header\u00a0\u00bb css=\u00a0\u00bb.vc_custom_1709749233389{margin-top: 0px !important;margin-right: 0px !important;margin-bottom: 0px !important;margin-left: 0px !important;padding-top: 0px !important;padding-right: 0px !important;padding-bottom: 0px !important;padding-left: 0px !important;background-color: #00477a !important;}\u00a0\u00bb][vc_column_text css=\u00a0\u00bb.vc_custom_1709749205038{margin-top: 0px !important;margin-bottom: 0px !important;padding-top: 10px !important;padding-bottom: 10px !important;}\u00a0\u00bb] ANALYSTE [\/vc_column_text][\/vc_column][vc_column&hellip;<\/p>\n","protected":false},"author":3,"featured_media":3404,"parent":3588,"menu_order":3,"comment_status":"closed","ping_status":"closed","template":"","meta":{"footnotes":""},"class_list":["post-3401","page","type-page","status-publish","has-post-thumbnail","hentry","description-off"],"yoast_head":"<!-- This site is optimized with the Yoast SEO Premium plugin v27.2 (Yoast SEO v27.3) - https:\/\/yoast.com\/product\/yoast-seo-premium-wordpress\/ -->\n<title>Couverture analystes &#8211; AB Science<\/title>\n<meta name=\"description\" content=\"Chardan Capical Markets and H.C.Wainwright &amp; Co sont les principaux analystes de couverture Coverage pour AB Science\" \/>\n<meta name=\"robots\" content=\"index, follow, max-snippet:-1, max-image-preview:large, max-video-preview:-1\" \/>\n<link rel=\"canonical\" href=\"https:\/\/www.ab-science.com\/fr\/investisseurs\/analystes-financiers\/\" \/>\n<meta property=\"og:locale\" content=\"fr_FR\" \/>\n<meta property=\"og:type\" content=\"article\" \/>\n<meta property=\"og:title\" content=\"Couverture analystes\" \/>\n<meta property=\"og:description\" content=\"Chardan Capical Markets and H.C.Wainwright &amp; Co sont les principaux analystes de couverture Coverage pour AB Science\" \/>\n<meta property=\"og:url\" content=\"https:\/\/www.ab-science.com\/fr\/investisseurs\/analystes-financiers\/\" \/>\n<meta property=\"og:site_name\" content=\"AB Science\" \/>\n<meta property=\"article:modified_time\" content=\"2026-02-03T13:05:48+00:00\" \/>\n<meta property=\"og:image\" content=\"https:\/\/www.ab-science.com\/wp-content\/uploads\/2018\/05\/logo_sf_01.jpg\" \/>\n\t<meta property=\"og:image:width\" content=\"149\" \/>\n\t<meta property=\"og:image:height\" content=\"50\" \/>\n\t<meta property=\"og:image:type\" content=\"image\/jpeg\" \/>\n<meta name=\"twitter:card\" content=\"summary_large_image\" \/>\n<meta name=\"twitter:label1\" content=\"Dur\u00e9e de lecture estim\u00e9e\" \/>\n\t<meta name=\"twitter:data1\" content=\"2 minutes\" \/>\n<script type=\"application\/ld+json\" class=\"yoast-schema-graph\">{\"@context\":\"https:\\\/\\\/schema.org\",\"@graph\":[{\"@type\":\"WebPage\",\"@id\":\"https:\\\/\\\/www.ab-science.com\\\/fr\\\/investisseurs\\\/analystes-financiers\\\/\",\"url\":\"https:\\\/\\\/www.ab-science.com\\\/fr\\\/investisseurs\\\/analystes-financiers\\\/\",\"name\":\"Couverture analystes &#8211; AB Science\",\"isPartOf\":{\"@id\":\"https:\\\/\\\/www.ab-science.com\\\/fr\\\/#website\"},\"primaryImageOfPage\":{\"@id\":\"https:\\\/\\\/www.ab-science.com\\\/fr\\\/investisseurs\\\/analystes-financiers\\\/#primaryimage\"},\"image\":{\"@id\":\"https:\\\/\\\/www.ab-science.com\\\/fr\\\/investisseurs\\\/analystes-financiers\\\/#primaryimage\"},\"thumbnailUrl\":\"https:\\\/\\\/www.ab-science.com\\\/wp-content\\\/uploads\\\/2018\\\/05\\\/logo_sf_01.jpg\",\"datePublished\":\"2018-05-11T08:09:17+00:00\",\"dateModified\":\"2026-02-03T13:05:48+00:00\",\"description\":\"Chardan Capical Markets and H.C.Wainwright & Co sont les principaux analystes de couverture Coverage pour AB Science\",\"breadcrumb\":{\"@id\":\"https:\\\/\\\/www.ab-science.com\\\/fr\\\/investisseurs\\\/analystes-financiers\\\/#breadcrumb\"},\"inLanguage\":\"fr-FR\",\"potentialAction\":[{\"@type\":\"ReadAction\",\"target\":[\"https:\\\/\\\/www.ab-science.com\\\/fr\\\/investisseurs\\\/analystes-financiers\\\/\"]}]},{\"@type\":\"ImageObject\",\"inLanguage\":\"fr-FR\",\"@id\":\"https:\\\/\\\/www.ab-science.com\\\/fr\\\/investisseurs\\\/analystes-financiers\\\/#primaryimage\",\"url\":\"https:\\\/\\\/www.ab-science.com\\\/wp-content\\\/uploads\\\/2018\\\/05\\\/logo_sf_01.jpg\",\"contentUrl\":\"https:\\\/\\\/www.ab-science.com\\\/wp-content\\\/uploads\\\/2018\\\/05\\\/logo_sf_01.jpg\",\"width\":149,\"height\":50,\"caption\":\"logo-chardan\"},{\"@type\":\"BreadcrumbList\",\"@id\":\"https:\\\/\\\/www.ab-science.com\\\/fr\\\/investisseurs\\\/analystes-financiers\\\/#breadcrumb\",\"itemListElement\":[{\"@type\":\"ListItem\",\"position\":1,\"name\":\"Accueil\",\"item\":\"https:\\\/\\\/www.ab-science.com\\\/fr\\\/\"},{\"@type\":\"ListItem\",\"position\":2,\"name\":\"Investisseurs\",\"item\":\"https:\\\/\\\/www.ab-science.com\\\/fr\\\/investisseurs\\\/\"},{\"@type\":\"ListItem\",\"position\":3,\"name\":\"Couverture analystes\"}]},{\"@type\":\"WebSite\",\"@id\":\"https:\\\/\\\/www.ab-science.com\\\/fr\\\/#website\",\"url\":\"https:\\\/\\\/www.ab-science.com\\\/fr\\\/\",\"name\":\"AB Science\",\"description\":\"Masitinib and AB8939 \u2013 Two compounds with breakthrough mechanism of action\",\"publisher\":{\"@id\":\"https:\\\/\\\/www.ab-science.com\\\/fr\\\/#organization\"},\"potentialAction\":[{\"@type\":\"SearchAction\",\"target\":{\"@type\":\"EntryPoint\",\"urlTemplate\":\"https:\\\/\\\/www.ab-science.com\\\/fr\\\/?s={search_term_string}\"},\"query-input\":{\"@type\":\"PropertyValueSpecification\",\"valueRequired\":true,\"valueName\":\"search_term_string\"}}],\"inLanguage\":\"fr-FR\"},{\"@type\":\"Organization\",\"@id\":\"https:\\\/\\\/www.ab-science.com\\\/fr\\\/#organization\",\"name\":\"AB Science\",\"url\":\"https:\\\/\\\/www.ab-science.com\\\/fr\\\/\",\"logo\":{\"@type\":\"ImageObject\",\"inLanguage\":\"fr-FR\",\"@id\":\"https:\\\/\\\/www.ab-science.com\\\/fr\\\/#\\\/schema\\\/logo\\\/image\\\/\",\"url\":\"https:\\\/\\\/www.ab-science.com\\\/wp-content\\\/uploads\\\/2020\\\/11\\\/logo_ab-science-wh120.png\",\"contentUrl\":\"https:\\\/\\\/www.ab-science.com\\\/wp-content\\\/uploads\\\/2020\\\/11\\\/logo_ab-science-wh120.png\",\"width\":120,\"height\":120,\"caption\":\"AB Science\"},\"image\":{\"@id\":\"https:\\\/\\\/www.ab-science.com\\\/fr\\\/#\\\/schema\\\/logo\\\/image\\\/\"},\"sameAs\":[\"https:\\\/\\\/www.linkedin.com\\\/company\\\/ab-science\\\/\"]}]}<\/script>\n<!-- \/ Yoast SEO Premium plugin. -->","yoast_head_json":{"title":"Couverture analystes &#8211; AB Science","description":"Chardan Capical Markets and H.C.Wainwright & Co sont les principaux analystes de couverture Coverage pour AB Science","robots":{"index":"index","follow":"follow","max-snippet":"max-snippet:-1","max-image-preview":"max-image-preview:large","max-video-preview":"max-video-preview:-1"},"canonical":"https:\/\/www.ab-science.com\/fr\/investisseurs\/analystes-financiers\/","og_locale":"fr_FR","og_type":"article","og_title":"Couverture analystes","og_description":"Chardan Capical Markets and H.C.Wainwright & Co sont les principaux analystes de couverture Coverage pour AB Science","og_url":"https:\/\/www.ab-science.com\/fr\/investisseurs\/analystes-financiers\/","og_site_name":"AB Science","article_modified_time":"2026-02-03T13:05:48+00:00","og_image":[{"width":149,"height":50,"url":"https:\/\/www.ab-science.com\/wp-content\/uploads\/2018\/05\/logo_sf_01.jpg","type":"image\/jpeg"}],"twitter_card":"summary_large_image","twitter_misc":{"Dur\u00e9e de lecture estim\u00e9e":"2 minutes"},"schema":{"@context":"https:\/\/schema.org","@graph":[{"@type":"WebPage","@id":"https:\/\/www.ab-science.com\/fr\/investisseurs\/analystes-financiers\/","url":"https:\/\/www.ab-science.com\/fr\/investisseurs\/analystes-financiers\/","name":"Couverture analystes &#8211; AB Science","isPartOf":{"@id":"https:\/\/www.ab-science.com\/fr\/#website"},"primaryImageOfPage":{"@id":"https:\/\/www.ab-science.com\/fr\/investisseurs\/analystes-financiers\/#primaryimage"},"image":{"@id":"https:\/\/www.ab-science.com\/fr\/investisseurs\/analystes-financiers\/#primaryimage"},"thumbnailUrl":"https:\/\/www.ab-science.com\/wp-content\/uploads\/2018\/05\/logo_sf_01.jpg","datePublished":"2018-05-11T08:09:17+00:00","dateModified":"2026-02-03T13:05:48+00:00","description":"Chardan Capical Markets and H.C.Wainwright & Co sont les principaux analystes de couverture Coverage pour AB Science","breadcrumb":{"@id":"https:\/\/www.ab-science.com\/fr\/investisseurs\/analystes-financiers\/#breadcrumb"},"inLanguage":"fr-FR","potentialAction":[{"@type":"ReadAction","target":["https:\/\/www.ab-science.com\/fr\/investisseurs\/analystes-financiers\/"]}]},{"@type":"ImageObject","inLanguage":"fr-FR","@id":"https:\/\/www.ab-science.com\/fr\/investisseurs\/analystes-financiers\/#primaryimage","url":"https:\/\/www.ab-science.com\/wp-content\/uploads\/2018\/05\/logo_sf_01.jpg","contentUrl":"https:\/\/www.ab-science.com\/wp-content\/uploads\/2018\/05\/logo_sf_01.jpg","width":149,"height":50,"caption":"logo-chardan"},{"@type":"BreadcrumbList","@id":"https:\/\/www.ab-science.com\/fr\/investisseurs\/analystes-financiers\/#breadcrumb","itemListElement":[{"@type":"ListItem","position":1,"name":"Accueil","item":"https:\/\/www.ab-science.com\/fr\/"},{"@type":"ListItem","position":2,"name":"Investisseurs","item":"https:\/\/www.ab-science.com\/fr\/investisseurs\/"},{"@type":"ListItem","position":3,"name":"Couverture analystes"}]},{"@type":"WebSite","@id":"https:\/\/www.ab-science.com\/fr\/#website","url":"https:\/\/www.ab-science.com\/fr\/","name":"AB Science","description":"Masitinib and AB8939 \u2013 Two compounds with breakthrough mechanism of action","publisher":{"@id":"https:\/\/www.ab-science.com\/fr\/#organization"},"potentialAction":[{"@type":"SearchAction","target":{"@type":"EntryPoint","urlTemplate":"https:\/\/www.ab-science.com\/fr\/?s={search_term_string}"},"query-input":{"@type":"PropertyValueSpecification","valueRequired":true,"valueName":"search_term_string"}}],"inLanguage":"fr-FR"},{"@type":"Organization","@id":"https:\/\/www.ab-science.com\/fr\/#organization","name":"AB Science","url":"https:\/\/www.ab-science.com\/fr\/","logo":{"@type":"ImageObject","inLanguage":"fr-FR","@id":"https:\/\/www.ab-science.com\/fr\/#\/schema\/logo\/image\/","url":"https:\/\/www.ab-science.com\/wp-content\/uploads\/2020\/11\/logo_ab-science-wh120.png","contentUrl":"https:\/\/www.ab-science.com\/wp-content\/uploads\/2020\/11\/logo_ab-science-wh120.png","width":120,"height":120,"caption":"AB Science"},"image":{"@id":"https:\/\/www.ab-science.com\/fr\/#\/schema\/logo\/image\/"},"sameAs":["https:\/\/www.linkedin.com\/company\/ab-science\/"]}]}},"_links":{"self":[{"href":"https:\/\/www.ab-science.com\/fr\/wp-json\/wp\/v2\/pages\/3401","targetHints":{"allow":["GET"]}}],"collection":[{"href":"https:\/\/www.ab-science.com\/fr\/wp-json\/wp\/v2\/pages"}],"about":[{"href":"https:\/\/www.ab-science.com\/fr\/wp-json\/wp\/v2\/types\/page"}],"author":[{"embeddable":true,"href":"https:\/\/www.ab-science.com\/fr\/wp-json\/wp\/v2\/users\/3"}],"replies":[{"embeddable":true,"href":"https:\/\/www.ab-science.com\/fr\/wp-json\/wp\/v2\/comments?post=3401"}],"version-history":[{"count":0,"href":"https:\/\/www.ab-science.com\/fr\/wp-json\/wp\/v2\/pages\/3401\/revisions"}],"up":[{"embeddable":true,"href":"https:\/\/www.ab-science.com\/fr\/wp-json\/wp\/v2\/pages\/3588"}],"wp:featuredmedia":[{"embeddable":true,"href":"https:\/\/www.ab-science.com\/fr\/wp-json\/wp\/v2\/media\/3404"}],"wp:attachment":[{"href":"https:\/\/www.ab-science.com\/fr\/wp-json\/wp\/v2\/media?parent=3401"}],"curies":[{"name":"wp","href":"https:\/\/api.w.org\/{rel}","templated":true}]}}