{"id":3330,"date":"2020-10-01T12:48:48","date_gmt":"2020-10-01T11:48:48","guid":{"rendered":"https:\/\/www.ab-science.com\/pourquoi-investir-dans-ab-science\/"},"modified":"2025-05-21T14:16:19","modified_gmt":"2025-05-21T13:16:19","slug":"pourquoi-investir-dans-ab-science","status":"publish","type":"page","link":"https:\/\/www.ab-science.com\/fr\/investisseurs\/pourquoi-investir-dans-ab-science\/","title":{"rendered":"Pourquoi investir dans AB Science"},"content":{"rendered":"<div class=\"wpb-content-wrapper\"><p>[vc_row equal_height=\u00a0\u00bbyes\u00a0\u00bb content_placement=\u00a0\u00bbmiddle\u00a0\u00bb][vc_column width=\u00a0\u00bb1\/3&Prime;]<style type=\"text\/css\" data-type=\"the7_shortcodes-inline-css\">#default-btn-591f0e591c8f8dcebbaf0727ecdfd196 {\n  border-radius: 12px;\n  font-size: 20px;\n  line-height: 22px;\n}\n.btn-shadow#default-btn-591f0e591c8f8dcebbaf0727ecdfd196 {\n  box-shadow: 0 1px 6px rgba(0,0,0,0.12);\n  transition: box-shadow 0.2s ease-out, opacity 0.45s;\n}\n.btn-shadow#default-btn-591f0e591c8f8dcebbaf0727ecdfd196:hover {\n  box-shadow: 0 5px 11px 0 rgba(0,0,0,0.18), 0 4px 15px 0 rgba(0,0,0,0.15);\n}\n.btn-3d#default-btn-591f0e591c8f8dcebbaf0727ecdfd196 {\n  box-shadow: 0px 2px 0px 0px #0c141d;\n}\n.btn-3d#default-btn-591f0e591c8f8dcebbaf0727ecdfd196:hover {\n  box-shadow: 0px 2px 0px 0px #0c141d;\n}\n.btn-flat#default-btn-591f0e591c8f8dcebbaf0727ecdfd196 {\n  box-shadow: none;\n}\n.btn-flat#default-btn-591f0e591c8f8dcebbaf0727ecdfd196:hover {\n  box-shadow: none;\n}\n#default-btn-591f0e591c8f8dcebbaf0727ecdfd196.ico-right-side > i {\n  margin-right: 0px;\n  margin-left: 8px;\n}\n#default-btn-591f0e591c8f8dcebbaf0727ecdfd196 > i {\n  margin-right: 8px;\n  font-size: 12px;\n}\n#default-btn-591f0e591c8f8dcebbaf0727ecdfd196:not(:hover) {\n  border-width: 0px;\n  color: #ffffff;\n  background: #133153 !important;\n  padding: 18px 18px 18px 18px;\n}\n#default-btn-591f0e591c8f8dcebbaf0727ecdfd196:not(:hover) * {\n  color: #ffffff;\n}\n#default-btn-591f0e591c8f8dcebbaf0727ecdfd196:hover {\n  border-width: 0px;\n  color: #ffffff;\n  background: #133153 !important;\n  padding: 18px 18px 18px 18px;\n}\n#default-btn-591f0e591c8f8dcebbaf0727ecdfd196:hover * {\n  color: #ffffff;\n}\n#default-btn-591f0e591c8f8dcebbaf0727ecdfd196.ico-right-side > i {\n  margin-right: 0px;\n  margin-left: 8px;\n}\n#default-btn-591f0e591c8f8dcebbaf0727ecdfd196 > i {\n  margin-right: 8px;\n}<\/style><div class=\"btn-align-center\"><a href=\"#\" class=\"default-btn-shortcode dt-btn fadeIn animate-element animation-builder btn-hover-off link-hover-off full-width-btn btn-flat \" id=\"default-btn-591f0e591c8f8dcebbaf0727ecdfd196\"><span>Important besoin m\u00e9dical et fort potentiel de march\u00e9<\/span><\/a><\/div>[\/vc_column][vc_column width=\u00a0\u00bb2\/3&Prime;][vc_column_text css=\u00a0\u00bb.vc_custom_1611157308405{margin-top: 0px !important;margin-bottom: 0px !important;padding-top: 0px !important;padding-bottom: 0px !important;}\u00a0\u00bb]<\/p>\n<ul>\n<li>Les pathologies en d\u00e9veloppement pr\u00e9sentent toutes un fort besoin m\u00e9dical<\/li>\n<li>Les programmes en d\u00e9veloppement combinent <strong>des pathologies \u00e0 fort potentiel de march\u00e9<\/strong> et <strong>des maladies orphelines<\/strong><\/li>\n<\/ul>\n<p>[\/vc_column_text][\/vc_column][\/vc_row][vc_row][vc_column]<div class=\"ult-spacer spacer-69da467d1f3d7\" data-id=\"69da467d1f3d7\" data-height=\"30\" data-height-mobile=\"15\" data-height-tab=\"030\" data-height-tab-portrait=\"30\" data-height-mobile-landscape=\"15\" style=\"clear:both;display:block;\"><\/div>[\/vc_column][\/vc_row][vc_row equal_height=\u00a0\u00bbyes\u00a0\u00bb content_placement=\u00a0\u00bbmiddle\u00a0\u00bb][vc_column width=\u00a0\u00bb1\/3&Prime;]<style type=\"text\/css\" data-type=\"the7_shortcodes-inline-css\">#default-btn-c9b7386a0ec62507f488bd26f7ce9350 {\n  border-radius: 12px;\n  font-size: 20px;\n  line-height: 22px;\n}\n.btn-shadow#default-btn-c9b7386a0ec62507f488bd26f7ce9350 {\n  box-shadow: 0 1px 6px rgba(0,0,0,0.12);\n  transition: box-shadow 0.2s ease-out, opacity 0.45s;\n}\n.btn-shadow#default-btn-c9b7386a0ec62507f488bd26f7ce9350:hover {\n  box-shadow: 0 5px 11px 0 rgba(0,0,0,0.18), 0 4px 15px 0 rgba(0,0,0,0.15);\n}\n.btn-3d#default-btn-c9b7386a0ec62507f488bd26f7ce9350 {\n  box-shadow: 0px 2px 0px 0px #1b5369;\n}\n.btn-3d#default-btn-c9b7386a0ec62507f488bd26f7ce9350:hover {\n  box-shadow: 0px 2px 0px 0px #1b5369;\n}\n.btn-flat#default-btn-c9b7386a0ec62507f488bd26f7ce9350 {\n  box-shadow: none;\n}\n.btn-flat#default-btn-c9b7386a0ec62507f488bd26f7ce9350:hover {\n  box-shadow: none;\n}\n#default-btn-c9b7386a0ec62507f488bd26f7ce9350.ico-right-side > i {\n  margin-right: 0px;\n  margin-left: 8px;\n}\n#default-btn-c9b7386a0ec62507f488bd26f7ce9350 > i {\n  margin-right: 8px;\n  font-size: 12px;\n}\n#default-btn-c9b7386a0ec62507f488bd26f7ce9350:not(:hover) {\n  border-width: 0px;\n  color: #ffffff;\n  background: #1482ad !important;\n  padding: 30px 18px 30px 18px;\n}\n#default-btn-c9b7386a0ec62507f488bd26f7ce9350:not(:hover) * {\n  color: #ffffff;\n}\n#default-btn-c9b7386a0ec62507f488bd26f7ce9350:hover {\n  border-width: 0px;\n  color: #ffffff;\n  background: #1482ad !important;\n  padding: 30px 18px 30px 18px;\n}\n#default-btn-c9b7386a0ec62507f488bd26f7ce9350:hover * {\n  color: #ffffff;\n}\n#default-btn-c9b7386a0ec62507f488bd26f7ce9350.ico-right-side > i {\n  margin-right: 0px;\n  margin-left: 8px;\n}\n#default-btn-c9b7386a0ec62507f488bd26f7ce9350 > i {\n  margin-right: 8px;\n}<\/style><div class=\"btn-align-center\"><a href=\"#\" class=\"default-btn-shortcode dt-btn fadeIn animate-element animation-builder btn-hover-off link-hover-off full-width-btn btn-flat \" id=\"default-btn-c9b7386a0ec62507f488bd26f7ce9350\"><span>M\u00e9canisme d&rsquo;action unique<\/span><\/a><\/div>[\/vc_column][vc_column width=\u00a0\u00bb2\/3&Prime;][vc_column_text css=\u00a0\u00bb.vc_custom_1611157529260{margin-top: 0px !important;margin-bottom: 0px !important;padding-top: 0px !important;padding-bottom: 0px !important;}\u00a0\u00bb]<\/p>\n<ul>\n<li>La mol\u00e9cule principale, le masitinib, est un inhibiteur de kinase ciblant s\u00e9lectivement le syst\u00e8me immunitaire via <b>les mastocytes et les macrophages \/ la microglie<br \/>\n<\/b><\/li>\n<li>La nouvelle mol\u00e9cule, AB8939, est un d\u00e9stabilisateur synth\u00e9tique de microtubules de nouvelle g\u00e9n\u00e9ration capable de surmonter la multir\u00e9sistance \u00e0 l&rsquo;action des m\u00e9dicaments<\/li>\n<\/ul>\n<p>[\/vc_column_text][\/vc_column][\/vc_row][vc_row][vc_column]<div class=\"ult-spacer spacer-69da467d1f524\" data-id=\"69da467d1f524\" data-height=\"30\" data-height-mobile=\"15\" data-height-tab=\"030\" data-height-tab-portrait=\"30\" data-height-mobile-landscape=\"15\" style=\"clear:both;display:block;\"><\/div>[\/vc_column][\/vc_row][vc_row equal_height=\u00a0\u00bbyes\u00a0\u00bb content_placement=\u00a0\u00bbmiddle\u00a0\u00bb][vc_column width=\u00a0\u00bb1\/3&Prime;]<style type=\"text\/css\" data-type=\"the7_shortcodes-inline-css\">#default-btn-89e1c23ba3680eaaf1f0b6d41759c715 {\n  border-radius: 12px;\n  font-size: 20px;\n  line-height: 22px;\n}\n.btn-shadow#default-btn-89e1c23ba3680eaaf1f0b6d41759c715 {\n  box-shadow: 0 1px 6px rgba(0,0,0,0.12);\n  transition: box-shadow 0.2s ease-out, opacity 0.45s;\n}\n.btn-shadow#default-btn-89e1c23ba3680eaaf1f0b6d41759c715:hover {\n  box-shadow: 0 5px 11px 0 rgba(0,0,0,0.18), 0 4px 15px 0 rgba(0,0,0,0.15);\n}\n.btn-3d#default-btn-89e1c23ba3680eaaf1f0b6d41759c715 {\n  box-shadow: 0px 2px 0px 0px #127ba1;\n}\n.btn-3d#default-btn-89e1c23ba3680eaaf1f0b6d41759c715:hover {\n  box-shadow: 0px 2px 0px 0px #127ba1;\n}\n.btn-flat#default-btn-89e1c23ba3680eaaf1f0b6d41759c715 {\n  box-shadow: none;\n}\n.btn-flat#default-btn-89e1c23ba3680eaaf1f0b6d41759c715:hover {\n  box-shadow: none;\n}\n#default-btn-89e1c23ba3680eaaf1f0b6d41759c715.ico-right-side > i {\n  margin-right: 0px;\n  margin-left: 8px;\n}\n#default-btn-89e1c23ba3680eaaf1f0b6d41759c715 > i {\n  margin-right: 8px;\n  font-size: 12px;\n}\n#default-btn-89e1c23ba3680eaaf1f0b6d41759c715:not(:hover) {\n  border-width: 0px;\n  color: #ffffff;\n  background: #00b0f0 !important;\n  padding: 30px 18px 30px 18px;\n}\n#default-btn-89e1c23ba3680eaaf1f0b6d41759c715:not(:hover) * {\n  color: #ffffff;\n}\n#default-btn-89e1c23ba3680eaaf1f0b6d41759c715:hover {\n  border-width: 0px;\n  color: #ffffff;\n  background: #00b0f0 !important;\n  padding: 30px 18px 30px 18px;\n}\n#default-btn-89e1c23ba3680eaaf1f0b6d41759c715:hover * {\n  color: #ffffff;\n}\n#default-btn-89e1c23ba3680eaaf1f0b6d41759c715.ico-right-side > i {\n  margin-right: 0px;\n  margin-left: 8px;\n}\n#default-btn-89e1c23ba3680eaaf1f0b6d41759c715 > i {\n  margin-right: 8px;\n}<\/style><div class=\"btn-align-center\"><a href=\"#\" class=\"default-btn-shortcode dt-btn fadeIn animate-element animation-builder btn-hover-off link-hover-off hauteurmin full-width-btn btn-flat \" id=\"default-btn-89e1c23ba3680eaaf1f0b6d41759c715\"><span>Propri\u00e9t\u00e9 intellectuelle s\u00e9curis\u00e9e<\/span><\/a><\/div>[\/vc_column][vc_column width=\u00a0\u00bb2\/3&Prime;][vc_column_text css=\u00a0\u00bb.vc_custom_1747833364722{margin-top: 0px !important;margin-bottom: 0px !important;padding-top: 0px !important;padding-bottom: 0px !important;}\u00a0\u00bb]<\/p>\n<ul>\n<li><b>Propri\u00e9t\u00e9 intellectuelle d\u00e9tenue \u00e0 100%<\/b> par AB Science<\/li>\n<\/ul>\n<p>[\/vc_column_text][\/vc_column][\/vc_row]<\/p>\n<\/div>","protected":false},"excerpt":{"rendered":"<p>[vc_row equal_height=\u00a0\u00bbyes\u00a0\u00bb content_placement=\u00a0\u00bbmiddle\u00a0\u00bb][vc_column width=\u00a0\u00bb1\/3&Prime;][\/vc_column][vc_column width=\u00a0\u00bb2\/3&Prime;][vc_column_text css=\u00a0\u00bb.vc_custom_1611157308405{margin-top: 0px !important;margin-bottom: 0px !important;padding-top: 0px !important;padding-bottom: 0px !important;}\u00a0\u00bb] Les pathologies en d\u00e9veloppement pr\u00e9sentent toutes un fort besoin m\u00e9dical Les programmes en d\u00e9veloppement combinent des pathologies \u00e0 fort potentiel de march\u00e9 et des maladies orphelines [\/vc_column_text][\/vc_column][\/vc_row][vc_row][vc_column][\/vc_column][\/vc_row][vc_row equal_height=\u00a0\u00bbyes\u00a0\u00bb content_placement=\u00a0\u00bbmiddle\u00a0\u00bb][vc_column width=\u00a0\u00bb1\/3&Prime;][\/vc_column][vc_column width=\u00a0\u00bb2\/3&Prime;][vc_column_text css=\u00a0\u00bb.vc_custom_1611157529260{margin-top: 0px !important;margin-bottom: 0px !important;padding-top: 0px !important;padding-bottom: 0px !important;}\u00a0\u00bb] La&hellip;<\/p>\n","protected":false},"author":1,"featured_media":0,"parent":3588,"menu_order":0,"comment_status":"closed","ping_status":"closed","template":"","meta":{"footnotes":""},"class_list":["post-3330","page","type-page","status-publish","hentry","description-off"],"yoast_head":"<!-- This site is optimized with the Yoast SEO Premium plugin v27.2 (Yoast SEO v27.3) - https:\/\/yoast.com\/product\/yoast-seo-premium-wordpress\/ -->\n<title>Investir dans AB Science, un fort potentiel sur le march\u00e9<\/title>\n<meta name=\"description\" content=\"AB Science a un portefeuille diversifi\u00e9 de programmes en phase finale, un fort potentiel de march\u00e9 et une propri\u00e9t\u00e9 intellectuelle \u00e0 100%\" \/>\n<meta name=\"robots\" content=\"index, follow, max-snippet:-1, max-image-preview:large, max-video-preview:-1\" \/>\n<link rel=\"canonical\" href=\"https:\/\/www.ab-science.com\/fr\/investisseurs\/pourquoi-investir-dans-ab-science\/\" \/>\n<meta property=\"og:locale\" content=\"fr_FR\" \/>\n<meta property=\"og:type\" content=\"article\" \/>\n<meta property=\"og:title\" content=\"Pourquoi investir dans AB Science\" \/>\n<meta property=\"og:description\" content=\"AB Science a un portefeuille diversifi\u00e9 de programmes en phase finale, un fort potentiel de march\u00e9 et une propri\u00e9t\u00e9 intellectuelle \u00e0 100%\" \/>\n<meta property=\"og:url\" content=\"https:\/\/www.ab-science.com\/fr\/investisseurs\/pourquoi-investir-dans-ab-science\/\" \/>\n<meta property=\"og:site_name\" content=\"AB Science\" \/>\n<meta property=\"article:modified_time\" content=\"2025-05-21T13:16:19+00:00\" \/>\n<meta name=\"twitter:card\" content=\"summary_large_image\" \/>\n<meta name=\"twitter:label1\" content=\"Dur\u00e9e de lecture estim\u00e9e\" \/>\n\t<meta name=\"twitter:data1\" content=\"2 minutes\" \/>\n<script type=\"application\/ld+json\" class=\"yoast-schema-graph\">{\"@context\":\"https:\\\/\\\/schema.org\",\"@graph\":[{\"@type\":\"WebPage\",\"@id\":\"https:\\\/\\\/www.ab-science.com\\\/fr\\\/investisseurs\\\/pourquoi-investir-dans-ab-science\\\/\",\"url\":\"https:\\\/\\\/www.ab-science.com\\\/fr\\\/investisseurs\\\/pourquoi-investir-dans-ab-science\\\/\",\"name\":\"Investir dans AB Science, un fort potentiel sur le march\u00e9\",\"isPartOf\":{\"@id\":\"https:\\\/\\\/www.ab-science.com\\\/fr\\\/#website\"},\"datePublished\":\"2020-10-01T11:48:48+00:00\",\"dateModified\":\"2025-05-21T13:16:19+00:00\",\"description\":\"AB Science a un portefeuille diversifi\u00e9 de programmes en phase finale, un fort potentiel de march\u00e9 et une propri\u00e9t\u00e9 intellectuelle \u00e0 100%\",\"breadcrumb\":{\"@id\":\"https:\\\/\\\/www.ab-science.com\\\/fr\\\/investisseurs\\\/pourquoi-investir-dans-ab-science\\\/#breadcrumb\"},\"inLanguage\":\"fr-FR\",\"potentialAction\":[{\"@type\":\"ReadAction\",\"target\":[\"https:\\\/\\\/www.ab-science.com\\\/fr\\\/investisseurs\\\/pourquoi-investir-dans-ab-science\\\/\"]}]},{\"@type\":\"BreadcrumbList\",\"@id\":\"https:\\\/\\\/www.ab-science.com\\\/fr\\\/investisseurs\\\/pourquoi-investir-dans-ab-science\\\/#breadcrumb\",\"itemListElement\":[{\"@type\":\"ListItem\",\"position\":1,\"name\":\"Accueil\",\"item\":\"https:\\\/\\\/www.ab-science.com\\\/fr\\\/\"},{\"@type\":\"ListItem\",\"position\":2,\"name\":\"Investisseurs\",\"item\":\"https:\\\/\\\/www.ab-science.com\\\/fr\\\/investisseurs\\\/\"},{\"@type\":\"ListItem\",\"position\":3,\"name\":\"Pourquoi investir dans AB Science\"}]},{\"@type\":\"WebSite\",\"@id\":\"https:\\\/\\\/www.ab-science.com\\\/fr\\\/#website\",\"url\":\"https:\\\/\\\/www.ab-science.com\\\/fr\\\/\",\"name\":\"AB Science\",\"description\":\"Masitinib and AB8939 \u2013 Two compounds with breakthrough mechanism of action\",\"publisher\":{\"@id\":\"https:\\\/\\\/www.ab-science.com\\\/fr\\\/#organization\"},\"potentialAction\":[{\"@type\":\"SearchAction\",\"target\":{\"@type\":\"EntryPoint\",\"urlTemplate\":\"https:\\\/\\\/www.ab-science.com\\\/fr\\\/?s={search_term_string}\"},\"query-input\":{\"@type\":\"PropertyValueSpecification\",\"valueRequired\":true,\"valueName\":\"search_term_string\"}}],\"inLanguage\":\"fr-FR\"},{\"@type\":\"Organization\",\"@id\":\"https:\\\/\\\/www.ab-science.com\\\/fr\\\/#organization\",\"name\":\"AB Science\",\"url\":\"https:\\\/\\\/www.ab-science.com\\\/fr\\\/\",\"logo\":{\"@type\":\"ImageObject\",\"inLanguage\":\"fr-FR\",\"@id\":\"https:\\\/\\\/www.ab-science.com\\\/fr\\\/#\\\/schema\\\/logo\\\/image\\\/\",\"url\":\"https:\\\/\\\/www.ab-science.com\\\/wp-content\\\/uploads\\\/2020\\\/11\\\/logo_ab-science-wh120.png\",\"contentUrl\":\"https:\\\/\\\/www.ab-science.com\\\/wp-content\\\/uploads\\\/2020\\\/11\\\/logo_ab-science-wh120.png\",\"width\":120,\"height\":120,\"caption\":\"AB Science\"},\"image\":{\"@id\":\"https:\\\/\\\/www.ab-science.com\\\/fr\\\/#\\\/schema\\\/logo\\\/image\\\/\"},\"sameAs\":[\"https:\\\/\\\/www.linkedin.com\\\/company\\\/ab-science\\\/\"]}]}<\/script>\n<!-- \/ Yoast SEO Premium plugin. -->","yoast_head_json":{"title":"Investir dans AB Science, un fort potentiel sur le march\u00e9","description":"AB Science a un portefeuille diversifi\u00e9 de programmes en phase finale, un fort potentiel de march\u00e9 et une propri\u00e9t\u00e9 intellectuelle \u00e0 100%","robots":{"index":"index","follow":"follow","max-snippet":"max-snippet:-1","max-image-preview":"max-image-preview:large","max-video-preview":"max-video-preview:-1"},"canonical":"https:\/\/www.ab-science.com\/fr\/investisseurs\/pourquoi-investir-dans-ab-science\/","og_locale":"fr_FR","og_type":"article","og_title":"Pourquoi investir dans AB Science","og_description":"AB Science a un portefeuille diversifi\u00e9 de programmes en phase finale, un fort potentiel de march\u00e9 et une propri\u00e9t\u00e9 intellectuelle \u00e0 100%","og_url":"https:\/\/www.ab-science.com\/fr\/investisseurs\/pourquoi-investir-dans-ab-science\/","og_site_name":"AB Science","article_modified_time":"2025-05-21T13:16:19+00:00","twitter_card":"summary_large_image","twitter_misc":{"Dur\u00e9e de lecture estim\u00e9e":"2 minutes"},"schema":{"@context":"https:\/\/schema.org","@graph":[{"@type":"WebPage","@id":"https:\/\/www.ab-science.com\/fr\/investisseurs\/pourquoi-investir-dans-ab-science\/","url":"https:\/\/www.ab-science.com\/fr\/investisseurs\/pourquoi-investir-dans-ab-science\/","name":"Investir dans AB Science, un fort potentiel sur le march\u00e9","isPartOf":{"@id":"https:\/\/www.ab-science.com\/fr\/#website"},"datePublished":"2020-10-01T11:48:48+00:00","dateModified":"2025-05-21T13:16:19+00:00","description":"AB Science a un portefeuille diversifi\u00e9 de programmes en phase finale, un fort potentiel de march\u00e9 et une propri\u00e9t\u00e9 intellectuelle \u00e0 100%","breadcrumb":{"@id":"https:\/\/www.ab-science.com\/fr\/investisseurs\/pourquoi-investir-dans-ab-science\/#breadcrumb"},"inLanguage":"fr-FR","potentialAction":[{"@type":"ReadAction","target":["https:\/\/www.ab-science.com\/fr\/investisseurs\/pourquoi-investir-dans-ab-science\/"]}]},{"@type":"BreadcrumbList","@id":"https:\/\/www.ab-science.com\/fr\/investisseurs\/pourquoi-investir-dans-ab-science\/#breadcrumb","itemListElement":[{"@type":"ListItem","position":1,"name":"Accueil","item":"https:\/\/www.ab-science.com\/fr\/"},{"@type":"ListItem","position":2,"name":"Investisseurs","item":"https:\/\/www.ab-science.com\/fr\/investisseurs\/"},{"@type":"ListItem","position":3,"name":"Pourquoi investir dans AB Science"}]},{"@type":"WebSite","@id":"https:\/\/www.ab-science.com\/fr\/#website","url":"https:\/\/www.ab-science.com\/fr\/","name":"AB Science","description":"Masitinib and AB8939 \u2013 Two compounds with breakthrough mechanism of action","publisher":{"@id":"https:\/\/www.ab-science.com\/fr\/#organization"},"potentialAction":[{"@type":"SearchAction","target":{"@type":"EntryPoint","urlTemplate":"https:\/\/www.ab-science.com\/fr\/?s={search_term_string}"},"query-input":{"@type":"PropertyValueSpecification","valueRequired":true,"valueName":"search_term_string"}}],"inLanguage":"fr-FR"},{"@type":"Organization","@id":"https:\/\/www.ab-science.com\/fr\/#organization","name":"AB Science","url":"https:\/\/www.ab-science.com\/fr\/","logo":{"@type":"ImageObject","inLanguage":"fr-FR","@id":"https:\/\/www.ab-science.com\/fr\/#\/schema\/logo\/image\/","url":"https:\/\/www.ab-science.com\/wp-content\/uploads\/2020\/11\/logo_ab-science-wh120.png","contentUrl":"https:\/\/www.ab-science.com\/wp-content\/uploads\/2020\/11\/logo_ab-science-wh120.png","width":120,"height":120,"caption":"AB Science"},"image":{"@id":"https:\/\/www.ab-science.com\/fr\/#\/schema\/logo\/image\/"},"sameAs":["https:\/\/www.linkedin.com\/company\/ab-science\/"]}]}},"_links":{"self":[{"href":"https:\/\/www.ab-science.com\/fr\/wp-json\/wp\/v2\/pages\/3330","targetHints":{"allow":["GET"]}}],"collection":[{"href":"https:\/\/www.ab-science.com\/fr\/wp-json\/wp\/v2\/pages"}],"about":[{"href":"https:\/\/www.ab-science.com\/fr\/wp-json\/wp\/v2\/types\/page"}],"author":[{"embeddable":true,"href":"https:\/\/www.ab-science.com\/fr\/wp-json\/wp\/v2\/users\/1"}],"replies":[{"embeddable":true,"href":"https:\/\/www.ab-science.com\/fr\/wp-json\/wp\/v2\/comments?post=3330"}],"version-history":[{"count":0,"href":"https:\/\/www.ab-science.com\/fr\/wp-json\/wp\/v2\/pages\/3330\/revisions"}],"up":[{"embeddable":true,"href":"https:\/\/www.ab-science.com\/fr\/wp-json\/wp\/v2\/pages\/3588"}],"wp:attachment":[{"href":"https:\/\/www.ab-science.com\/fr\/wp-json\/wp\/v2\/media?parent=3330"}],"curies":[{"name":"wp","href":"https:\/\/api.w.org\/{rel}","templated":true}]}}