{"id":3314,"date":"2020-10-01T12:38:48","date_gmt":"2020-10-01T11:38:48","guid":{"rendered":"https:\/\/www.ab-science.com\/informations-medicales-et-pharmacovigilance\/"},"modified":"2021-12-14T18:31:53","modified_gmt":"2021-12-14T17:31:53","slug":"informations-medicales-et-pharmacovigilance","status":"publish","type":"page","link":"https:\/\/www.ab-science.com\/fr\/masivet\/informations-medicales-et-pharmacovigilance\/","title":{"rendered":"Informations m\u00e9dicales et pharmacovigilance"},"content":{"rendered":"<div class=\"wpb-content-wrapper\"><p>[vc_row][vc_column width=\u00a0\u00bb1\/2&Prime;][vc_single_image image=\u00a0\u00bb1200&Prime; img_size=\u00a0\u00bbfull\u00a0\u00bb][\/vc_column][vc_column width=\u00a0\u00bb1\/2&Prime;][vc_column_text]Si vous remarquez, pendant ou apr\u00e8s l&rsquo;utilisation de nos m\u00e9dicaments v\u00e9t\u00e9rinaires, des effets secondaires chez l&rsquo;animal ou l&rsquo;homme ou tout autre effet ind\u00e9sirable (environnement, mauvaise exploitation, valeurs de r\u00e9sidus trop \u00e9lev\u00e9es dans les produits destin\u00e9s aux animaux, etc.), veuillez nous le signaler d\u00e8s que possible via le formulaire disponible sur cette page :<\/p>\n<p><a href=\"https:\/\/www.ab-science.com\/wp-content\/uploads\/2021\/12\/2021-12-14_AB-SCIENCE_Formulaire_de_declaration_d_un_evenement_indesirable.pdf\" target=\"_blank\" rel=\"noopener noreferrer\"><strong>Formulaire de d\u00e9claration<\/strong><\/a><\/p>\n<p>Le formulaire compl\u00e9t\u00e9 est \u00e0 envoyer \u00e0 l&rsquo;adresse e-mail suivante : <a href=\"mailto:pharmacovigilance@ab-science.com\">pharmacovigilance@ab-science.com<\/a>.<\/p>\n<p>Vous pouvez \u00e9galement notifier directement tout \u00e9v\u00e9nement ind\u00e9sirable directement \u00e0 l&rsquo;autorit\u00e9 nationale comp\u00e9tente conform\u00e9ment aux r\u00e9glementations locales. En France, vous pouvez notifier directement via le site internet <a href=\"https:\/\/pharmacovigilance-anmv.anses.fr\/\" target=\"_blank\" rel=\"noopener\">https:\/\/pharmacovigilance-anmv.anses.fr<\/a>.[\/vc_column_text][\/vc_column][\/vc_row][vc_row][vc_column][vc_column_text]Aux fins du rapport d&rsquo;\u00e9v\u00e9nement ind\u00e9sirable, de l&rsquo;enqu\u00eate m\u00e9dicale et des r\u00e9clamations sur les produits, les obligations l\u00e9gales obligent AB Science \u00e0 traiter certaines informations re\u00e7ues, qui permettent d&rsquo;identifier directement ou indirectement une personne, les \u00ab Donn\u00e9es personnelles \u00bb du d\u00e9clarant d&rsquo;un \u00e9v\u00e9nement ind\u00e9sirable, et\/ou le demandeur d&rsquo;une information. Pour informer le d\u00e9clarant et\/ou le demandeur de leurs droits concernant la protection des donn\u00e9es personnelles, une note de confidentialit\u00e9 a \u00e9t\u00e9 r\u00e9dig\u00e9e pour informer sur la mani\u00e8re dont AB Science respecte le droit \u00e0 la vie priv\u00e9e et traite les \u00ab donn\u00e9es personnelles \u00bb conform\u00e9ment \u00e0 la politique g\u00e9n\u00e9rale de confidentialit\u00e9 d&rsquo;AB Science et aux lois applicables \u00e0 la protection de la vie priv\u00e9e et des donn\u00e9es, y compris le r\u00e8glement g\u00e9n\u00e9ral sur la protection des donn\u00e9es (RGPD) et les autres lois locales applicables qui r\u00e9glementent le stockage, le traitement, l&rsquo;acc\u00e8s et le transfert des donn\u00e9es personnelles. Pour y acc\u00e9der, veuillez cliquer ici : <a href=\"https:\/\/www.ab-science.com\/wp-content\/uploads\/2020\/12\/Privacy_Notice_AB_Science.pdf\" target=\"_blank\" rel=\"noopener noreferrer\"><strong>AB Science Privacy Notice<\/strong><\/a>.<\/p>\n<p><strong>Vous pouvez \u00e9galement contacter notre d\u00e9l\u00e9gu\u00e9 \u00e0 la protection des donn\u00e9es \u00e0 l&rsquo;adresse suivante :<\/strong> <a href=\"mailto:DPO@ab-science.com\">DPO@ab-science.com<\/a><strong>, ou envoyer un courrier \u00e0 :<\/strong> AB Science, DPO, 3 avenue George V, 75008 PARIS, FRANCE.[\/vc_column_text][\/vc_column][\/vc_row]<\/p>\n<\/div>","protected":false},"excerpt":{"rendered":"<p>[vc_row][vc_column width=\u00a0\u00bb1\/2&Prime;][vc_single_image image=\u00a0\u00bb1200&Prime; img_size=\u00a0\u00bbfull\u00a0\u00bb][\/vc_column][vc_column width=\u00a0\u00bb1\/2&Prime;][vc_column_text]Si vous remarquez, pendant ou apr\u00e8s l&rsquo;utilisation de nos m\u00e9dicaments v\u00e9t\u00e9rinaires, des effets secondaires chez l&rsquo;animal ou l&rsquo;homme ou tout autre effet ind\u00e9sirable (environnement, mauvaise exploitation, valeurs de r\u00e9sidus trop \u00e9lev\u00e9es dans les produits destin\u00e9s aux animaux, etc.), veuillez nous le signaler d\u00e8s que possible via le formulaire disponible sur cette&hellip;<\/p>\n","protected":false},"author":1,"featured_media":0,"parent":3645,"menu_order":0,"comment_status":"closed","ping_status":"closed","template":"","meta":{"footnotes":""},"class_list":["post-3314","page","type-page","status-publish","hentry","description-off"],"yoast_head":"<!-- This site is optimized with the Yoast SEO Premium plugin v27.4 (Yoast SEO v27.4) - https:\/\/yoast.com\/product\/yoast-seo-premium-wordpress\/ -->\n<title>Informations m\u00e9dicales et pharmacovigilance &#8211; AB Science<\/title>\n<meta name=\"description\" content=\"Veuillez signaler tout effet ind\u00e9sirable chez l&#039;animal ou l&#039;homme d\u00e8s que possible via le formulaire de pharmacovigilance.\" \/>\n<meta name=\"robots\" content=\"index, follow, max-snippet:-1, max-image-preview:large, max-video-preview:-1\" \/>\n<link rel=\"canonical\" href=\"https:\/\/www.ab-science.com\/fr\/masivet\/informations-medicales-et-pharmacovigilance\/\" \/>\n<meta property=\"og:locale\" content=\"fr_FR\" \/>\n<meta property=\"og:type\" content=\"article\" \/>\n<meta property=\"og:title\" content=\"Informations m\u00e9dicales et pharmacovigilance\" \/>\n<meta property=\"og:description\" content=\"Veuillez signaler tout effet ind\u00e9sirable chez l&#039;animal ou l&#039;homme d\u00e8s que possible via le formulaire de pharmacovigilance.\" \/>\n<meta property=\"og:url\" content=\"https:\/\/www.ab-science.com\/fr\/masivet\/informations-medicales-et-pharmacovigilance\/\" \/>\n<meta property=\"og:site_name\" content=\"AB Science\" \/>\n<meta property=\"article:modified_time\" content=\"2021-12-14T17:31:53+00:00\" \/>\n<meta name=\"twitter:card\" content=\"summary_large_image\" \/>\n<meta name=\"twitter:label1\" content=\"Dur\u00e9e de lecture estim\u00e9e\" \/>\n\t<meta name=\"twitter:data1\" content=\"2 minutes\" \/>\n<script type=\"application\/ld+json\" class=\"yoast-schema-graph\">{\"@context\":\"https:\\\/\\\/schema.org\",\"@graph\":[{\"@type\":\"WebPage\",\"@id\":\"https:\\\/\\\/www.ab-science.com\\\/fr\\\/masivet\\\/informations-medicales-et-pharmacovigilance\\\/\",\"url\":\"https:\\\/\\\/www.ab-science.com\\\/fr\\\/masivet\\\/informations-medicales-et-pharmacovigilance\\\/\",\"name\":\"Informations m\u00e9dicales et pharmacovigilance &#8211; AB Science\",\"isPartOf\":{\"@id\":\"https:\\\/\\\/www.ab-science.com\\\/fr\\\/#website\"},\"datePublished\":\"2020-10-01T11:38:48+00:00\",\"dateModified\":\"2021-12-14T17:31:53+00:00\",\"description\":\"Veuillez signaler tout effet ind\u00e9sirable chez l'animal ou l'homme d\u00e8s que possible via le formulaire de pharmacovigilance.\",\"breadcrumb\":{\"@id\":\"https:\\\/\\\/www.ab-science.com\\\/fr\\\/masivet\\\/informations-medicales-et-pharmacovigilance\\\/#breadcrumb\"},\"inLanguage\":\"fr-FR\",\"potentialAction\":[{\"@type\":\"ReadAction\",\"target\":[\"https:\\\/\\\/www.ab-science.com\\\/fr\\\/masivet\\\/informations-medicales-et-pharmacovigilance\\\/\"]}]},{\"@type\":\"BreadcrumbList\",\"@id\":\"https:\\\/\\\/www.ab-science.com\\\/fr\\\/masivet\\\/informations-medicales-et-pharmacovigilance\\\/#breadcrumb\",\"itemListElement\":[{\"@type\":\"ListItem\",\"position\":1,\"name\":\"Accueil\",\"item\":\"https:\\\/\\\/www.ab-science.com\\\/fr\\\/\"},{\"@type\":\"ListItem\",\"position\":2,\"name\":\"Masivet\u00ae\",\"item\":\"https:\\\/\\\/www.ab-science.com\\\/fr\\\/masivet\\\/\"},{\"@type\":\"ListItem\",\"position\":3,\"name\":\"Informations m\u00e9dicales et pharmacovigilance\"}]},{\"@type\":\"WebSite\",\"@id\":\"https:\\\/\\\/www.ab-science.com\\\/fr\\\/#website\",\"url\":\"https:\\\/\\\/www.ab-science.com\\\/fr\\\/\",\"name\":\"AB Science\",\"description\":\"Masitinib and AB8939 \u2013 Two compounds with breakthrough mechanism of action\",\"publisher\":{\"@id\":\"https:\\\/\\\/www.ab-science.com\\\/fr\\\/#organization\"},\"potentialAction\":[{\"@type\":\"SearchAction\",\"target\":{\"@type\":\"EntryPoint\",\"urlTemplate\":\"https:\\\/\\\/www.ab-science.com\\\/fr\\\/?s={search_term_string}\"},\"query-input\":{\"@type\":\"PropertyValueSpecification\",\"valueRequired\":true,\"valueName\":\"search_term_string\"}}],\"inLanguage\":\"fr-FR\"},{\"@type\":\"Organization\",\"@id\":\"https:\\\/\\\/www.ab-science.com\\\/fr\\\/#organization\",\"name\":\"AB Science\",\"url\":\"https:\\\/\\\/www.ab-science.com\\\/fr\\\/\",\"logo\":{\"@type\":\"ImageObject\",\"inLanguage\":\"fr-FR\",\"@id\":\"https:\\\/\\\/www.ab-science.com\\\/fr\\\/#\\\/schema\\\/logo\\\/image\\\/\",\"url\":\"https:\\\/\\\/www.ab-science.com\\\/wp-content\\\/uploads\\\/2020\\\/11\\\/logo_ab-science-wh120.png\",\"contentUrl\":\"https:\\\/\\\/www.ab-science.com\\\/wp-content\\\/uploads\\\/2020\\\/11\\\/logo_ab-science-wh120.png\",\"width\":120,\"height\":120,\"caption\":\"AB Science\"},\"image\":{\"@id\":\"https:\\\/\\\/www.ab-science.com\\\/fr\\\/#\\\/schema\\\/logo\\\/image\\\/\"},\"sameAs\":[\"https:\\\/\\\/www.linkedin.com\\\/company\\\/ab-science\\\/\"]}]}<\/script>\n<!-- \/ Yoast SEO Premium plugin. -->","yoast_head_json":{"title":"Informations m\u00e9dicales et pharmacovigilance &#8211; AB Science","description":"Veuillez signaler tout effet ind\u00e9sirable chez l'animal ou l'homme d\u00e8s que possible via le formulaire de pharmacovigilance.","robots":{"index":"index","follow":"follow","max-snippet":"max-snippet:-1","max-image-preview":"max-image-preview:large","max-video-preview":"max-video-preview:-1"},"canonical":"https:\/\/www.ab-science.com\/fr\/masivet\/informations-medicales-et-pharmacovigilance\/","og_locale":"fr_FR","og_type":"article","og_title":"Informations m\u00e9dicales et pharmacovigilance","og_description":"Veuillez signaler tout effet ind\u00e9sirable chez l'animal ou l'homme d\u00e8s que possible via le formulaire de pharmacovigilance.","og_url":"https:\/\/www.ab-science.com\/fr\/masivet\/informations-medicales-et-pharmacovigilance\/","og_site_name":"AB Science","article_modified_time":"2021-12-14T17:31:53+00:00","twitter_card":"summary_large_image","twitter_misc":{"Dur\u00e9e de lecture estim\u00e9e":"2 minutes"},"schema":{"@context":"https:\/\/schema.org","@graph":[{"@type":"WebPage","@id":"https:\/\/www.ab-science.com\/fr\/masivet\/informations-medicales-et-pharmacovigilance\/","url":"https:\/\/www.ab-science.com\/fr\/masivet\/informations-medicales-et-pharmacovigilance\/","name":"Informations m\u00e9dicales et pharmacovigilance &#8211; AB Science","isPartOf":{"@id":"https:\/\/www.ab-science.com\/fr\/#website"},"datePublished":"2020-10-01T11:38:48+00:00","dateModified":"2021-12-14T17:31:53+00:00","description":"Veuillez signaler tout effet ind\u00e9sirable chez l'animal ou l'homme d\u00e8s que possible via le formulaire de pharmacovigilance.","breadcrumb":{"@id":"https:\/\/www.ab-science.com\/fr\/masivet\/informations-medicales-et-pharmacovigilance\/#breadcrumb"},"inLanguage":"fr-FR","potentialAction":[{"@type":"ReadAction","target":["https:\/\/www.ab-science.com\/fr\/masivet\/informations-medicales-et-pharmacovigilance\/"]}]},{"@type":"BreadcrumbList","@id":"https:\/\/www.ab-science.com\/fr\/masivet\/informations-medicales-et-pharmacovigilance\/#breadcrumb","itemListElement":[{"@type":"ListItem","position":1,"name":"Accueil","item":"https:\/\/www.ab-science.com\/fr\/"},{"@type":"ListItem","position":2,"name":"Masivet\u00ae","item":"https:\/\/www.ab-science.com\/fr\/masivet\/"},{"@type":"ListItem","position":3,"name":"Informations m\u00e9dicales et pharmacovigilance"}]},{"@type":"WebSite","@id":"https:\/\/www.ab-science.com\/fr\/#website","url":"https:\/\/www.ab-science.com\/fr\/","name":"AB Science","description":"Masitinib and AB8939 \u2013 Two compounds with breakthrough mechanism of action","publisher":{"@id":"https:\/\/www.ab-science.com\/fr\/#organization"},"potentialAction":[{"@type":"SearchAction","target":{"@type":"EntryPoint","urlTemplate":"https:\/\/www.ab-science.com\/fr\/?s={search_term_string}"},"query-input":{"@type":"PropertyValueSpecification","valueRequired":true,"valueName":"search_term_string"}}],"inLanguage":"fr-FR"},{"@type":"Organization","@id":"https:\/\/www.ab-science.com\/fr\/#organization","name":"AB Science","url":"https:\/\/www.ab-science.com\/fr\/","logo":{"@type":"ImageObject","inLanguage":"fr-FR","@id":"https:\/\/www.ab-science.com\/fr\/#\/schema\/logo\/image\/","url":"https:\/\/www.ab-science.com\/wp-content\/uploads\/2020\/11\/logo_ab-science-wh120.png","contentUrl":"https:\/\/www.ab-science.com\/wp-content\/uploads\/2020\/11\/logo_ab-science-wh120.png","width":120,"height":120,"caption":"AB Science"},"image":{"@id":"https:\/\/www.ab-science.com\/fr\/#\/schema\/logo\/image\/"},"sameAs":["https:\/\/www.linkedin.com\/company\/ab-science\/"]}]}},"_links":{"self":[{"href":"https:\/\/www.ab-science.com\/fr\/wp-json\/wp\/v2\/pages\/3314","targetHints":{"allow":["GET"]}}],"collection":[{"href":"https:\/\/www.ab-science.com\/fr\/wp-json\/wp\/v2\/pages"}],"about":[{"href":"https:\/\/www.ab-science.com\/fr\/wp-json\/wp\/v2\/types\/page"}],"author":[{"embeddable":true,"href":"https:\/\/www.ab-science.com\/fr\/wp-json\/wp\/v2\/users\/1"}],"replies":[{"embeddable":true,"href":"https:\/\/www.ab-science.com\/fr\/wp-json\/wp\/v2\/comments?post=3314"}],"version-history":[{"count":0,"href":"https:\/\/www.ab-science.com\/fr\/wp-json\/wp\/v2\/pages\/3314\/revisions"}],"up":[{"embeddable":true,"href":"https:\/\/www.ab-science.com\/fr\/wp-json\/wp\/v2\/pages\/3645"}],"wp:attachment":[{"href":"https:\/\/www.ab-science.com\/fr\/wp-json\/wp\/v2\/media?parent=3314"}],"curies":[{"name":"wp","href":"https:\/\/api.w.org\/{rel}","templated":true}]}}