{"id":3302,"date":"2020-10-01T12:34:41","date_gmt":"2020-10-01T11:34:41","guid":{"rendered":"https:\/\/www.ab-science.com\/a-propos-de-masivet\/"},"modified":"2023-11-22T14:13:43","modified_gmt":"2023-11-22T13:13:43","slug":"a-propos-de-masivet","status":"publish","type":"page","link":"https:\/\/www.ab-science.com\/fr\/masivet\/a-propos-de-masivet\/","title":{"rendered":"\u00c0 propos de Masivet\u00ae"},"content":{"rendered":"<div class=\"wpb-content-wrapper\"><p>[vc_row equal_height=\u00a0\u00bbyes\u00a0\u00bb content_placement=\u00a0\u00bbtop\u00a0\u00bb][vc_column width=\u00a0\u00bb1\/2&Prime;][vc_column_text]Les tumeurs canc\u00e9reuses \u00e0 mastocytes (TCM) sont les tumeurs cutan\u00e9es les plus courantes chez les chiens ayant souvent un mauvais pronostic.<\/p>\n<p>Masivet\u00ae est un m\u00e9dicament efficace et hautement sp\u00e9cifique, ciblant les voies biologiques cl\u00e9s du d\u00e9veloppement et de la croissance des TCM.<\/p>\n<p>Masivet\u00ae a \u00e9t\u00e9 approuv\u00e9 en 2008 par l&rsquo;Agence europ\u00e9enne du m\u00e9dicament (EMA) en m\u00e9decine v\u00e9t\u00e9rinaire pour le traitement des TCM non op\u00e9rables chez le chien (grade 2 ou 3) avec pr\u00e9sence d&rsquo;une forme mut\u00e9e du r\u00e9cepteur c-kit.<\/p>\n<p>En 2018, AB Science a c\u00e9l\u00e9br\u00e9 le 10e anniversaire de l&rsquo;autorisation de mise sur le march\u00e9 de Masivet\u00ae. Depuis son approbation, Masivet a \u00e9t\u00e9 utilis\u00e9 avec succ\u00e8s comme une approche cibl\u00e9e de la gestion du cancer en m\u00e9decine v\u00e9t\u00e9rinaire et des dizaines de milliers de cas ont \u00e9t\u00e9 trait\u00e9s avec succ\u00e8s avec Masivet\u00ae. Les cliniques v\u00e9t\u00e9rinaires privil\u00e9gient les excellentes possibilit\u00e9s de prise en charge des TCM de haut grade dans leur pratique quotidienne avec l&rsquo;utilisation de Masivet\u00ae.[\/vc_column_text][\/vc_column][vc_column width=\u00a0\u00bb1\/2&Prime;][vc_single_image image=\u00a0\u00bb1200&Prime; img_size=\u00a0\u00bbfull\u00a0\u00bb][\/vc_column][\/vc_row][vc_row][vc_column][vc_column_text]<\/p>\n<h3><strong>Masivet\u00ae a fait entrer l&rsquo;oncologie v\u00e9t\u00e9rinaire dans l&rsquo;\u00e8re moderne en lui donnant acc\u00e8s \u00e0 des th\u00e9rapies cibl\u00e9es.<\/strong><\/h3>\n<p>Les r\u00e9sultats de Masivet\u00ae en m\u00e9decine v\u00e9t\u00e9rinaire au cours de la derni\u00e8re d\u00e9cennie sont des preuves encourageantes pour le d\u00e9veloppement clinique de ce compos\u00e9 en m\u00e9decine humaine.<\/p>\n<p>Le r\u00e9sum\u00e9 des caract\u00e9ristiques du produit est disponible <a href=\"https:\/\/www.ema.europa.eu\/en\/medicines\/veterinary\/EPAR\/masivet\" target=\"_blank\" rel=\"noopener noreferrer\">ici<\/a>.<\/p>\n<p>Pour toute question relative \u00e0 l&rsquo;utilisation de Masivet, vous pouvez nous contacter <span class=\"\">au <a href=\"tel:+33412053386\">+33 4 12 05 33 86<\/a> ou <\/span><a href=\"mailto:masivet@ab-science.com\">masivet@ab-science.com<\/a>[\/vc_column_text][\/vc_column][\/vc_row]<\/p>\n<\/div>","protected":false},"excerpt":{"rendered":"<p>[vc_row equal_height=\u00a0\u00bbyes\u00a0\u00bb content_placement=\u00a0\u00bbtop\u00a0\u00bb][vc_column width=\u00a0\u00bb1\/2&Prime;][vc_column_text]Les tumeurs canc\u00e9reuses \u00e0 mastocytes (TCM) sont les tumeurs cutan\u00e9es les plus courantes chez les chiens ayant souvent un mauvais pronostic. Masivet\u00ae est un m\u00e9dicament efficace et hautement sp\u00e9cifique, ciblant les voies biologiques cl\u00e9s du d\u00e9veloppement et de la croissance des TCM. Masivet\u00ae a \u00e9t\u00e9 approuv\u00e9 en 2008 par l&rsquo;Agence europ\u00e9enne du&hellip;<\/p>\n","protected":false},"author":1,"featured_media":0,"parent":3645,"menu_order":0,"comment_status":"closed","ping_status":"closed","template":"","meta":{"footnotes":""},"class_list":["post-3302","page","type-page","status-publish","hentry","description-off"],"yoast_head":"<!-- This site is optimized with the Yoast SEO Premium plugin v27.4 (Yoast SEO v27.4) - https:\/\/yoast.com\/product\/yoast-seo-premium-wordpress\/ -->\n<title>Masivet \u2013 M\u00e9dicament ciblant les tumeurs \u00e0 mastocytes chez les chiens<\/title>\n<meta name=\"description\" content=\"Masivet\u00ae est un m\u00e9dicament efficace, ciblant les voies biologiques cl\u00e9s cruciales pour le d\u00e9veloppement et la croissance des tumeurs \u00e0 mastocytes chez les chiens.\" \/>\n<meta name=\"robots\" content=\"index, follow, max-snippet:-1, max-image-preview:large, max-video-preview:-1\" \/>\n<link rel=\"canonical\" href=\"https:\/\/www.ab-science.com\/fr\/masivet\/a-propos-de-masivet\/\" \/>\n<meta property=\"og:locale\" content=\"fr_FR\" \/>\n<meta property=\"og:type\" content=\"article\" \/>\n<meta property=\"og:title\" content=\"\u00c0 propos de Masivet\u00ae\" \/>\n<meta property=\"og:description\" content=\"Masivet\u00ae est un m\u00e9dicament efficace, ciblant les voies biologiques cl\u00e9s cruciales pour le d\u00e9veloppement et la croissance des tumeurs \u00e0 mastocytes chez les chiens.\" \/>\n<meta property=\"og:url\" content=\"https:\/\/www.ab-science.com\/fr\/masivet\/a-propos-de-masivet\/\" \/>\n<meta property=\"og:site_name\" content=\"AB Science\" \/>\n<meta property=\"article:modified_time\" content=\"2023-11-22T13:13:43+00:00\" \/>\n<meta name=\"twitter:card\" content=\"summary_large_image\" \/>\n<meta name=\"twitter:label1\" content=\"Dur\u00e9e de lecture estim\u00e9e\" \/>\n\t<meta name=\"twitter:data1\" content=\"2 minutes\" \/>\n<script type=\"application\/ld+json\" class=\"yoast-schema-graph\">{\"@context\":\"https:\\\/\\\/schema.org\",\"@graph\":[{\"@type\":\"WebPage\",\"@id\":\"https:\\\/\\\/www.ab-science.com\\\/fr\\\/masivet\\\/a-propos-de-masivet\\\/\",\"url\":\"https:\\\/\\\/www.ab-science.com\\\/fr\\\/masivet\\\/a-propos-de-masivet\\\/\",\"name\":\"Masivet \u2013 M\u00e9dicament ciblant les tumeurs \u00e0 mastocytes chez les chiens\",\"isPartOf\":{\"@id\":\"https:\\\/\\\/www.ab-science.com\\\/fr\\\/#website\"},\"datePublished\":\"2020-10-01T11:34:41+00:00\",\"dateModified\":\"2023-11-22T13:13:43+00:00\",\"description\":\"Masivet\u00ae est un m\u00e9dicament efficace, ciblant les voies biologiques cl\u00e9s cruciales pour le d\u00e9veloppement et la croissance des tumeurs \u00e0 mastocytes chez les chiens.\",\"breadcrumb\":{\"@id\":\"https:\\\/\\\/www.ab-science.com\\\/fr\\\/masivet\\\/a-propos-de-masivet\\\/#breadcrumb\"},\"inLanguage\":\"fr-FR\",\"potentialAction\":[{\"@type\":\"ReadAction\",\"target\":[\"https:\\\/\\\/www.ab-science.com\\\/fr\\\/masivet\\\/a-propos-de-masivet\\\/\"]}]},{\"@type\":\"BreadcrumbList\",\"@id\":\"https:\\\/\\\/www.ab-science.com\\\/fr\\\/masivet\\\/a-propos-de-masivet\\\/#breadcrumb\",\"itemListElement\":[{\"@type\":\"ListItem\",\"position\":1,\"name\":\"Accueil\",\"item\":\"https:\\\/\\\/www.ab-science.com\\\/fr\\\/\"},{\"@type\":\"ListItem\",\"position\":2,\"name\":\"Masivet\u00ae\",\"item\":\"https:\\\/\\\/www.ab-science.com\\\/fr\\\/masivet\\\/\"},{\"@type\":\"ListItem\",\"position\":3,\"name\":\"\u00c0 propos de Masivet\u00ae\"}]},{\"@type\":\"WebSite\",\"@id\":\"https:\\\/\\\/www.ab-science.com\\\/fr\\\/#website\",\"url\":\"https:\\\/\\\/www.ab-science.com\\\/fr\\\/\",\"name\":\"AB Science\",\"description\":\"Masitinib and AB8939 \u2013 Two compounds with breakthrough mechanism of action\",\"publisher\":{\"@id\":\"https:\\\/\\\/www.ab-science.com\\\/fr\\\/#organization\"},\"potentialAction\":[{\"@type\":\"SearchAction\",\"target\":{\"@type\":\"EntryPoint\",\"urlTemplate\":\"https:\\\/\\\/www.ab-science.com\\\/fr\\\/?s={search_term_string}\"},\"query-input\":{\"@type\":\"PropertyValueSpecification\",\"valueRequired\":true,\"valueName\":\"search_term_string\"}}],\"inLanguage\":\"fr-FR\"},{\"@type\":\"Organization\",\"@id\":\"https:\\\/\\\/www.ab-science.com\\\/fr\\\/#organization\",\"name\":\"AB Science\",\"url\":\"https:\\\/\\\/www.ab-science.com\\\/fr\\\/\",\"logo\":{\"@type\":\"ImageObject\",\"inLanguage\":\"fr-FR\",\"@id\":\"https:\\\/\\\/www.ab-science.com\\\/fr\\\/#\\\/schema\\\/logo\\\/image\\\/\",\"url\":\"https:\\\/\\\/www.ab-science.com\\\/wp-content\\\/uploads\\\/2020\\\/11\\\/logo_ab-science-wh120.png\",\"contentUrl\":\"https:\\\/\\\/www.ab-science.com\\\/wp-content\\\/uploads\\\/2020\\\/11\\\/logo_ab-science-wh120.png\",\"width\":120,\"height\":120,\"caption\":\"AB Science\"},\"image\":{\"@id\":\"https:\\\/\\\/www.ab-science.com\\\/fr\\\/#\\\/schema\\\/logo\\\/image\\\/\"},\"sameAs\":[\"https:\\\/\\\/www.linkedin.com\\\/company\\\/ab-science\\\/\"]}]}<\/script>\n<!-- \/ Yoast SEO Premium plugin. -->","yoast_head_json":{"title":"Masivet \u2013 M\u00e9dicament ciblant les tumeurs \u00e0 mastocytes chez les chiens","description":"Masivet\u00ae est un m\u00e9dicament efficace, ciblant les voies biologiques cl\u00e9s cruciales pour le d\u00e9veloppement et la croissance des tumeurs \u00e0 mastocytes chez les chiens.","robots":{"index":"index","follow":"follow","max-snippet":"max-snippet:-1","max-image-preview":"max-image-preview:large","max-video-preview":"max-video-preview:-1"},"canonical":"https:\/\/www.ab-science.com\/fr\/masivet\/a-propos-de-masivet\/","og_locale":"fr_FR","og_type":"article","og_title":"\u00c0 propos de Masivet\u00ae","og_description":"Masivet\u00ae est un m\u00e9dicament efficace, ciblant les voies biologiques cl\u00e9s cruciales pour le d\u00e9veloppement et la croissance des tumeurs \u00e0 mastocytes chez les chiens.","og_url":"https:\/\/www.ab-science.com\/fr\/masivet\/a-propos-de-masivet\/","og_site_name":"AB Science","article_modified_time":"2023-11-22T13:13:43+00:00","twitter_card":"summary_large_image","twitter_misc":{"Dur\u00e9e de lecture estim\u00e9e":"2 minutes"},"schema":{"@context":"https:\/\/schema.org","@graph":[{"@type":"WebPage","@id":"https:\/\/www.ab-science.com\/fr\/masivet\/a-propos-de-masivet\/","url":"https:\/\/www.ab-science.com\/fr\/masivet\/a-propos-de-masivet\/","name":"Masivet \u2013 M\u00e9dicament ciblant les tumeurs \u00e0 mastocytes chez les chiens","isPartOf":{"@id":"https:\/\/www.ab-science.com\/fr\/#website"},"datePublished":"2020-10-01T11:34:41+00:00","dateModified":"2023-11-22T13:13:43+00:00","description":"Masivet\u00ae est un m\u00e9dicament efficace, ciblant les voies biologiques cl\u00e9s cruciales pour le d\u00e9veloppement et la croissance des tumeurs \u00e0 mastocytes chez les chiens.","breadcrumb":{"@id":"https:\/\/www.ab-science.com\/fr\/masivet\/a-propos-de-masivet\/#breadcrumb"},"inLanguage":"fr-FR","potentialAction":[{"@type":"ReadAction","target":["https:\/\/www.ab-science.com\/fr\/masivet\/a-propos-de-masivet\/"]}]},{"@type":"BreadcrumbList","@id":"https:\/\/www.ab-science.com\/fr\/masivet\/a-propos-de-masivet\/#breadcrumb","itemListElement":[{"@type":"ListItem","position":1,"name":"Accueil","item":"https:\/\/www.ab-science.com\/fr\/"},{"@type":"ListItem","position":2,"name":"Masivet\u00ae","item":"https:\/\/www.ab-science.com\/fr\/masivet\/"},{"@type":"ListItem","position":3,"name":"\u00c0 propos de Masivet\u00ae"}]},{"@type":"WebSite","@id":"https:\/\/www.ab-science.com\/fr\/#website","url":"https:\/\/www.ab-science.com\/fr\/","name":"AB Science","description":"Masitinib and AB8939 \u2013 Two compounds with breakthrough mechanism of action","publisher":{"@id":"https:\/\/www.ab-science.com\/fr\/#organization"},"potentialAction":[{"@type":"SearchAction","target":{"@type":"EntryPoint","urlTemplate":"https:\/\/www.ab-science.com\/fr\/?s={search_term_string}"},"query-input":{"@type":"PropertyValueSpecification","valueRequired":true,"valueName":"search_term_string"}}],"inLanguage":"fr-FR"},{"@type":"Organization","@id":"https:\/\/www.ab-science.com\/fr\/#organization","name":"AB Science","url":"https:\/\/www.ab-science.com\/fr\/","logo":{"@type":"ImageObject","inLanguage":"fr-FR","@id":"https:\/\/www.ab-science.com\/fr\/#\/schema\/logo\/image\/","url":"https:\/\/www.ab-science.com\/wp-content\/uploads\/2020\/11\/logo_ab-science-wh120.png","contentUrl":"https:\/\/www.ab-science.com\/wp-content\/uploads\/2020\/11\/logo_ab-science-wh120.png","width":120,"height":120,"caption":"AB Science"},"image":{"@id":"https:\/\/www.ab-science.com\/fr\/#\/schema\/logo\/image\/"},"sameAs":["https:\/\/www.linkedin.com\/company\/ab-science\/"]}]}},"_links":{"self":[{"href":"https:\/\/www.ab-science.com\/fr\/wp-json\/wp\/v2\/pages\/3302","targetHints":{"allow":["GET"]}}],"collection":[{"href":"https:\/\/www.ab-science.com\/fr\/wp-json\/wp\/v2\/pages"}],"about":[{"href":"https:\/\/www.ab-science.com\/fr\/wp-json\/wp\/v2\/types\/page"}],"author":[{"embeddable":true,"href":"https:\/\/www.ab-science.com\/fr\/wp-json\/wp\/v2\/users\/1"}],"replies":[{"embeddable":true,"href":"https:\/\/www.ab-science.com\/fr\/wp-json\/wp\/v2\/comments?post=3302"}],"version-history":[{"count":0,"href":"https:\/\/www.ab-science.com\/fr\/wp-json\/wp\/v2\/pages\/3302\/revisions"}],"up":[{"embeddable":true,"href":"https:\/\/www.ab-science.com\/fr\/wp-json\/wp\/v2\/pages\/3645"}],"wp:attachment":[{"href":"https:\/\/www.ab-science.com\/fr\/wp-json\/wp\/v2\/media?parent=3302"}],"curies":[{"name":"wp","href":"https:\/\/api.w.org\/{rel}","templated":true}]}}